{"id":19791,"date":"2025-01-16T08:15:35","date_gmt":"2025-01-16T07:15:35","guid":{"rendered":"http:\/\/ksiegarnia-akademicka.pl\/?post_type=product&#038;p=19791"},"modified":"2025-01-16T08:15:35","modified_gmt":"2025-01-16T07:15:35","slug":"anarchia-panstwo-i-utopia","status":"publish","type":"product","link":"https:\/\/ksiegarnia-akademicka.pl\/index.php\/product\/anarchia-panstwo-i-utopia\/","title":{"rendered":"Anarchia, pa\u0144stwo i utopia"},"content":{"rendered":"<div class=\"grupa osoby\"><span class=\"meta-head\">Autor:<\/span><\/p>\n<ul>\n<li class=\"meta-value\">Robert Nozick<\/li>\n<\/ul>\n<\/div>\n<div class=\"grupa osoby\"><span class=\"meta-head-blue\">T\u0142umacze:<\/span>\u00a0<span class=\"meta-value\">Maciejko Pawe\u0142, Szczubia\u0142ka Micha\u0142<\/span><\/div>\n<div class=\"grupa wydawca\"><span class=\"meta-head\">Wydawca:<\/span>\u00a0Aletheia<\/div>\n<div class=\"grupa dane\">\n<div>Oprawa:\u00a0<span class=\"meta-value-bold\">Mi\u0119kka<\/span><\/div>\n<div>Format:\u00a0<span class=\"meta-value-bold\">14.5&#215;20.5cm<\/span><\/div>\n<div>Liczba stron:\u00a0<span class=\"meta-value-bold\">536<\/span><\/div>\n<div>Wydanie:\u00a0<span class=\"meta-value-bold\">1<\/span><\/div>\n<div>Rok wydania:\u00a0<span class=\"meta-value-bold\">2025<\/span><\/div>\n<div>J\u0119zyk wydania:\u00a0<span class=\"meta-value-bold\">polski<\/span><\/div>\n<\/div>\n<div><\/div>\n<div>Robert Nozick (1938\u20132002) nale\u017ca\u0142 do najbardziej znanych ameryka\u0144skich filozof\u00f3w polityki, chocia\u017c wczesne dzie\u0142o &#8222;Anarchia, pa\u0144stwo i utopia&#8221; (1974) by\u0142o praktycznie jego jedyn\u0105 publikacj\u0105 w tej dziedzinie. P\u00f3\u017aniej, jako profesor Harvardu, zajmowa\u0142 si\u0119 epistemologi\u0105 i teori\u0105 racjonalno\u015bci. W &#8222;Anarchii\u2026&#8221; zarysowuje z pozycji libertarianizmu swoje rozumienie i uzasadnienie pa\u0144stwa. Locke, Kant i Rawls to g\u0142\u00f3wne postacie z dziej\u00f3w filozofii politycznej, do kt\u00f3rych nawi\u0105zuje, a z Rawlsem spiera si\u0119 o rozumienie sprawiedliwo\u015bci. S\u0142ynna sta\u0142a si\u0119 stworzona przez Nozicka i przedstawiona w tym tomie teoria \u201epa\u0144stwa minimalnego\u201d, ograniczonego do bardzo specjalnych, ochronnych funkcji. Wszelkie \u201ewi\u0119ksze\u201d pa\u0144stwo wykracza ju\u017c poza naturaln\u0105 zasadno\u015b\u0107. W\u0142asno\u015b\u0107 pozyskana dzi\u0119ki \u201ewolnej wymianie\u201d jest sprawiedliwa, nawet je\u015bli prowadzi do nier\u00f3wno\u015bci spo\u0142ecznych. Te idee oraz \u017cywy j\u0119zyk i \u017cywa my\u015bl, za pomoc\u0105 kt\u00f3rych zosta\u0142y przedstawione, zyska\u0142y sobie uznanie w\u015br\u00f3d neokonserwatywnych przeciwnik\u00f3w \u201epa\u0144stwa opieku\u0144czego\u201d, chocia\u017c Nozickowi, w przeciwie\u0144stwie do Rawlsa, obce by\u0142y konserwatywne koncepcje moralnych podwalin pa\u0144stwa liberalnego. Jego ksi\u0105\u017cka jest mimo zmiennych m\u00f3d politycznych nadal atrakcyjna intelektualnie i stopniowo staje si\u0119 klasyk\u0105 nie mniej ni\u017c traktaty Locke&#8217;a. \u201eTimes Literary Supplement\u201d umie\u015bci\u0142 j\u0105 na li\u015bcie stu najbardziej wp\u0142ywowych ksi\u0105\u017cek XX wieku.<\/div>\n","protected":false},"excerpt":{"rendered":"<p>Autor: Robert Nozick T\u0142umacze:\u00a0Maciejko Pawe\u0142, Szczubia\u0142ka Micha\u0142 Wydawca:\u00a0Aletheia Oprawa:\u00a0Mi\u0119kka Format:\u00a014.5&#215;20.5cm [&hellip;]<\/p>\n","protected":false},"featured_media":19792,"template":"","meta":[],"product_brand":[],"product_cat":[27,7530,7507],"product_tag":[4181,495],"class_list":{"0":"post-19791","1":"product","2":"type-product","3":"status-publish","4":"has-post-thumbnail","6":"product_cat-nauki-spoleczne","7":"product_cat-nowosci","8":"product_cat-politologia","9":"product_tag-filozofia-polityczna","10":"product_tag-polityka","12":"first","13":"instock","14":"sale","15":"shipping-taxable","16":"purchasable","17":"product-type-simple"},"_links":{"self":[{"href":"https:\/\/ksiegarnia-akademicka.pl\/index.php\/wp-json\/wp\/v2\/product\/19791","targetHints":{"allow":["GET"]}}],"collection":[{"href":"https:\/\/ksiegarnia-akademicka.pl\/index.php\/wp-json\/wp\/v2\/product"}],"about":[{"href":"https:\/\/ksiegarnia-akademicka.pl\/index.php\/wp-json\/wp\/v2\/types\/product"}],"wp:featuredmedia":[{"embeddable":true,"href":"https:\/\/ksiegarnia-akademicka.pl\/index.php\/wp-json\/wp\/v2\/media\/19792"}],"wp:attachment":[{"href":"https:\/\/ksiegarnia-akademicka.pl\/index.php\/wp-json\/wp\/v2\/media?parent=19791"}],"wp:term":[{"taxonomy":"product_brand","embeddable":true,"href":"https:\/\/ksiegarnia-akademicka.pl\/index.php\/wp-json\/wp\/v2\/product_brand?post=19791"},{"taxonomy":"product_cat","embeddable":true,"href":"https:\/\/ksiegarnia-akademicka.pl\/index.php\/wp-json\/wp\/v2\/product_cat?post=19791"},{"taxonomy":"product_tag","embeddable":true,"href":"https:\/\/ksiegarnia-akademicka.pl\/index.php\/wp-json\/wp\/v2\/product_tag?post=19791"}],"curies":[{"name":"wp","href":"https:\/\/api.w.org\/{rel}","templated":true}]}}