{"id":19787,"date":"2025-01-15T13:27:36","date_gmt":"2025-01-15T12:27:36","guid":{"rendered":"http:\/\/ksiegarnia-akademicka.pl\/?post_type=product&#038;p=19787"},"modified":"2025-01-15T13:27:37","modified_gmt":"2025-01-15T12:27:37","slug":"kinezyterapia-w-praktyce-fizjoterapeuty-2","status":"publish","type":"product","link":"https:\/\/ksiegarnia-akademicka.pl\/index.php\/product\/kinezyterapia-w-praktyce-fizjoterapeuty-2\/","title":{"rendered":"Kinezyterapia w praktyce fizjoterapeuty"},"content":{"rendered":"<div class=\"grupa osoby\"><span class=\"meta-head\">Autor:<\/span><\/p>\n<ul>\n<li class=\"meta-value\">\u017banna Fiodorenko-Dumas<\/li>\n<\/ul>\n<\/div>\n<div class=\"grupa wydawca\"><span class=\"meta-head\">Wydawca:<\/span>\u00a0G\u00f3rnicki<\/div>\n<div class=\"grupa dane\">\n<div>Oprawa:\u00a0<span class=\"meta-value-bold\">Mi\u0119kka<\/span><\/div>\n<div>Format:\u00a0<span class=\"meta-value-bold\">20.5&#215;29.0cm<\/span><\/div>\n<div>Liczba stron:\u00a0<span class=\"meta-value-bold\">138<\/span><\/div>\n<div>Rok wydania:\u00a0<span class=\"meta-value-bold\">2021<\/span><\/div>\n<div>J\u0119zyk wydania:\u00a0<span class=\"meta-value-bold\">polski<\/span><\/div>\n<\/div>\n<div><\/div>\n<div>Kinezyterapia w praktyce fizjoterapeuty to podr\u0119cznik dla student\u00f3w stanowi\u0105cy kompendium praktycznej wiedzy z zakresu kinezyterapii. Sk\u0142ada si\u0119 z czterech rozdzia\u0142\u00f3w, przedstawiaj\u0105cych zasady przeprowadzania badania przedmiotowego na potrzeby kinezyterapii, systematyk\u0119 i charakterystyk\u0119 \u0107wicze\u0144 dzia\u0142aj\u0105cych zar\u00f3wno miejscowo, jak i og\u00f3lnie oraz ca\u0142y proces pionizacji a\u017c do nauki chodu. Zalet\u0105 ksi\u0105\u017cki jest czytelny uk\u0142ad tre\u015bci i bogaty materia\u0142 ilustracyjny.<\/p>\n<p>Odbiorcy: studenci uczelni medycznych.<\/p><\/div>\n","protected":false},"excerpt":{"rendered":"<p>Autor: \u017banna Fiodorenko-Dumas Wydawca:\u00a0G\u00f3rnicki Oprawa:\u00a0Mi\u0119kka Format:\u00a020.5&#215;29.0cm Liczba stron:\u00a0138 Rok wydania:\u00a02021 [&hellip;]<\/p>\n","protected":false},"featured_media":19788,"template":"","meta":[],"product_brand":[],"product_cat":[8277,7493],"product_tag":[6346],"class_list":{"0":"post-19787","1":"product","2":"type-product","3":"status-publish","4":"has-post-thumbnail","6":"product_cat-fizjoterapia","7":"product_cat-medycyna","8":"product_tag-kinezyterapia","10":"first","11":"instock","12":"sale","13":"shipping-taxable","14":"purchasable","15":"product-type-simple"},"_links":{"self":[{"href":"https:\/\/ksiegarnia-akademicka.pl\/index.php\/wp-json\/wp\/v2\/product\/19787","targetHints":{"allow":["GET"]}}],"collection":[{"href":"https:\/\/ksiegarnia-akademicka.pl\/index.php\/wp-json\/wp\/v2\/product"}],"about":[{"href":"https:\/\/ksiegarnia-akademicka.pl\/index.php\/wp-json\/wp\/v2\/types\/product"}],"wp:featuredmedia":[{"embeddable":true,"href":"https:\/\/ksiegarnia-akademicka.pl\/index.php\/wp-json\/wp\/v2\/media\/19788"}],"wp:attachment":[{"href":"https:\/\/ksiegarnia-akademicka.pl\/index.php\/wp-json\/wp\/v2\/media?parent=19787"}],"wp:term":[{"taxonomy":"product_brand","embeddable":true,"href":"https:\/\/ksiegarnia-akademicka.pl\/index.php\/wp-json\/wp\/v2\/product_brand?post=19787"},{"taxonomy":"product_cat","embeddable":true,"href":"https:\/\/ksiegarnia-akademicka.pl\/index.php\/wp-json\/wp\/v2\/product_cat?post=19787"},{"taxonomy":"product_tag","embeddable":true,"href":"https:\/\/ksiegarnia-akademicka.pl\/index.php\/wp-json\/wp\/v2\/product_tag?post=19787"}],"curies":[{"name":"wp","href":"https:\/\/api.w.org\/{rel}","templated":true}]}}