{"id":19783,"date":"2025-01-15T09:18:23","date_gmt":"2025-01-15T08:18:23","guid":{"rendered":"http:\/\/ksiegarnia-akademicka.pl\/?post_type=product&#038;p=19783"},"modified":"2025-01-15T09:18:24","modified_gmt":"2025-01-15T08:18:24","slug":"ultrasonografia-3d-w-diagnostyce-prenatalnej","status":"publish","type":"product","link":"https:\/\/ksiegarnia-akademicka.pl\/index.php\/product\/ultrasonografia-3d-w-diagnostyce-prenatalnej\/","title":{"rendered":"Ultrasonografia 3D w diagnostyce prenatalnej"},"content":{"rendered":"<p>R. Chaoui<br \/>\nred. E. Janowska, K. Bielasik<\/p>\n<p>Wydawnictwo: Edra Urban<br \/>\nIlo\u015b\u0107 stron: 358<br \/>\nrok wydania: 2025<br \/>\nformat: 165 x 235<br \/>\noprawa twarda<\/p>\n<p>Zaawansowane techniki ultrasonografii, w tym obrazowanie tr\u00f3jwymiarowe, s\u0105 nieod\u0142\u0105czn\u0105 cz\u0119\u015bci\u0105 nowoczesnej diagnostyki prenatalnej.\u00a0 Cho\u0107 pi\u0119kno uzyskiwanych obraz\u00f3w niejednokrotnie staje si\u0119 form\u0105 sztuki, to istot\u0119 bada\u0144 stanowi ich niew\u0105tpliwa i doskonale udokumentowana przydatno\u015b\u0107 kliniczna.<\/p>\n<p>Z tym wi\u0119ksz\u0105 przyjemno\u015bci\u0105 prezentujemy Pa\u0144stwu polski przek\u0142ad znakomitego podr\u0119cznika ultrasonografii tr\u00f3jwymiarowej.\u00a0 Tre\u015b\u0107 drugiej edycji ksi\u0105\u017cki zosta\u0142a wzbogacona o najnowsze osi\u0105gni\u0119cia w tej dziedzinie. Unikalna na rynku pozycja jest nie tylko atlasem obraz\u00f3w prawid\u0142owych oraz wad p\u0142odu, ale r\u00f3wnie\u017c zwi\u0119z\u0142ym i przyst\u0119pnie napisanym przewodnikiem ultrasonografii 3D, stanowi\u0105c nieocenion\u0105 pomoc w nauce i rozwijaniu umiej\u0119tno\u015bci w tym zakresie.<\/p>\n<p>Autorzy ksi\u0105\u017cki, b\u0119d\u0105cy \u015bwiatowej klasy ekspertami oraz znakomitymi dydaktykami czyni\u0105 pozycj\u0119 obowi\u0105zkow\u0105 w\u00a0 bibliotece lekarzy zwi\u0105zanych z diagnostyk\u0105\u00a0 prenataln\u0105, opiek\u0105 nad ci\u0119\u017carn\u0105 i p\u0142odem czy nowoczesn\u0105 diagnostyk\u0105 obrazow\u0105.<\/p>\n<p>Lek. Ewa Janowska<\/p>\n<p>Dr n. med. Karol Bielasik<\/p>\n","protected":false},"excerpt":{"rendered":"<p>R. Chaoui red. E. Janowska, K. Bielasik Wydawnictwo: Edra Urban [&hellip;]<\/p>\n","protected":false},"featured_media":19785,"template":"","meta":[],"product_brand":[],"product_cat":[7493,7530,8031],"product_tag":[6982],"class_list":{"0":"post-19783","1":"product","2":"type-product","3":"status-publish","4":"has-post-thumbnail","6":"product_cat-medycyna","7":"product_cat-nowosci","8":"product_cat-poloznictwo-ginekologia","9":"product_tag-diagnostyka-prenatalna","11":"first","12":"instock","13":"sale","14":"shipping-taxable","15":"purchasable","16":"product-type-simple"},"_links":{"self":[{"href":"https:\/\/ksiegarnia-akademicka.pl\/index.php\/wp-json\/wp\/v2\/product\/19783","targetHints":{"allow":["GET"]}}],"collection":[{"href":"https:\/\/ksiegarnia-akademicka.pl\/index.php\/wp-json\/wp\/v2\/product"}],"about":[{"href":"https:\/\/ksiegarnia-akademicka.pl\/index.php\/wp-json\/wp\/v2\/types\/product"}],"wp:featuredmedia":[{"embeddable":true,"href":"https:\/\/ksiegarnia-akademicka.pl\/index.php\/wp-json\/wp\/v2\/media\/19785"}],"wp:attachment":[{"href":"https:\/\/ksiegarnia-akademicka.pl\/index.php\/wp-json\/wp\/v2\/media?parent=19783"}],"wp:term":[{"taxonomy":"product_brand","embeddable":true,"href":"https:\/\/ksiegarnia-akademicka.pl\/index.php\/wp-json\/wp\/v2\/product_brand?post=19783"},{"taxonomy":"product_cat","embeddable":true,"href":"https:\/\/ksiegarnia-akademicka.pl\/index.php\/wp-json\/wp\/v2\/product_cat?post=19783"},{"taxonomy":"product_tag","embeddable":true,"href":"https:\/\/ksiegarnia-akademicka.pl\/index.php\/wp-json\/wp\/v2\/product_tag?post=19783"}],"curies":[{"name":"wp","href":"https:\/\/api.w.org\/{rel}","templated":true}]}}