{"id":19762,"date":"2025-01-14T09:13:20","date_gmt":"2025-01-14T08:13:20","guid":{"rendered":"http:\/\/ksiegarnia-akademicka.pl\/?post_type=product&#038;p=19762"},"modified":"2025-01-14T09:13:21","modified_gmt":"2025-01-14T08:13:21","slug":"atlas-obrazowy-podologii-i-podiatrii-diagnostyka-leczenie-profilaktyka-2","status":"publish","type":"product","link":"https:\/\/ksiegarnia-akademicka.pl\/index.php\/product\/atlas-obrazowy-podologii-i-podiatrii-diagnostyka-leczenie-profilaktyka-2\/","title":{"rendered":"Atlas obrazowy podologii i podiatrii Diagnostyka, leczenie, profilaktyka"},"content":{"rendered":"<div class=\"grupa osoby\"><span class=\"meta-head\">Autor:<\/span><\/p>\n<ul>\n<li class=\"meta-value\">F. Bittig<\/li>\n<\/ul>\n<\/div>\n<div class=\"grupa osoby\"><span class=\"meta-head-blue\">Redakcja:<\/span>\u00a0<span class=\"meta-value\">Fali\u0144ska E.<\/span><\/div>\n<div class=\"grupa osoby\"><span class=\"meta-head-blue\">T\u0142umacze:<\/span>\u00a0<span class=\"meta-value\">EDRA<\/span><\/div>\n<div class=\"grupa osoby\"><span class=\"meta-head-blue\">Ilustracje:<\/span>\u00a0<span class=\"meta-value\">Urban &amp; Partner sp. z o.o.<\/span><\/div>\n<div class=\"grupa wydawca\"><span class=\"meta-head\">Wydawca:<\/span>\u00a0Edra Urban &amp; Partner<\/div>\n<div class=\"grupa dane\">\n<div>Oprawa:\u00a0<span class=\"meta-value-bold\">Mi\u0119kka<\/span><\/div>\n<div>Format:\u00a0<span class=\"meta-value-bold\">22.0&#215;28.0cm<\/span><\/div>\n<div>Liczba stron:\u00a0<span class=\"meta-value-bold\">195<\/span><\/div>\n<div>Rok wydania:\u00a0<span class=\"meta-value-bold\">2024<\/span><\/div>\n<div>J\u0119zyk wydania:\u00a0<span class=\"meta-value-bold\">polski<\/span><\/div>\n<\/div>\n<div><\/div>\n<div>\n<div>W publikacji:<\/div>\n<div>\u2022 obrazy przedstawiaj\u0105ce najcz\u0119stsze zmiany i choroby st\u00f3p<\/div>\n<div>\u2022 zdj\u0119cia przed i po leczeniu, pomagaj\u0105ce w prawid\u0142owym wykonaniu zabieg\u00f3w piel\u0119gnacyjnych st\u00f3p<\/div>\n<div>\u2022 mn\u00f3stwo praktycznych wskaz\u00f3wek<\/div>\n<div>\u2022 leczenie ran w zespole stopy cukrzycowej<\/div>\n<div>\u2022 deformacje st\u00f3p u dzieci<\/div>\n<div>\u2022 techniki pracy podologicznej<\/div>\n<div>\u2022 b\u0142\u0119dy w leczeniu.<\/p>\n<hr \/>\n<\/div>\n<div>Atlas obrazowy podologii i podiatrii. Diagnostyka, leczenie, profilaktyka stanowi cenne \u017ar\u00f3d\u0142o wiedzy zar\u00f3wno dla student\u00f3w, jak i praktykuj\u0105cych specjalist\u00f3w. Autor ksi\u0105\u017cki, uznany specjalista w dziedzinie piel\u0119gniarstwa, podologii i podiatrii, przedstawi\u0142 nie tylko dobrze znane techniki i metody leczenia, ale tak\u017ce swoje autorskie rozwi\u0105zania. W niniejszym atlasie znajd\u0105 Pa\u0144stwo szczeg\u00f3\u0142owe opisy oraz bogat\u0105 dokumentacj\u0119 fotograficzn\u0105 r\u00f3\u017cnych przypadk\u00f3w klinicznych. Podstaw\u0105 przedstawionych metod jest og\u00f3lna wiedza medyczna, kt\u00f3ra zosta\u0142a wzbogacona o praktyczne do\u015bwiadczenia autora.<\/div>\n<div>Jednym z element\u00f3w tej ksi\u0105\u017cki s\u0105 autorskie techniki stosowania opatrunk\u00f3w i preparat\u00f3w do dezynfekcji oraz piel\u0119gnacji. Autor po\u015bwi\u0119ci\u0142 wiele lat pracy, aby doskonali\u0107 te techniki, co znajduje odzwierciedlenie w przedstawionych w ksi\u0105\u017cce przyk\u0142adach.<\/div>\n<div>Jestem pewna, \u017ce stanie si\u0119 niezast\u0105pionym \u017ar\u00f3d\u0142em wiedzy dla wielu specjalist\u00f3w, przyczyni si\u0119 tak\u017ce do podniesienia standard\u00f3w opieki nad pacjentami i b\u0119dzie inspiracj\u0105 do dalszego rozwoju zawodowego.<\/div>\n<div><\/div>\n<div>Redaktor wydania polskiego<\/div>\n<div>Edyta Fali\u0144ska<\/div>\n<div>MSc Podiatry, MSHS, HCPC (UK), POMs<\/div>\n<\/div>\n","protected":false},"excerpt":{"rendered":"<p>Autor: F. Bittig Redakcja:\u00a0Fali\u0144ska E. T\u0142umacze:\u00a0EDRA Ilustracje:\u00a0Urban &amp; Partner sp. [&hellip;]<\/p>\n","protected":false},"featured_media":19763,"template":"","meta":[],"product_brand":[],"product_cat":[8302,7493],"product_tag":[8431,8335],"class_list":{"0":"post-19762","1":"product","2":"type-product","3":"status-publish","4":"has-post-thumbnail","6":"product_cat-inne-medycyna","7":"product_cat-medycyna","8":"product_tag-podiatria","9":"product_tag-podologia","11":"first","12":"instock","13":"sale","14":"shipping-taxable","15":"purchasable","16":"product-type-simple"},"_links":{"self":[{"href":"https:\/\/ksiegarnia-akademicka.pl\/index.php\/wp-json\/wp\/v2\/product\/19762","targetHints":{"allow":["GET"]}}],"collection":[{"href":"https:\/\/ksiegarnia-akademicka.pl\/index.php\/wp-json\/wp\/v2\/product"}],"about":[{"href":"https:\/\/ksiegarnia-akademicka.pl\/index.php\/wp-json\/wp\/v2\/types\/product"}],"wp:featuredmedia":[{"embeddable":true,"href":"https:\/\/ksiegarnia-akademicka.pl\/index.php\/wp-json\/wp\/v2\/media\/19763"}],"wp:attachment":[{"href":"https:\/\/ksiegarnia-akademicka.pl\/index.php\/wp-json\/wp\/v2\/media?parent=19762"}],"wp:term":[{"taxonomy":"product_brand","embeddable":true,"href":"https:\/\/ksiegarnia-akademicka.pl\/index.php\/wp-json\/wp\/v2\/product_brand?post=19762"},{"taxonomy":"product_cat","embeddable":true,"href":"https:\/\/ksiegarnia-akademicka.pl\/index.php\/wp-json\/wp\/v2\/product_cat?post=19762"},{"taxonomy":"product_tag","embeddable":true,"href":"https:\/\/ksiegarnia-akademicka.pl\/index.php\/wp-json\/wp\/v2\/product_tag?post=19762"}],"curies":[{"name":"wp","href":"https:\/\/api.w.org\/{rel}","templated":true}]}}