{"id":19750,"date":"2025-01-14T08:49:23","date_gmt":"2025-01-14T07:49:23","guid":{"rendered":"http:\/\/ksiegarnia-akademicka.pl\/?post_type=product&#038;p=19750"},"modified":"2025-01-14T08:49:23","modified_gmt":"2025-01-14T07:49:23","slug":"wyklady-z-teorii-wzrostu-gospodarczego-tom-1","status":"publish","type":"product","link":"https:\/\/ksiegarnia-akademicka.pl\/index.php\/product\/wyklady-z-teorii-wzrostu-gospodarczego-tom-1\/","title":{"rendered":"Wyk\u0142ady z teorii wzrostu gospodarczego Tom 1"},"content":{"rendered":"<div class=\"grupa osoby\"><span class=\"meta-head-blue\">Redakcja:<\/span>\u00a0<span class=\"meta-value\">Filipowicz Katarzyna<\/span><\/div>\n<div class=\"grupa wydawca\"><span class=\"meta-head\">Wydawca:<\/span>\u00a0Wydawnictwo Uniwersytetu Jagiello\u0144skiego<\/div>\n<div class=\"grupa dane\">\n<div>Oprawa:\u00a0<span class=\"meta-value-bold\">Mi\u0119kka<\/span><\/div>\n<div>Format:\u00a0<span class=\"meta-value-bold\">15.5&#215;23.5cm<\/span><\/div>\n<div>Liczba stron:\u00a0<span class=\"meta-value-bold\">718<\/span><\/div>\n<div>Rok wydania:\u00a0<span class=\"meta-value-bold\">2024<\/span><\/div>\n<div>J\u0119zyk wydania:\u00a0<span class=\"meta-value-bold\">polski<\/span><\/div>\n<\/div>\n<div><\/div>\n<div>Monografia stanowi istotne wsparcie dla nowoczesnych metod w nauczaniu makroekonomii na poziomie zaawansowanym, ekonomii matematycznej czy teorii wzrostu gospodarczego. Mo\u017ce by\u0107 tak\u017ce przyczynkiem do wskazania mo\u017cliwo\u015bci zastosowania teorii r\u00f3wna\u0144 r\u00f3\u017cniczkowych do opisu zjawisk ekonomicznych. Warto\u015bci\u0105 dodan\u0105 publikacji jest w\u0142\u0105czenie do ka\u017cdego rozdzia\u0142u sporej liczby zada\u0144 przeznaczonych do samodzielnego rozwi\u0105zania oraz pyta\u0144 testu wielokrotnego wyboru wraz ze szczeg\u00f3\u0142owymi odpowiedziami. Potencjalnymi odbiorcami ksi\u0105\u017cki s\u0105 studenci i doktoranci nauk ekonomicznych i \u015bcis\u0142ych, kadra naukowa oraz wszystkie osoby zainteresowane zastosowaniem matematyki do opisu proces\u00f3w wzrostu gospodarczego. Z recenzji dr hab. Iwony \u015awieczewskiej Katarzyna Filipowicz \u2013 doktor nauk ekonomicznych, adiunkt w Katedrze Ekonomii Matematycznej Uniwersytetu Jagiello\u0144skiego Adam Krawiec \u2013 doktor habilitowany nauk ekonomicznych (prof. UJ), profesor nadzwyczajny w Katedrze Ekonomii Matematycznej Uniwersytetu Jagiello\u0144skiego Tomasz Tokarski \u2013 profesor nauk ekonomicznych, kierownik Katedry Ekonomii Matematycznej Uniwersytetu Jagiello\u0144skiego<\/div>\n","protected":false},"excerpt":{"rendered":"<p>Redakcja:\u00a0Filipowicz Katarzyna Wydawca:\u00a0Wydawnictwo Uniwersytetu Jagiello\u0144skiego Oprawa:\u00a0Mi\u0119kka Format:\u00a015.5&#215;23.5cm Liczba stron:\u00a0718 Rok [&hellip;]<\/p>\n","protected":false},"featured_media":19751,"template":"","meta":[],"product_brand":[],"product_cat":[17,7499,7530],"product_tag":[337,378],"class_list":{"0":"post-19750","1":"product","2":"type-product","3":"status-publish","4":"has-post-thumbnail","6":"product_cat-ekonomia","7":"product_cat-makro-i-mikroekonomia","8":"product_cat-nowosci","9":"product_tag-ekonomia","10":"product_tag-wzrost-gospodarczy","12":"first","13":"instock","14":"sale","15":"shipping-taxable","16":"purchasable","17":"product-type-simple"},"_links":{"self":[{"href":"https:\/\/ksiegarnia-akademicka.pl\/index.php\/wp-json\/wp\/v2\/product\/19750","targetHints":{"allow":["GET"]}}],"collection":[{"href":"https:\/\/ksiegarnia-akademicka.pl\/index.php\/wp-json\/wp\/v2\/product"}],"about":[{"href":"https:\/\/ksiegarnia-akademicka.pl\/index.php\/wp-json\/wp\/v2\/types\/product"}],"wp:featuredmedia":[{"embeddable":true,"href":"https:\/\/ksiegarnia-akademicka.pl\/index.php\/wp-json\/wp\/v2\/media\/19751"}],"wp:attachment":[{"href":"https:\/\/ksiegarnia-akademicka.pl\/index.php\/wp-json\/wp\/v2\/media?parent=19750"}],"wp:term":[{"taxonomy":"product_brand","embeddable":true,"href":"https:\/\/ksiegarnia-akademicka.pl\/index.php\/wp-json\/wp\/v2\/product_brand?post=19750"},{"taxonomy":"product_cat","embeddable":true,"href":"https:\/\/ksiegarnia-akademicka.pl\/index.php\/wp-json\/wp\/v2\/product_cat?post=19750"},{"taxonomy":"product_tag","embeddable":true,"href":"https:\/\/ksiegarnia-akademicka.pl\/index.php\/wp-json\/wp\/v2\/product_tag?post=19750"}],"curies":[{"name":"wp","href":"https:\/\/api.w.org\/{rel}","templated":true}]}}