{"id":19720,"date":"2025-01-13T08:26:32","date_gmt":"2025-01-13T07:26:32","guid":{"rendered":"http:\/\/ksiegarnia-akademicka.pl\/?post_type=product&#038;p=19720"},"modified":"2025-01-13T08:26:32","modified_gmt":"2025-01-13T07:26:32","slug":"rachunek-kosztow-logistyki-mikro-malych-i-srednich-przedsiebiorstw","status":"publish","type":"product","link":"https:\/\/ksiegarnia-akademicka.pl\/index.php\/product\/rachunek-kosztow-logistyki-mikro-malych-i-srednich-przedsiebiorstw\/","title":{"rendered":"Rachunek koszt\u00f3w logistyki mikro-, ma\u0142ych i \u015brednich przedsi\u0119biorstw"},"content":{"rendered":"<div class=\"grupa osoby\"><span class=\"meta-head\">Autor:<\/span><\/p>\n<ul>\n<li class=\"meta-value\">Robert Kowalak<\/li>\n<li class=\"meta-value\">Micha\u0142 Biernacki<\/li>\n<\/ul>\n<\/div>\n<div class=\"grupa wydawca\"><span class=\"meta-head\">Wydawca:<\/span>\u00a0CeDeWu<\/div>\n<div class=\"grupa dane\">\n<div>Oprawa:\u00a0<span class=\"meta-value-bold\">Mi\u0119kka<\/span><\/div>\n<div>Format:\u00a0<span class=\"meta-value-bold\">16.5&#215;23.5cm<\/span><\/div>\n<div>Liczba stron:\u00a0<span class=\"meta-value-bold\">150<\/span><\/div>\n<div>Rok wydania:\u00a0<span class=\"meta-value-bold\">2024<\/span><\/div>\n<div>J\u0119zyk wydania:\u00a0<span class=\"meta-value-bold\">polski<\/span><\/div>\n<\/div>\n<div><\/div>\n<div>Problematyka poruszona w opracowaniu wzbogaca bibliografi\u0119 z zakresu zarz\u0105dzania kosztami logistyki, logistyki operacyjnej oraz zarz\u0105dczej. Przedstawione zagadnienia s\u0105 opracowane tak, by trafi \u0107 zar\u00f3wno do os\u00f3b oczekuj\u0105cych wiedzy w zakresie podstawowym, jak i odbiorc\u00f3w potrzebuj\u0105cych wyja\u015bnie\u0144 zaawansowanych zagadnie\u0144 logistyki zarz\u0105dczej. Tre\u015bci zwi\u0105zane z kosztami logistyki s\u0105 ukierunkowane na sektor mikro-, ma\u0142ych i \u015brednich przedsi\u0119biorstw (MM\u015aP).<br \/>\nAutorom uda\u0142o si\u0119 skutecznie po\u0142\u0105czy\u0107 problematyk\u0119 zwi\u0105zan\u0105 z kosztami logistyki, narz\u0119dziami analizy koszt\u00f3w oraz zarz\u0105dzaniem procesami logistycznymi. Monografia tworzy sp\u00f3jn\u0105 kompozycj\u0119 przedstawiaj\u0105c\u0105 teoretyczne i praktyczne aspekty zarz\u0105dzania kosztami logistyki w sektorze MM\u015aP.<\/p>\n<p>Zawarto w niej nast\u0119puj\u0105ce zagadnienia:<br \/>\n\u2022 klasyfikacja koszt\u00f3w w logistyce operacyjnej i zarz\u0105dczej,<br \/>\n\u2022 elementy systemu zarz\u0105dzania kosztami logistyki,<br \/>\n\u2022 zastosowanie nowoczesnych narz\u0119dzi analizy koszt\u00f3w w logistyce mikro-, ma\u0142ych i \u015brednich przedsi\u0119biorstw,<br \/>\n\u2022 wykorzystanie sztucznej inteligencji w logistyce sektora MM\u015aP.<\/p>\n<p>Monografia skierowana jest do mened\u017cer\u00f3w ds. logistyki, student\u00f3w studi\u00f3w ekonomicznych i logistycznych, s\u0142uchaczy studi\u00f3w podyplomowych oraz innych os\u00f3b zainteresowanych problematyk\u0105 zarz\u0105dzania kosztami logistyki.<\/p><\/div>\n","protected":false},"excerpt":{"rendered":"<p>Autor: Robert Kowalak Micha\u0142 Biernacki Wydawca:\u00a0CeDeWu Oprawa:\u00a0Mi\u0119kka Format:\u00a016.5&#215;23.5cm Liczba stron:\u00a0150 [&hellip;]<\/p>\n","protected":false},"featured_media":19721,"template":"","meta":[],"product_brand":[],"product_cat":[7516,7517,7530,31],"product_tag":[502,1221],"class_list":{"0":"post-19720","1":"product","2":"type-product","3":"status-publish","4":"has-post-thumbnail","6":"product_cat-finanse-przedsiebiorstwa","7":"product_cat-logistyka","8":"product_cat-nowosci","9":"product_cat-przedsiebiorstwo","10":"product_tag-logistyka","11":"product_tag-rachunek-kosztow","13":"first","14":"instock","15":"sale","16":"shipping-taxable","17":"purchasable","18":"product-type-simple"},"_links":{"self":[{"href":"https:\/\/ksiegarnia-akademicka.pl\/index.php\/wp-json\/wp\/v2\/product\/19720","targetHints":{"allow":["GET"]}}],"collection":[{"href":"https:\/\/ksiegarnia-akademicka.pl\/index.php\/wp-json\/wp\/v2\/product"}],"about":[{"href":"https:\/\/ksiegarnia-akademicka.pl\/index.php\/wp-json\/wp\/v2\/types\/product"}],"wp:featuredmedia":[{"embeddable":true,"href":"https:\/\/ksiegarnia-akademicka.pl\/index.php\/wp-json\/wp\/v2\/media\/19721"}],"wp:attachment":[{"href":"https:\/\/ksiegarnia-akademicka.pl\/index.php\/wp-json\/wp\/v2\/media?parent=19720"}],"wp:term":[{"taxonomy":"product_brand","embeddable":true,"href":"https:\/\/ksiegarnia-akademicka.pl\/index.php\/wp-json\/wp\/v2\/product_brand?post=19720"},{"taxonomy":"product_cat","embeddable":true,"href":"https:\/\/ksiegarnia-akademicka.pl\/index.php\/wp-json\/wp\/v2\/product_cat?post=19720"},{"taxonomy":"product_tag","embeddable":true,"href":"https:\/\/ksiegarnia-akademicka.pl\/index.php\/wp-json\/wp\/v2\/product_tag?post=19720"}],"curies":[{"name":"wp","href":"https:\/\/api.w.org\/{rel}","templated":true}]}}