{"id":19665,"date":"2025-01-07T09:47:17","date_gmt":"2025-01-07T08:47:17","guid":{"rendered":"http:\/\/ksiegarnia-akademicka.pl\/?post_type=product&#038;p=19665"},"modified":"2025-01-07T09:47:19","modified_gmt":"2025-01-07T08:47:19","slug":"wojna-informacyjna-federacji-rosyjskiej-przeciwko-ukrainie-polsce-i-nato","status":"publish","type":"product","link":"https:\/\/ksiegarnia-akademicka.pl\/index.php\/product\/wojna-informacyjna-federacji-rosyjskiej-przeciwko-ukrainie-polsce-i-nato\/","title":{"rendered":"Wojna informacyjna Federacji Rosyjskiej przeciwko Ukrainie, Polsce i NATO"},"content":{"rendered":"<div class=\"grupa osoby\"><span class=\"meta-head\">Autor:<\/span><\/p>\n<ul>\n<li class=\"meta-value\">Micha\u0142 Marek<\/li>\n<\/ul>\n<\/div>\n<div class=\"grupa wydawca\"><span class=\"meta-head\">Wydawca:<\/span>\u00a0Difin<\/div>\n<div class=\"grupa dane\">\n<div>Oprawa:\u00a0<span class=\"meta-value-bold\">Mi\u0119kka<\/span><\/div>\n<div>Liczba stron:\u00a0<span class=\"meta-value-bold\">178<\/span><\/div>\n<div>Rok wydania:\u00a0<span class=\"meta-value-bold\">2025<\/span><\/div>\n<div>J\u0119zyk wydania:\u00a0<span class=\"meta-value-bold\">polski<\/span><\/div>\n<\/div>\n<div><\/div>\n<div>Publikacja ukazuje kluczowe mechanizmy, tendencje, stosowane narz\u0119dzia oraz aktor\u00f3w rosyjskich dzia\u0142a\u0144 dezinformacyjnych kierowanych przeciwko Polsce, Ukrainie oraz NATO. Poprzez analiz\u0119 tych zjawisk odbiorca mo\u017ce uzyska\u0107 wiedz\u0119 ze wskazanego zakresu, co pozwoli mu na zrozumienie wsp\u00f3\u0142czesnych zagro\u017ce\u0144 informacyjnych. Ksi\u0105\u017cka jest przydatna zar\u00f3wno dla decydent\u00f3w, jak i ekspert\u00f3w zajmuj\u0105cych si\u0119 sfer\u0105 stosunk\u00f3w mi\u0119dzynarodowych i bezpiecze\u0144stwa, a tak\u017ce dla dziennikarzy oraz os\u00f3b na co dzie\u0144 niezajmuj\u0105cych si\u0119 zawodowo prac\u0105 na kierunku informacyjnym.<br \/>\nPatronat: Centrum Bada\u0144 Nad Wsp\u00f3\u0142czesnym \u015arodowiskiem Bezpiecze\u0144stwa, Defence24.<\/div>\n<div><\/div>\n","protected":false},"excerpt":{"rendered":"<p>Autor: Micha\u0142 Marek Wydawca:\u00a0Difin Oprawa:\u00a0Mi\u0119kka Liczba stron:\u00a0178 Rok wydania:\u00a02025 J\u0119zyk [&hellip;]<\/p>\n","protected":false},"featured_media":19666,"template":"","meta":[],"product_brand":[],"product_cat":[8250,7530],"product_tag":[2998,2516,8421],"class_list":{"0":"post-19665","1":"product","2":"type-product","3":"status-publish","4":"has-post-thumbnail","6":"product_cat-bezpieczenstwo-wewnetrzne","7":"product_cat-nowosci","8":"product_tag-federacja-rosyjska","9":"product_tag-nato","10":"product_tag-wojna-informacyjna","12":"first","13":"instock","14":"sale","15":"shipping-taxable","16":"purchasable","17":"product-type-simple"},"_links":{"self":[{"href":"https:\/\/ksiegarnia-akademicka.pl\/index.php\/wp-json\/wp\/v2\/product\/19665","targetHints":{"allow":["GET"]}}],"collection":[{"href":"https:\/\/ksiegarnia-akademicka.pl\/index.php\/wp-json\/wp\/v2\/product"}],"about":[{"href":"https:\/\/ksiegarnia-akademicka.pl\/index.php\/wp-json\/wp\/v2\/types\/product"}],"wp:featuredmedia":[{"embeddable":true,"href":"https:\/\/ksiegarnia-akademicka.pl\/index.php\/wp-json\/wp\/v2\/media\/19666"}],"wp:attachment":[{"href":"https:\/\/ksiegarnia-akademicka.pl\/index.php\/wp-json\/wp\/v2\/media?parent=19665"}],"wp:term":[{"taxonomy":"product_brand","embeddable":true,"href":"https:\/\/ksiegarnia-akademicka.pl\/index.php\/wp-json\/wp\/v2\/product_brand?post=19665"},{"taxonomy":"product_cat","embeddable":true,"href":"https:\/\/ksiegarnia-akademicka.pl\/index.php\/wp-json\/wp\/v2\/product_cat?post=19665"},{"taxonomy":"product_tag","embeddable":true,"href":"https:\/\/ksiegarnia-akademicka.pl\/index.php\/wp-json\/wp\/v2\/product_tag?post=19665"}],"curies":[{"name":"wp","href":"https:\/\/api.w.org\/{rel}","templated":true}]}}