{"id":19636,"date":"2025-01-03T09:10:39","date_gmt":"2025-01-03T08:10:39","guid":{"rendered":"http:\/\/ksiegarnia-akademicka.pl\/?post_type=product&#038;p=19636"},"modified":"2025-01-03T09:10:39","modified_gmt":"2025-01-03T08:10:39","slug":"psychologia-dla-zabieganych","status":"publish","type":"product","link":"https:\/\/ksiegarnia-akademicka.pl\/index.php\/product\/psychologia-dla-zabieganych\/","title":{"rendered":"Psychologia dla zabieganych"},"content":{"rendered":"<div class=\"grupa osoby\"><span class=\"meta-head\">Autor:<\/span><\/p>\n<ul>\n<li class=\"meta-value\">Jonny Thomson<\/li>\n<\/ul>\n<\/div>\n<div class=\"grupa wydawca\"><span class=\"meta-head\">Wydawca:<\/span>\u00a0Insignis Media<\/div>\n<div class=\"grupa dane\">\n<div>Oprawa:\u00a0<span class=\"meta-value-bold\">Twarda<\/span><\/div>\n<div>Format:\u00a0<span class=\"meta-value-bold\">12.2&#215;19.3cm<\/span><\/div>\n<div>Liczba stron:\u00a0<span class=\"meta-value-bold\">552<\/span><\/div>\n<div>Rok wydania:\u00a0<span class=\"meta-value-bold\">2024<\/span><\/div>\n<div>J\u0119zyk wydania:\u00a0<span class=\"meta-value-bold\">polski<\/span><\/div>\n<\/div>\n<div><\/div>\n<div>Nowo\u015b\u0107 w bestsellerowej serii \u201e\u2026dla zabieganych\u201d \u201eFilozofi\u0119 dla zabieganych\u201d pokocha\u0142y dziesi\u0105tki tysi\u0119cy polskich czytelnik\u00f3w &#8211; ta niesamowita ksi\u0105\u017cka bez reszty wci\u0105ga w wir rozmaitych koncepcji filozoficznych! \u201eWielkie idee dla zabieganych\u201d to pasjonuj\u0105ca kontynuacja tego bestsellera, a \u201ePsychologia dla zabieganych\u201d, kt\u00f3r\u0105 w\u0142a\u015bnie trzymasz w r\u0119kach, to najnowsza ksi\u0105\u017cka przebojowej serii Jonny\u2019ego Thomsona! * Dlaczego ludzie tkwi\u0105 w nieszcz\u0119\u015bliwych zwi\u0105zkach? Na czym polega sze\u015b\u0107 sztuczek skutecznej perswazji? Czy sk\u0142onno\u015bci przest\u0119pcze wynikaj\u0105 z cech osobowo\u015bciowych? Co go\u0142\u0119bie mog\u0105 nam powiedzie\u0107 o przes\u0105dach? * Ciekawi ci\u0119 dzia\u0142anie ludzkiego umys\u0142u? Chcesz si\u0119 dowiedzie\u0107, jak mechanizmy psychologiczne kszta\u0142tuj\u0105 nasze \u017cycie codzienne i relacje z innymi? Je\u015bli tak, to ksi\u0105\u017cka w\u0142a\u015bnie dla ciebie! Psychologia dla zabieganych przyst\u0119pnie i zwi\u0119\u017ale opowie ci o fascynuj\u0105cych tajemnicach ludzkiej psychiki. Jonny Thomson wyja\u015bnia abstrakcyjne teorie psychologiczne na przemawiaj\u0105cych do wyobra\u017ani przyk\u0142adach \u2013 wzi\u0119tych prosto z \u017cycia, cz\u0119sto humorystycznych. Dzi\u0119ki tej ksi\u0105\u017cce nie tylko dowiesz si\u0119, jak powstaj\u0105 wspomnienia oraz dlaczego niekt\u00f3rzy s\u0105 tak niech\u0119tni zmianom \u2013 sk\u0142oni ci\u0119 ona r\u00f3wnie\u017c do refleksji i pomo\u017ce w g\u0142\u0119bszym zrozumieniu w\u0142asnego \u017cycia wewn\u0119trznego.<\/div>\n","protected":false},"excerpt":{"rendered":"<p>Autor: Jonny Thomson Wydawca:\u00a0Insignis Media Oprawa:\u00a0Twarda Format:\u00a012.2&#215;19.3cm Liczba stron:\u00a0552 Rok [&hellip;]<\/p>\n","protected":false},"featured_media":19637,"template":"","meta":[],"product_brand":[],"product_cat":[27,7530,7509],"product_tag":[1186,8417],"class_list":{"0":"post-19636","1":"product","2":"type-product","3":"status-publish","4":"has-post-thumbnail","6":"product_cat-nauki-spoleczne","7":"product_cat-nowosci","8":"product_cat-psychologia","9":"product_tag-psychologia","10":"product_tag-seria-dla-zabieganych","12":"first","13":"instock","14":"sale","15":"shipping-taxable","16":"purchasable","17":"product-type-simple"},"_links":{"self":[{"href":"https:\/\/ksiegarnia-akademicka.pl\/index.php\/wp-json\/wp\/v2\/product\/19636","targetHints":{"allow":["GET"]}}],"collection":[{"href":"https:\/\/ksiegarnia-akademicka.pl\/index.php\/wp-json\/wp\/v2\/product"}],"about":[{"href":"https:\/\/ksiegarnia-akademicka.pl\/index.php\/wp-json\/wp\/v2\/types\/product"}],"wp:featuredmedia":[{"embeddable":true,"href":"https:\/\/ksiegarnia-akademicka.pl\/index.php\/wp-json\/wp\/v2\/media\/19637"}],"wp:attachment":[{"href":"https:\/\/ksiegarnia-akademicka.pl\/index.php\/wp-json\/wp\/v2\/media?parent=19636"}],"wp:term":[{"taxonomy":"product_brand","embeddable":true,"href":"https:\/\/ksiegarnia-akademicka.pl\/index.php\/wp-json\/wp\/v2\/product_brand?post=19636"},{"taxonomy":"product_cat","embeddable":true,"href":"https:\/\/ksiegarnia-akademicka.pl\/index.php\/wp-json\/wp\/v2\/product_cat?post=19636"},{"taxonomy":"product_tag","embeddable":true,"href":"https:\/\/ksiegarnia-akademicka.pl\/index.php\/wp-json\/wp\/v2\/product_tag?post=19636"}],"curies":[{"name":"wp","href":"https:\/\/api.w.org\/{rel}","templated":true}]}}