{"id":19628,"date":"2025-01-02T11:01:57","date_gmt":"2025-01-02T10:01:57","guid":{"rendered":"http:\/\/ksiegarnia-akademicka.pl\/?post_type=product&#038;p=19628"},"modified":"2025-01-02T11:01:58","modified_gmt":"2025-01-02T10:01:58","slug":"zmiany-w-systemie-bezpieczenstwa-w-xxi-wieku","status":"publish","type":"product","link":"https:\/\/ksiegarnia-akademicka.pl\/index.php\/product\/zmiany-w-systemie-bezpieczenstwa-w-xxi-wieku\/","title":{"rendered":"Zmiany w systemie bezpiecze\u0144stwa w XXI wieku"},"content":{"rendered":"<div class=\"grupa osoby\"><span class=\"meta-head-blue\">Redakcja:<\/span>\u00a0<span class=\"meta-value\">Magdalena Majchrzak, Grzegorz Ciechanowski, Micha\u0142 Roma\u0144czuk, Ewelina Kochanek, Piotr Ostrowski<\/span><\/div>\n<div class=\"grupa wydawca\"><span class=\"meta-head\">Wydawca:<\/span>\u00a0Adam Marsza\u0142ek<\/div>\n<div class=\"grupa dane\">\n<div>Oprawa:\u00a0<span class=\"meta-value-bold\">Mi\u0119kka<\/span><\/div>\n<div>Format:\u00a0<span class=\"meta-value-bold\">15.5&#215;22.5cm<\/span><\/div>\n<div>Liczba stron:\u00a0<span class=\"meta-value-bold\">363<\/span><\/div>\n<div>Rok wydania:\u00a0<span class=\"meta-value-bold\">2024<\/span><\/div>\n<div>J\u0119zyk wydania:\u00a0<span class=\"meta-value-bold\">polski<\/span><\/div>\n<\/div>\n<div><\/div>\n<div>Celem niniejszej publikacji jest poddanie naukowej analizie wielowymiarowej problematyki bezpiecze\u0144stwa w nowej, zmienionej sytuacji mi\u0119dzynarodowej. Autorzy w swoich rozwa\u017caniach s\u0142usznie zwracaj\u0105 uwag\u0119 na nasilenie niepokoj\u0105cych zjawisk, na fakt, \u017ce postrzeganie zagro\u017ce\u0144 wymusza u\u017cycie na r\u00f3\u017cnych poziomach organizacyjnych odpowiednich narz\u0119dzi. kt\u00f3re pozwol\u0105 efektywnie wykorzysta\u0107 zasoby danych w celu zapobiegania i przeciwdzia\u0142ania niekorzystnym zjawiskom, zidentyfikowa\u0107 podatno\u015b\u0107 funkcjonowania pa\u0144stwa, jego s\u0142u\u017cb, a w konsekwencji budowanie ich odporno\u015bci i sprawno\u015bci dzia\u0142ania.<\/div>\n","protected":false},"excerpt":{"rendered":"<p>Redakcja:\u00a0Magdalena Majchrzak, Grzegorz Ciechanowski, Micha\u0142 Roma\u0144czuk, Ewelina Kochanek, Piotr Ostrowski [&hellip;]<\/p>\n","protected":false},"featured_media":19629,"template":"","meta":[],"product_brand":[],"product_cat":[8250,7530],"product_tag":[3809],"class_list":{"0":"post-19628","1":"product","2":"type-product","3":"status-publish","4":"has-post-thumbnail","6":"product_cat-bezpieczenstwo-wewnetrzne","7":"product_cat-nowosci","8":"product_tag-bezpieczenstwo-wewnetrzne","10":"first","11":"instock","12":"sale","13":"shipping-taxable","14":"purchasable","15":"product-type-simple"},"_links":{"self":[{"href":"https:\/\/ksiegarnia-akademicka.pl\/index.php\/wp-json\/wp\/v2\/product\/19628","targetHints":{"allow":["GET"]}}],"collection":[{"href":"https:\/\/ksiegarnia-akademicka.pl\/index.php\/wp-json\/wp\/v2\/product"}],"about":[{"href":"https:\/\/ksiegarnia-akademicka.pl\/index.php\/wp-json\/wp\/v2\/types\/product"}],"wp:featuredmedia":[{"embeddable":true,"href":"https:\/\/ksiegarnia-akademicka.pl\/index.php\/wp-json\/wp\/v2\/media\/19629"}],"wp:attachment":[{"href":"https:\/\/ksiegarnia-akademicka.pl\/index.php\/wp-json\/wp\/v2\/media?parent=19628"}],"wp:term":[{"taxonomy":"product_brand","embeddable":true,"href":"https:\/\/ksiegarnia-akademicka.pl\/index.php\/wp-json\/wp\/v2\/product_brand?post=19628"},{"taxonomy":"product_cat","embeddable":true,"href":"https:\/\/ksiegarnia-akademicka.pl\/index.php\/wp-json\/wp\/v2\/product_cat?post=19628"},{"taxonomy":"product_tag","embeddable":true,"href":"https:\/\/ksiegarnia-akademicka.pl\/index.php\/wp-json\/wp\/v2\/product_tag?post=19628"}],"curies":[{"name":"wp","href":"https:\/\/api.w.org\/{rel}","templated":true}]}}