{"id":19625,"date":"2025-01-02T10:58:06","date_gmt":"2025-01-02T09:58:06","guid":{"rendered":"http:\/\/ksiegarnia-akademicka.pl\/?post_type=product&#038;p=19625"},"modified":"2025-01-02T10:58:06","modified_gmt":"2025-01-02T09:58:06","slug":"postepowanie-cywilne-zarys-wykladu","status":"publish","type":"product","link":"https:\/\/ksiegarnia-akademicka.pl\/index.php\/product\/postepowanie-cywilne-zarys-wykladu\/","title":{"rendered":"Post\u0119powanie cywilne Zarys wyk\u0142adu"},"content":{"rendered":"<div class=\"grupa seria\"><span class=\"meta-head-blue\">Nale\u017cy do serii:<\/span><\/p>\n<ul>\n<li class=\"meta-value\">SERIA AKADEMICKA<\/li>\n<\/ul>\n<\/div>\n<div class=\"grupa osoby\"><span class=\"meta-head\">Autor:<\/span><\/p>\n<ul>\n<li class=\"meta-value\">Henryk Dolecki<\/li>\n<li class=\"meta-value\">Tomasz Radkiewicz<\/li>\n<\/ul>\n<\/div>\n<div class=\"grupa wydawca\"><span class=\"meta-head\">Wydawca:<\/span>\u00a0Wolters Kluwer<\/div>\n<div class=\"grupa dane\">\n<div>Oprawa:\u00a0<span class=\"meta-value-bold\">Mi\u0119kka<\/span><\/div>\n<div>Format:\u00a0<span class=\"meta-value-bold\">16.6&#215;24.0cm<\/span><\/div>\n<div>Liczba stron:\u00a0<span class=\"meta-value-bold\">541<\/span><\/div>\n<div>Wydanie:\u00a0<span class=\"meta-value-bold\">7<\/span><\/div>\n<div>Rok wydania:\u00a0<span class=\"meta-value-bold\">2024<\/span><\/div>\n<div>J\u0119zyk wydania:\u00a0<span class=\"meta-value-bold\">polski<\/span><\/div>\n<\/div>\n<div><\/div>\n<div>Podr\u0119cznik w przyst\u0119pny spos\u00f3b przedstawia podstawowe instytucje prawa procesowego. W si\u00f3dmym wydaniu ksi\u0105\u017cki uwzgl\u0119dniono m.in. zmiany legislacyjne dotycz\u0105ce zagadnie\u0144 zwi\u0105zanych z rozpoznaniem spraw cywilnych w europejskim post\u0119powaniu nakazowym, w europejskim post\u0119powaniu w sprawach drobnych roszcze\u0144, za\u015bwiadczenia europejskiego tytu\u0142u egzekucyjnego, a tak\u017ce uznania i wykonania niekt\u00f3rych orzecze\u0144 s\u0105d\u00f3w pa\u0144stw cz\u0142onkowskich Unii Europejskiej oraz pochodz\u0105cych z tych pa\u0144stw ug\u00f3d i dokument\u00f3w urz\u0119dowych. Ponadto przedmiotem zmian by\u0142y przepisy reguluj\u0105ce spos\u00f3b wnoszenia pism procesowych za po\u015brednictwem systemu teleinformatycznego, a tak\u017ce post\u0119powanie w sprawach z zakresu ubezpiecze\u0144 spo\u0142ecznych oraz post\u0119powanie w sprawach spadkowych.<\/p>\n<p>Publikacja pomo\u017ce studentom w przygotowaniu si\u0119 do egzaminu z procedury cywilnej. Mog\u0105 z niego korzysta\u0107 tak\u017ce s\u0142uchacze szk\u00f3\u0142 biznesu i zarz\u0105dzania, jak r\u00f3wnie\u017c aplikanci przygotowuj\u0105cy si\u0119 do pracy w zawodzie s\u0119dziego, radcy prawnego czy adwokata.<\/p>\n<p>Stan prawny na 1 pa\u017adziernika 2024 roku<\/p><\/div>\n","protected":false},"excerpt":{"rendered":"<p>Nale\u017cy do serii: SERIA AKADEMICKA Autor: Henryk Dolecki Tomasz Radkiewicz [&hellip;]<\/p>\n","protected":false},"featured_media":19627,"template":"","meta":[],"product_brand":[],"product_cat":[7491,7530,18],"product_tag":[692,615,330],"class_list":{"0":"post-19625","1":"product","2":"type-product","3":"status-publish","4":"has-post-thumbnail","6":"product_cat-cywilne","7":"product_cat-nowosci","8":"product_cat-prawo","9":"product_tag-postepowanie-cywilne","10":"product_tag-prawo-cywilne","11":"product_tag-seria-akademicka","13":"first","14":"instock","15":"sale","16":"shipping-taxable","17":"purchasable","18":"product-type-simple"},"_links":{"self":[{"href":"https:\/\/ksiegarnia-akademicka.pl\/index.php\/wp-json\/wp\/v2\/product\/19625","targetHints":{"allow":["GET"]}}],"collection":[{"href":"https:\/\/ksiegarnia-akademicka.pl\/index.php\/wp-json\/wp\/v2\/product"}],"about":[{"href":"https:\/\/ksiegarnia-akademicka.pl\/index.php\/wp-json\/wp\/v2\/types\/product"}],"wp:featuredmedia":[{"embeddable":true,"href":"https:\/\/ksiegarnia-akademicka.pl\/index.php\/wp-json\/wp\/v2\/media\/19627"}],"wp:attachment":[{"href":"https:\/\/ksiegarnia-akademicka.pl\/index.php\/wp-json\/wp\/v2\/media?parent=19625"}],"wp:term":[{"taxonomy":"product_brand","embeddable":true,"href":"https:\/\/ksiegarnia-akademicka.pl\/index.php\/wp-json\/wp\/v2\/product_brand?post=19625"},{"taxonomy":"product_cat","embeddable":true,"href":"https:\/\/ksiegarnia-akademicka.pl\/index.php\/wp-json\/wp\/v2\/product_cat?post=19625"},{"taxonomy":"product_tag","embeddable":true,"href":"https:\/\/ksiegarnia-akademicka.pl\/index.php\/wp-json\/wp\/v2\/product_tag?post=19625"}],"curies":[{"name":"wp","href":"https:\/\/api.w.org\/{rel}","templated":true}]}}