{"id":19612,"date":"2025-01-02T10:52:33","date_gmt":"2025-01-02T09:52:33","guid":{"rendered":"http:\/\/ksiegarnia-akademicka.pl\/?post_type=product&#038;p=19612"},"modified":"2025-01-02T10:52:34","modified_gmt":"2025-01-02T09:52:34","slug":"drogi-do-zbiorowego-dzialania-edukacja-obywatelska-wobec-narracji-pamieci-jako-nosnika-postaw-obywatelskich-i-wzorcow-zachowan-politycznych","status":"publish","type":"product","link":"https:\/\/ksiegarnia-akademicka.pl\/index.php\/product\/drogi-do-zbiorowego-dzialania-edukacja-obywatelska-wobec-narracji-pamieci-jako-nosnika-postaw-obywatelskich-i-wzorcow-zachowan-politycznych\/","title":{"rendered":"Drogi do zbiorowego dzia\u0142ania. Edukacja obywatelska wobec narracji pami\u0119ci jako no\u015bnika postaw obywatelskich i wzorc\u00f3w zachowa\u0144 politycznych"},"content":{"rendered":"<div class=\"grupa osoby\"><span class=\"meta-head\">Autor:<\/span><\/p>\n<ul>\n<li class=\"meta-value\">Patryk Wawrzy\u0144ski<\/li>\n<li class=\"meta-value\">Joanna Marsza\u0142ek-Kawa<\/li>\n<\/ul>\n<\/div>\n<div class=\"grupa wydawca\"><span class=\"meta-head\">Wydawca:<\/span>\u00a0Adam Marsza\u0142ek<\/div>\n<div class=\"grupa dane\">\n<div>Oprawa:\u00a0<span class=\"meta-value-bold\">Twarda<\/span><\/div>\n<div>Format:\u00a0<span class=\"meta-value-bold\">15.5&#215;22.5cm<\/span><\/div>\n<div>Liczba stron:\u00a0<span class=\"meta-value-bold\">232<\/span><\/div>\n<div>Rok wydania:\u00a0<span class=\"meta-value-bold\">2024<\/span><\/div>\n<div>J\u0119zyk wydania:\u00a0<span class=\"meta-value-bold\">polski<\/span><\/div>\n<\/div>\n<div><\/div>\n<div>Ksi\u0105\u017cka &#8221; Drogi do zbiorowego dzia\u0142ania. Edukacja obywatelska wobec narracji pami\u0119ci jako no\u015bnika postaw obywatelskich i wzorc\u00f3w zachowa\u0144 politycznych&#8221; jest efektem ponad dekady wsp\u00f3lnych bada\u0144, kt\u00f3re mieli\u015bmy mo\u017cliwo\u015b\u0107 prowadzi\u0107, staraj\u0105c si\u0119 dociec, co sprawia, \u017ce opowie\u015bci o przesz\u0142o\u015bci i upolityczniona pami\u0119\u0107-poprzez polityk\u0119 historyczn\u0105- staj\u0105 si\u0119 wa\u017cnym elementem edukacji obywatelskiej i mobilizacji spo\u0142ecze\u0144stwa do dzia\u0142ania. Publikacja podsumowuje wa\u017cny etap naszej wsp\u00f3\u0142pracy naukowej oraz tworzy przestrze\u0144 do podzielenia si\u0119 z Czytelnikami odpowiedziami na istotne pytania politologiczne, kt\u00f3re stawiali\u015bmy wsp\u00f3lnie w pracy badawczej. W znacznym stopniu ksi\u0105\u017cka ta jest \u015bwiadectwem drogi, jak\u0105 pokonali\u015bmy zastanawiaj\u0105c si\u0119 nad tytu\u0142owym zbiorowym dzia\u0142aniem i miejscem, jakie narracje pami\u0119ci i ich interpretacje zajmuj\u0105 w z\u0142o\u017conym systemie kszta\u0142towania przez w\u0142adz\u0119 postaw obywateli podzielanych spo\u0142ecznie scenariuszy preferowanych zachowa\u0144.<\/div>\n","protected":false},"excerpt":{"rendered":"<p>Autor: Patryk Wawrzy\u0144ski Joanna Marsza\u0142ek-Kawa Wydawca:\u00a0Adam Marsza\u0142ek Oprawa:\u00a0Twarda Format:\u00a015.5&#215;22.5cm Liczba [&hellip;]<\/p>\n","protected":false},"featured_media":19613,"template":"","meta":[],"product_brand":[],"product_cat":[27,7530,7507],"product_tag":[74,913],"class_list":{"0":"post-19612","1":"product","2":"type-product","3":"status-publish","4":"has-post-thumbnail","6":"product_cat-nauki-spoleczne","7":"product_cat-nowosci","8":"product_cat-politologia","9":"product_tag-politologia","10":"product_tag-spoleczenstwo-obywatelskie","12":"first","13":"instock","14":"sale","15":"shipping-taxable","16":"purchasable","17":"product-type-simple"},"_links":{"self":[{"href":"https:\/\/ksiegarnia-akademicka.pl\/index.php\/wp-json\/wp\/v2\/product\/19612","targetHints":{"allow":["GET"]}}],"collection":[{"href":"https:\/\/ksiegarnia-akademicka.pl\/index.php\/wp-json\/wp\/v2\/product"}],"about":[{"href":"https:\/\/ksiegarnia-akademicka.pl\/index.php\/wp-json\/wp\/v2\/types\/product"}],"wp:featuredmedia":[{"embeddable":true,"href":"https:\/\/ksiegarnia-akademicka.pl\/index.php\/wp-json\/wp\/v2\/media\/19613"}],"wp:attachment":[{"href":"https:\/\/ksiegarnia-akademicka.pl\/index.php\/wp-json\/wp\/v2\/media?parent=19612"}],"wp:term":[{"taxonomy":"product_brand","embeddable":true,"href":"https:\/\/ksiegarnia-akademicka.pl\/index.php\/wp-json\/wp\/v2\/product_brand?post=19612"},{"taxonomy":"product_cat","embeddable":true,"href":"https:\/\/ksiegarnia-akademicka.pl\/index.php\/wp-json\/wp\/v2\/product_cat?post=19612"},{"taxonomy":"product_tag","embeddable":true,"href":"https:\/\/ksiegarnia-akademicka.pl\/index.php\/wp-json\/wp\/v2\/product_tag?post=19612"}],"curies":[{"name":"wp","href":"https:\/\/api.w.org\/{rel}","templated":true}]}}