{"id":19606,"date":"2025-01-02T10:29:37","date_gmt":"2025-01-02T09:29:37","guid":{"rendered":"http:\/\/ksiegarnia-akademicka.pl\/?post_type=product&#038;p=19606"},"modified":"2025-01-02T10:29:37","modified_gmt":"2025-01-02T09:29:37","slug":"matematyka-dyskretna-w-zadaniach","status":"publish","type":"product","link":"https:\/\/ksiegarnia-akademicka.pl\/index.php\/product\/matematyka-dyskretna-w-zadaniach\/","title":{"rendered":"Matematyka dyskretna w zadaniach"},"content":{"rendered":"<div class=\"grupa osoby\"><span class=\"meta-head\">Autor:<\/span><\/p>\n<ul>\n<li class=\"meta-value\">Ma\u0142gorzata Murat<\/li>\n<\/ul>\n<\/div>\n<div class=\"grupa wydawca\"><span class=\"meta-head\">Wydawca:<\/span>\u00a0Wydawnictwo Naukowe PWN<\/div>\n<div class=\"grupa dane\">\n<div>Oprawa:\u00a0<span class=\"meta-value-bold\">Mi\u0119kka<\/span><\/div>\n<div>Format:\u00a0<span class=\"meta-value-bold\">16.5&#215;23.5cm<\/span><\/div>\n<div>Liczba stron:\u00a0<span class=\"meta-value-bold\">500<\/span><\/div>\n<div>Wydanie:\u00a0<span class=\"meta-value-bold\">1<\/span><\/div>\n<div>Rok wydania:\u00a0<span class=\"meta-value-bold\">2024<\/span><\/div>\n<div>J\u0119zyk wydania:\u00a0<span class=\"meta-value-bold\">polski<\/span><\/div>\n<\/div>\n<div><\/div>\n<div>Celem niniejszego zbioru zada\u0144 jest przedstawienie podstawowych koncepcji, metod i technik matematyki dyskretnej, a tak\u017ce zaprezentowanie sposob\u00f3w rozwi\u0105zywania typowych zada\u0144 z zastosowaniem aparatu teoretycznego dostarczonego przez matematyk\u0119 dyskretn\u0105. Zbi\u00f3r zawiera 202 przyk\u0142ady, 539 zada\u0144 i 100 pyta\u0144 testowych wielokrotnego wyboru. Sk\u0142ada si\u0119 z o\u015bmiu rozdzia\u0142\u00f3w dotycz\u0105cych r\u00f3\u017cnych zagadnie\u0144 zwi\u0105zanych z matematyk\u0105 dyskretn\u0105. S\u0105 to: 1.Elementy logiki matematycznej 2.Zbiory, relacje i funkcje 3.Rekurencja 4.Kombinatoryka 5.Funkcje tworz\u0105ce 6.Elementy teorii liczb 7.Wst\u0119p do teorii graf\u00f3w 8.Elementy teorii digraf\u00f3w W ka\u017cdym rozdziale znajduj\u0105 si\u0119 zadania wraz z definicjami, twierdzeniami, przyk\u0142adami i uwagami \u2013 ma to zapobiec rozwi\u0105zywaniu zada\u0144 bez sprawdzania za\u0142o\u017ce\u0144 stosowanych twierdze\u0144 oraz bez wnikania w tre\u015b\u0107 wykorzystywanych poj\u0119\u0107. Taki uk\u0142ad materia\u0142u pozwala unikn\u0105\u0107 nieporozumie\u0144 mog\u0105cych wynikn\u0105\u0107 z faktu formu\u0142owania twierdze\u0144 przy r\u00f3\u017cnych za\u0142o\u017ceniach i stosowania r\u00f3\u017cnej symboliki przez autor\u00f3w podr\u0119cznik\u00f3w i skrypt\u00f3w, co szczeg\u00f3lnie dotyczy terminologii teorii graf\u00f3w. Niemal wszystkie podane w tym zbiorze twierdzenia opatrzono dowodami, co wynika z dba\u0142o\u015bci o ich prostot\u0119 i klarowno\u015b\u0107, ale czasami Autorki odchodz\u0105 od \u015bcis\u0142ego formalizmu na rzecz przyst\u0119pno\u015bci wyja\u015bnie\u0144. Ksi\u0105\u017cka jest skierowana do student\u00f3w i wyk\u0142adowc\u00f3w oraz wszystkich zainteresowanych matematyk\u0105 dyskretn\u0105.<\/div>\n","protected":false},"excerpt":{"rendered":"<p>Autor: Ma\u0142gorzata Murat Wydawca:\u00a0Wydawnictwo Naukowe PWN Oprawa:\u00a0Mi\u0119kka Format:\u00a016.5&#215;23.5cm Liczba stron:\u00a0500 [&hellip;]<\/p>\n","protected":false},"featured_media":19607,"template":"","meta":[],"product_brand":[],"product_cat":[7519,35,7530],"product_tag":[6293],"class_list":{"0":"post-19606","1":"product","2":"type-product","3":"status-publish","4":"has-post-thumbnail","6":"product_cat-matematyka","7":"product_cat-matematyka-i-jej-zastosowania","8":"product_cat-nowosci","9":"product_tag-matematyka-dyskretna","11":"first","12":"instock","13":"sale","14":"shipping-taxable","15":"purchasable","16":"product-type-simple"},"_links":{"self":[{"href":"https:\/\/ksiegarnia-akademicka.pl\/index.php\/wp-json\/wp\/v2\/product\/19606","targetHints":{"allow":["GET"]}}],"collection":[{"href":"https:\/\/ksiegarnia-akademicka.pl\/index.php\/wp-json\/wp\/v2\/product"}],"about":[{"href":"https:\/\/ksiegarnia-akademicka.pl\/index.php\/wp-json\/wp\/v2\/types\/product"}],"wp:featuredmedia":[{"embeddable":true,"href":"https:\/\/ksiegarnia-akademicka.pl\/index.php\/wp-json\/wp\/v2\/media\/19607"}],"wp:attachment":[{"href":"https:\/\/ksiegarnia-akademicka.pl\/index.php\/wp-json\/wp\/v2\/media?parent=19606"}],"wp:term":[{"taxonomy":"product_brand","embeddable":true,"href":"https:\/\/ksiegarnia-akademicka.pl\/index.php\/wp-json\/wp\/v2\/product_brand?post=19606"},{"taxonomy":"product_cat","embeddable":true,"href":"https:\/\/ksiegarnia-akademicka.pl\/index.php\/wp-json\/wp\/v2\/product_cat?post=19606"},{"taxonomy":"product_tag","embeddable":true,"href":"https:\/\/ksiegarnia-akademicka.pl\/index.php\/wp-json\/wp\/v2\/product_tag?post=19606"}],"curies":[{"name":"wp","href":"https:\/\/api.w.org\/{rel}","templated":true}]}}