{"id":19590,"date":"2025-01-02T10:04:48","date_gmt":"2025-01-02T09:04:48","guid":{"rendered":"http:\/\/ksiegarnia-akademicka.pl\/?post_type=product&#038;p=19590"},"modified":"2025-01-02T10:04:48","modified_gmt":"2025-01-02T09:04:48","slug":"office-365-i-2024-pl-kurs","status":"publish","type":"product","link":"https:\/\/ksiegarnia-akademicka.pl\/index.php\/product\/office-365-i-2024-pl-kurs\/","title":{"rendered":"Office 365 i 2024 PL. Kurs"},"content":{"rendered":"<div class=\"grupa osoby\"><span class=\"meta-head\">Autor:<\/span><\/p>\n<ul>\n<li class=\"meta-value\">Witold Wrotek<\/li>\n<\/ul>\n<\/div>\n<div class=\"grupa wydawca\"><span class=\"meta-head\">Wydawca:<\/span>\u00a0Helion<\/div>\n<div class=\"grupa dane\">\n<div>Oprawa:\u00a0<span class=\"meta-value-bold\">Mi\u0119kka<\/span><\/div>\n<div>Format:\u00a0<span class=\"meta-value-bold\">16.5&#215;23.5cm<\/span><\/div>\n<div>Liczba stron:\u00a0<span class=\"meta-value-bold\">240<\/span><\/div>\n<div>Rok wydania:\u00a0<span class=\"meta-value-bold\">2025<\/span><\/div>\n<div>J\u0119zyk wydania:\u00a0<span class=\"meta-value-bold\">polski<\/span><\/div>\n<\/div>\n<div><\/div>\n<div>Zacznij korzysta\u0107 z pe\u0142ni mo\u017cliwo\u015bci swojego komputera<\/p>\n<p>Je\u015bli chcesz si\u0119 nauczy\u0107 u\u017cywa\u0107 czego\u015b wi\u0119cej ni\u017c tylko przegl\u0105darki w laptopie, to teraz jest \u015bwietny moment, by pozna\u0107 wszystkie programy, jakie oferuje urz\u0105dzenie z wgranym pakietem Office. Komputer jest narz\u0119dziem uniwersalnym. W zale\u017cno\u015bci od uruchomionego oprogramowania mo\u017ce spe\u0142nia\u0107 rol\u0119 maszyny do pisania, rozbudowanego kalkulatora, sztalug, skrzynki pocztowej, terminarza, notatnika.<\/p>\n<p>Wszystkie te funkcje kryj\u0105 si\u0119 w Twoim laptopie. Dowiedz si\u0119, jak je znale\u017a\u0107 i jak zacz\u0105\u0107 ich u\u017cywa\u0107 &#8211; w czym wesprze Ci\u0119 ten podr\u0119cznik. Pomy\u015blany w formie przyst\u0119pnego kursu, krok po kroku poka\u017ce Ci mo\u017cliwo\u015bci kryj\u0105ce si\u0119 w pakiecie Microsoft Office w wersjach 365 i 2024 PL.<\/p>\n<p>Z ksi\u0105\u017cki dowiesz si\u0119 mi\u0119dzy innymi:<\/p>\n<p>Jak korzysta\u0107 z edytora tekst\u00f3w Word<br \/>\nCo mo\u017cesz policzy\u0107 w arkuszu kalkulacyjnym Excel<br \/>\nJakiego rodzaju prezentacj\u0119 przygotujesz w PowerPoincie<br \/>\nDlaczego warto u\u017cywa\u0107 programu pocztowego Outlook<br \/>\nDo czego mo\u017ce Ci si\u0119 przyda\u0107 notatnik OneNote<\/p><\/div>\n","protected":false},"excerpt":{"rendered":"<p>Autor: Witold Wrotek Wydawca:\u00a0Helion Oprawa:\u00a0Mi\u0119kka Format:\u00a016.5&#215;23.5cm Liczba stron:\u00a0240 Rok wydania:\u00a02025 [&hellip;]<\/p>\n","protected":false},"featured_media":19591,"template":"","meta":[],"product_brand":[],"product_cat":[36,7530],"product_tag":[103,8415,8414],"class_list":{"0":"post-19590","1":"product","2":"type-product","3":"status-publish","4":"has-post-thumbnail","6":"product_cat-informatyka","7":"product_cat-nowosci","8":"product_tag-informatyka","9":"product_tag-office-2024-pl","10":"product_tag-office-365","12":"first","13":"instock","14":"sale","15":"shipping-taxable","16":"purchasable","17":"product-type-simple"},"_links":{"self":[{"href":"https:\/\/ksiegarnia-akademicka.pl\/index.php\/wp-json\/wp\/v2\/product\/19590","targetHints":{"allow":["GET"]}}],"collection":[{"href":"https:\/\/ksiegarnia-akademicka.pl\/index.php\/wp-json\/wp\/v2\/product"}],"about":[{"href":"https:\/\/ksiegarnia-akademicka.pl\/index.php\/wp-json\/wp\/v2\/types\/product"}],"wp:featuredmedia":[{"embeddable":true,"href":"https:\/\/ksiegarnia-akademicka.pl\/index.php\/wp-json\/wp\/v2\/media\/19591"}],"wp:attachment":[{"href":"https:\/\/ksiegarnia-akademicka.pl\/index.php\/wp-json\/wp\/v2\/media?parent=19590"}],"wp:term":[{"taxonomy":"product_brand","embeddable":true,"href":"https:\/\/ksiegarnia-akademicka.pl\/index.php\/wp-json\/wp\/v2\/product_brand?post=19590"},{"taxonomy":"product_cat","embeddable":true,"href":"https:\/\/ksiegarnia-akademicka.pl\/index.php\/wp-json\/wp\/v2\/product_cat?post=19590"},{"taxonomy":"product_tag","embeddable":true,"href":"https:\/\/ksiegarnia-akademicka.pl\/index.php\/wp-json\/wp\/v2\/product_tag?post=19590"}],"curies":[{"name":"wp","href":"https:\/\/api.w.org\/{rel}","templated":true}]}}