{"id":19585,"date":"2025-01-02T09:56:22","date_gmt":"2025-01-02T08:56:22","guid":{"rendered":"http:\/\/ksiegarnia-akademicka.pl\/?post_type=product&#038;p=19585"},"modified":"2025-01-02T09:56:22","modified_gmt":"2025-01-02T08:56:22","slug":"organizacja-loterii-promocyjnych-w-polsce-nadzor-aspekty-prawne-i-podatkowe-z-suplementem-elektronicznym","status":"publish","type":"product","link":"https:\/\/ksiegarnia-akademicka.pl\/index.php\/product\/organizacja-loterii-promocyjnych-w-polsce-nadzor-aspekty-prawne-i-podatkowe-z-suplementem-elektronicznym\/","title":{"rendered":"Organizacja loterii promocyjnych w Polsce &#8211; nadz\u00f3r, aspekty prawne i podatkowe ( z suplementem elektronicznym)"},"content":{"rendered":"<div class=\"grupa osoby\"><span class=\"meta-head\">Autor:<\/span><\/p>\n<ul>\n<li class=\"meta-value\">Beata Wentura-Dudek<\/li>\n<\/ul>\n<\/div>\n<div class=\"grupa wydawca\"><span class=\"meta-head\">Wydawca:<\/span>\u00a0ODDK<\/div>\n<div class=\"grupa dane\">\n<div>Oprawa:\u00a0<span class=\"meta-value-bold\">Mi\u0119kka<\/span><\/div>\n<div>Format:\u00a0<span class=\"meta-value-bold\">17.0&#215;23.0cm<\/span><\/div>\n<div>Liczba stron:\u00a0<span class=\"meta-value-bold\">176<\/span><\/div>\n<div>Rok wydania:\u00a0<span class=\"meta-value-bold\">2025<\/span><\/div>\n<div>J\u0119zyk wydania:\u00a0<span class=\"meta-value-bold\">polski<\/span><\/div>\n<\/div>\n<div><\/div>\n<div>Prawid\u0142owe zorganizowanie loterii promocyjnej bez okre\u015blonej wiedzy i do\u015bwiadczenia nie jest \u0142atwym zadaniem. Publicznoprawne aspekty loterii promocyjnych implikuj\u0105 szereg czynno\u015bci i dzia\u0142a\u0144, kt\u00f3re nale\u017cy wykona\u0107, aby w\u0142a\u015bciwie przeprowadzi\u0107 tak\u0105 gr\u0119 hazardow\u0105. Trzeba te\u017c pami\u0119ta\u0107, \u017ce organizacja gier hazardowych, takich jak loterie, bez wymaganego zezwolenia lub niezgodnie z otrzymanym zezwoleniem mo\u017ce spowodowa\u0107 na\u0142o\u017cenie na organizatora kar przez urz\u0105d celno-skarbowy, kt\u00f3ry jest organem kontroluj\u0105cym organizacj\u0119 i przeprowadzenie gier.<\/p>\n<p>Ksi\u0105\u017cka stanowi zbi\u00f3r wa\u017cnych informacji dotycz\u0105cych organizacji loterii promocyjnych w Polsce. Om\u00f3wiono w niej prawne i podatkowe zasady organizacji gier hazardowych, b\u0119d\u0105cych najcz\u0119\u015bciej wykorzystywanym narz\u0119dziem skutecznej promocji produkt\u00f3w i us\u0142ug przez przedsi\u0119biorc\u00f3w, media, agencje reklamowe, centra handlowe, instytucje finansowe, wydawnictwa, influencer\u00f3w. Publikacja zawiera harmonogramy prac, przyk\u0142ady i wzory dokument\u00f3w (w tym m.in. regulamin loterii promocyjnej, regulamin pracy komisji, protok\u00f3\u0142 z losowania nagr\u00f3d czy z przekazania nagrody w loterii) oraz akty prawne niezb\u0119dne do prawid\u0142owego przygotowania, przeprowadzenia i rozliczenia loterii. Zamieszczone informacje b\u0119d\u0105 pomocne w kontaktach z urz\u0119dami, w realizacji ustawowych obowi\u0105zk\u00f3w podczas organizacji loterii promocyjnych oraz podczas szkole\u0144 dla os\u00f3b ubiegaj\u0105cych si\u0119 o za\u015bwiadczenia uprawniaj\u0105ce do nadzoru nad tego rodzaju grami hazardowymi.<\/p><\/div>\n","protected":false},"excerpt":{"rendered":"<p>Autor: Beata Wentura-Dudek Wydawca:\u00a0ODDK Oprawa:\u00a0Mi\u0119kka Format:\u00a017.0&#215;23.0cm Liczba stron:\u00a0176 Rok wydania:\u00a02025 [&hellip;]<\/p>\n","protected":false},"featured_media":19587,"template":"","meta":[],"product_brand":[],"product_cat":[7492,7491,7495,7530,22,18],"product_tag":[8411,355,615],"class_list":{"0":"post-19585","1":"product","2":"type-product","3":"status-publish","4":"has-post-thumbnail","6":"product_cat-administracyjne","7":"product_cat-cywilne","8":"product_cat-gospodarcze-i-handlowe","9":"product_cat-nowosci","10":"product_cat-podatki-i-prawo-podatkowe","11":"product_cat-prawo","12":"product_tag-loterie-promocyjne","13":"product_tag-podatki","14":"product_tag-prawo-cywilne","16":"first","17":"instock","18":"sale","19":"shipping-taxable","20":"purchasable","21":"product-type-simple"},"_links":{"self":[{"href":"https:\/\/ksiegarnia-akademicka.pl\/index.php\/wp-json\/wp\/v2\/product\/19585","targetHints":{"allow":["GET"]}}],"collection":[{"href":"https:\/\/ksiegarnia-akademicka.pl\/index.php\/wp-json\/wp\/v2\/product"}],"about":[{"href":"https:\/\/ksiegarnia-akademicka.pl\/index.php\/wp-json\/wp\/v2\/types\/product"}],"wp:featuredmedia":[{"embeddable":true,"href":"https:\/\/ksiegarnia-akademicka.pl\/index.php\/wp-json\/wp\/v2\/media\/19587"}],"wp:attachment":[{"href":"https:\/\/ksiegarnia-akademicka.pl\/index.php\/wp-json\/wp\/v2\/media?parent=19585"}],"wp:term":[{"taxonomy":"product_brand","embeddable":true,"href":"https:\/\/ksiegarnia-akademicka.pl\/index.php\/wp-json\/wp\/v2\/product_brand?post=19585"},{"taxonomy":"product_cat","embeddable":true,"href":"https:\/\/ksiegarnia-akademicka.pl\/index.php\/wp-json\/wp\/v2\/product_cat?post=19585"},{"taxonomy":"product_tag","embeddable":true,"href":"https:\/\/ksiegarnia-akademicka.pl\/index.php\/wp-json\/wp\/v2\/product_tag?post=19585"}],"curies":[{"name":"wp","href":"https:\/\/api.w.org\/{rel}","templated":true}]}}