{"id":1935,"date":"2018-05-22T12:44:44","date_gmt":"2018-05-22T10:44:44","guid":{"rendered":"http:\/\/ksiegarnia-akademicka.pl\/index.php\/product\/zmniejszanie-kosztow-zatrudnienia-z-wykorzystaniem-srodkow-publicznych\/"},"modified":"2018-12-15T09:13:57","modified_gmt":"2018-12-15T08:13:57","slug":"zmniejszanie-kosztow-zatrudnienia-z-wykorzystaniem-srodkow-publicznych","status":"publish","type":"product","link":"https:\/\/ksiegarnia-akademicka.pl\/index.php\/product\/zmniejszanie-kosztow-zatrudnienia-z-wykorzystaniem-srodkow-publicznych\/","title":{"rendered":"Zmniejszanie koszt\u00f3w zatrudnienia z wykorzystaniem \u015brodk\u00f3w publicznych."},"content":{"rendered":"<p>Autor:<br \/>\nMarek Rotkiewicz<br \/>\nWydawca: C.H. Beck<br \/>\nOprawa: Mi\u0119kka<br \/>\nFormat: 14.0&#215;20.5cm<br \/>\nLiczba stron: 82<br \/>\nWydanie: 1<br \/>\nRok wydania: 2009<\/p>\n<p>Publikacja przedstawia zasady uzyskania wsparcia ze \u015brodk\u00f3w publicznych na zatrudnienie r\u00f3\u017cnych os\u00f3b np.:<br \/>\n* niepe\u0142nosprawnych,<br \/>\n* bezrobotnych,<br \/>\n* wolontariuszy,<br \/>\n* m\u0142odocianych,<br \/>\n* student\u00f3w lub<br \/>\n* pracownik\u00f3w tymczasowych.<\/p>\n<p>Ksi\u0105\u017cka w przyst\u0119pny spos\u00f3b wyja\u015bnia jak otrzyma\u0107:<br \/>\n* zwrot koszt\u00f3w wynagrodze\u0144 i sk\u0142adek na ubezpieczenia spo\u0142eczne,<br \/>\n* dofinansowanie na stworzenie lub dostosowanie stanowiska pracy do potrzeb niepe\u0142nosprawnego albo<br \/>\n* nieodp\u0142atn\u0105 prac\u0119 w ramach wolontariatu.<\/p>\n","protected":false},"excerpt":{"rendered":"<p>Autor: Marek Rotkiewicz Wydawca: C.H. Beck Oprawa: Mi\u0119kka Format: 14.0&#215;20.5cm [&hellip;]<\/p>\n","protected":false},"featured_media":8064,"template":"","meta":[],"product_brand":[],"product_cat":[7516,31,23,7515],"product_tag":[437,735,1358,1496],"class_list":{"0":"post-1935","1":"product","2":"type-product","3":"status-publish","4":"has-post-thumbnail","6":"product_cat-finanse-przedsiebiorstwa","7":"product_cat-przedsiebiorstwo","8":"product_cat-rachunkowosc","9":"product_cat-zarzadzanie-przedsiebiorstwem","10":"product_tag-finanse-przedsiebiorstwa","11":"product_tag-kadry","12":"product_tag-ksiegowosc","13":"product_tag-rachunkowosc","15":"first","16":"instock","17":"sale","18":"shipping-taxable","19":"purchasable","20":"product-type-simple"},"_links":{"self":[{"href":"https:\/\/ksiegarnia-akademicka.pl\/index.php\/wp-json\/wp\/v2\/product\/1935","targetHints":{"allow":["GET"]}}],"collection":[{"href":"https:\/\/ksiegarnia-akademicka.pl\/index.php\/wp-json\/wp\/v2\/product"}],"about":[{"href":"https:\/\/ksiegarnia-akademicka.pl\/index.php\/wp-json\/wp\/v2\/types\/product"}],"wp:featuredmedia":[{"embeddable":true,"href":"https:\/\/ksiegarnia-akademicka.pl\/index.php\/wp-json\/wp\/v2\/media\/8064"}],"wp:attachment":[{"href":"https:\/\/ksiegarnia-akademicka.pl\/index.php\/wp-json\/wp\/v2\/media?parent=1935"}],"wp:term":[{"taxonomy":"product_brand","embeddable":true,"href":"https:\/\/ksiegarnia-akademicka.pl\/index.php\/wp-json\/wp\/v2\/product_brand?post=1935"},{"taxonomy":"product_cat","embeddable":true,"href":"https:\/\/ksiegarnia-akademicka.pl\/index.php\/wp-json\/wp\/v2\/product_cat?post=1935"},{"taxonomy":"product_tag","embeddable":true,"href":"https:\/\/ksiegarnia-akademicka.pl\/index.php\/wp-json\/wp\/v2\/product_tag?post=1935"}],"curies":[{"name":"wp","href":"https:\/\/api.w.org\/{rel}","templated":true}]}}