{"id":19080,"date":"2024-12-18T08:21:49","date_gmt":"2024-12-18T07:21:49","guid":{"rendered":"http:\/\/ksiegarnia-akademicka.pl\/?post_type=product&#038;p=19080"},"modified":"2025-01-27T13:36:01","modified_gmt":"2025-01-27T12:36:01","slug":"odpowiedzialnosc-materialna-za-mienie-pracodawcy-i-powierzone-pracownikowi-do-uzytkowania-w-jednostkach-sektora-finansow-publicznych","status":"publish","type":"product","link":"https:\/\/ksiegarnia-akademicka.pl\/index.php\/product\/odpowiedzialnosc-materialna-za-mienie-pracodawcy-i-powierzone-pracownikowi-do-uzytkowania-w-jednostkach-sektora-finansow-publicznych\/","title":{"rendered":"Odpowiedzialno\u015b\u0107 materialna za mienie pracodawcy i powierzone pracownikowi do u\u017cytkowania w jednostkach sektora finans\u00f3w publicznych"},"content":{"rendered":"<div class=\"grupa osoby\"><span class=\"meta-head\">Autor:\u00a0 Jaros\u0142aw Jurga<\/span>&nbsp;<\/p>\n<\/div>\n<div class=\"grupa wydawca\"><span class=\"meta-head\">Wydawca:<\/span> ODDK<\/div>\n<div class=\"grupa dane\">\n<div>Oprawa:\u00a0<span class=\"meta-value-bold\">Mi\u0119kka<\/span><\/div>\n<div>Liczba stron:\u00a0<span class=\"meta-value-bold\">80<\/span><\/div>\n<div>Rok wydania:\u00a0<span class=\"meta-value-bold\">2024<\/span><\/div>\n<div>J\u0119zyk wydania:\u00a0<span class=\"meta-value-bold\">polski<\/span><\/div>\n<\/div>\n<div><\/div>\n<div>Kompleksowe zarz\u0105dzanie mieniem ruchomym jest uwarunkowane licznymi przepisami prawa \u2013 zar\u00f3wno prawo bilansowe, jak i prawo pracy nak\u0142ada na jednostki wiele zada\u0144 i obowi\u0105zk\u00f3w w tym zakresie. Przestrzeganie przepis\u00f3w prawa oraz stosowanie dobrych praktyk w zakresie ewidencji, inwentaryzacji i odpowiedzialno\u015bci materialnej przyczynia si\u0119 do minimalizacji ryzyka strat oraz zwi\u0119kszenia bezpiecze\u0144stwa mienia ruchomego.<\/p>\n<p>Dla cel\u00f3w ksi\u0119gowych mienie ruchome nale\u017cy ewidencjonowa\u0107 w spos\u00f3b umo\u017cliwiaj\u0105cy jego identyfikacj\u0119 oraz monitorowanie stanu technicznego i warto\u015bci.<\/p>\n<p>Jednostki sektora finans\u00f3w publicznych powinny zatem okre\u015bli\u0107 i zapisa\u0107 zasady odpowiedzialno\u015bci materialnej pracownik\u00f3w za mienie powierzone \u2013 w szczeg\u00f3lno\u015bci poprzez opracowanie odpowiednich procedur i instrukcji post\u0119powania.<\/p>\n<p>Publikacja zawiera komentarz do najwa\u017cniejszych zagadnie\u0144 zwi\u0105zanych z odpowiedzialno\u015bci\u0105 za powierzone mienie oraz gotowe wzory niezb\u0119dnych dokument\u00f3w, w tym:<\/p>\n<p>&#8211; powierzenie pracownikowi obowi\u0105zk\u00f3w w zakresie gospodarowania maj\u0105tkiem na wybranym obszarze, w budynku, wybranymi sk\u0142adnikami mienia,<br \/>\n&#8211; umow\u0119 powierzenia wsp\u00f3lnej odpowiedzialno\u015bci materialnej pracownikowi,<br \/>\n&#8211; kart\u0119 u\u017cytkownika mienia ruchomego,<br \/>\n&#8211; regulamin dotycz\u0105cy instalacji, inwentaryzacji, konserwacji, aktualizacji oprogramowania i serwisu narz\u0119dzi pracy powierzonych pracownikowi do wykonywania pracy zdalnej na podstawie art. 6720 Kodeksu pracy.<\/p>\n<p>Wszystkie wzory zamieszczono r\u00f3wnie\u017c w suplemencie elektronicznym w edytowalnej formie. Suplement mo\u017cna pobra\u0107 przez Internet, post\u0119puj\u0105c zgodnie z instrukcj\u0105 zamieszczon\u0105 w ksi\u0105\u017cce.<\/p><\/div>\n","protected":false},"excerpt":{"rendered":"<p>Autor:\u00a0 Jaros\u0142aw Jurga&nbsp; Wydawca: ODDK Oprawa:\u00a0Mi\u0119kka Liczba stron:\u00a080 Rok wydania:\u00a02024 [&hellip;]<\/p>\n","protected":false},"featured_media":19081,"template":"","meta":[],"product_brand":[],"product_cat":[19,7500,23],"product_tag":[472,798],"class_list":{"0":"post-19080","1":"product","2":"type-product","3":"status-publish","4":"has-post-thumbnail","6":"product_cat-finanse-i-prawo-finansowe","7":"product_cat-finanse-publiczne","8":"product_cat-rachunkowosc","9":"product_tag-finanse-publiczne","10":"product_tag-odpowiedzialnosc-materialna","12":"first","13":"instock","14":"sale","15":"shipping-taxable","16":"purchasable","17":"product-type-simple"},"_links":{"self":[{"href":"https:\/\/ksiegarnia-akademicka.pl\/index.php\/wp-json\/wp\/v2\/product\/19080","targetHints":{"allow":["GET"]}}],"collection":[{"href":"https:\/\/ksiegarnia-akademicka.pl\/index.php\/wp-json\/wp\/v2\/product"}],"about":[{"href":"https:\/\/ksiegarnia-akademicka.pl\/index.php\/wp-json\/wp\/v2\/types\/product"}],"wp:featuredmedia":[{"embeddable":true,"href":"https:\/\/ksiegarnia-akademicka.pl\/index.php\/wp-json\/wp\/v2\/media\/19081"}],"wp:attachment":[{"href":"https:\/\/ksiegarnia-akademicka.pl\/index.php\/wp-json\/wp\/v2\/media?parent=19080"}],"wp:term":[{"taxonomy":"product_brand","embeddable":true,"href":"https:\/\/ksiegarnia-akademicka.pl\/index.php\/wp-json\/wp\/v2\/product_brand?post=19080"},{"taxonomy":"product_cat","embeddable":true,"href":"https:\/\/ksiegarnia-akademicka.pl\/index.php\/wp-json\/wp\/v2\/product_cat?post=19080"},{"taxonomy":"product_tag","embeddable":true,"href":"https:\/\/ksiegarnia-akademicka.pl\/index.php\/wp-json\/wp\/v2\/product_tag?post=19080"}],"curies":[{"name":"wp","href":"https:\/\/api.w.org\/{rel}","templated":true}]}}