{"id":19061,"date":"2024-12-16T08:40:31","date_gmt":"2024-12-16T07:40:31","guid":{"rendered":"http:\/\/ksiegarnia-akademicka.pl\/?post_type=product&#038;p=19061"},"modified":"2025-01-27T13:34:55","modified_gmt":"2025-01-27T12:34:55","slug":"pracowniczy-obowiazek-lojalnosci-wobec-pracodawcy","status":"publish","type":"product","link":"https:\/\/ksiegarnia-akademicka.pl\/index.php\/product\/pracowniczy-obowiazek-lojalnosci-wobec-pracodawcy\/","title":{"rendered":"Pracowniczy obowi\u0105zek lojalno\u015bci wobec pracodawcy"},"content":{"rendered":"<div class=\"grupa osoby\"><span class=\"meta-head\">Autor: \u0141ukasz Bolesta<\/span><\/div>\n<div class=\"grupa wydawca\"><span class=\"meta-head\">Wydawca:<\/span> UMCS<\/div>\n<div class=\"grupa dane\">\n<div>Oprawa:\u00a0<span class=\"meta-value-bold\">Mi\u0119kka<\/span><\/div>\n<div>Liczba stron:\u00a0<span class=\"meta-value-bold\">254<\/span><\/div>\n<div>Rok wydania:\u00a0<span class=\"meta-value-bold\">2024<\/span><\/div>\n<div>J\u0119zyk wydania:\u00a0<span class=\"meta-value-bold\">polski<\/span><\/div>\n<\/div>\n<div><\/div>\n<div>Lojalno\u015b\u0107 jest warto\u015bci\u0105 stanowi\u0105c\u0105 podstaw\u0119 wielu relacji spo\u0142ecznych. Wyst\u0119puje ona tak\u017ce w stosunkach prawnych opartych na wsp\u00f3\u0142dzia\u0142aniu oraz zaufaniu stron. Do takich stosunk\u00f3w nale\u017cy zaliczy\u0107 stosunek pracy. Jego charakterystyczn\u0105 cech\u0105 jest istnienie osobistej i \u2013 co do zasady \u2013 trwa\u0142ej wi\u0119zi prawnej \u0142\u0105cz\u0105cej pracownika oraz pracodawc\u0119. W ramach tej wi\u0119zi powstaj\u0105 z\u0142o\u017cone relacje mi\u0119dzypodmiotowe wykraczaj\u0105ce poza obowi\u0105zek sumiennego i starannego \u015bwiadczenia pracy w zamian za wynagrodzenie. Ich fundamentem jest wzajemne zaufanie stron, z czym nierozerwalnie wi\u0105\u017ce si\u0119 lojalno\u015b\u0107.<br \/>\nSpos\u00f3b, w jaki postrzegana jest lojalno\u015b\u0107 pracownicza, uleg\u0142 w ostatnim czasie istotnym zmianom. Jej tradycyjne uto\u017csamianie z d\u0142ugotrwa\u0142ym zatrudnieniem u jednego pracodawcy przestaje znajdowa\u0107 odzwierciedlenie we wsp\u00f3\u0142czesnych realiach spo\u0142eczno-gospodarczych. Przemiany na rynku pracy spowodowane globalizacj\u0105, post\u0119pem technologicznym, a ostatnio tak\u017ce cyfrow\u0105 transformacj\u0105 powoduj\u0105, \u017ce zanika model zatrudnienia przez ca\u0142e \u017cycie w jednym zak\u0142adzie pracy. [\u2026] Z czym wi\u0119c wsp\u00f3\u0142cze\u015bnie nale\u017cy \u0142\u0105czy\u0107 lojalno\u015b\u0107 pracownicz\u0105? Jakie s\u0105 jej przejawy? Czy jest powinno\u015bci\u0105 pracownika, czy za jej brak gro\u017c\u0105 mu okre\u015blone sankcje? Niniejsze opracowanie stawia sobie za cel udzielenie odpowiedzi na te, a tak\u017ce inne pytania pojawiaj\u0105ce si\u0119 przy analizie stanowi\u0105cego jej przedmiot zagadnienia, czyli pracowniczego obowi\u0105zku lojalno\u015bci wobec pracownika.<\/p>\n<p>Fragment Wst\u0119pu<\/p>\n<p>\u201eKsi\u0105\u017cka [\u2026] dotyczy bardzo istotnego obowi\u0105zku pracowniczego \u2013 obowi\u0105zku lojalno\u015bci wobec pracodawcy, co do kt\u00f3rego brakuje ci\u0105gle dostatecznej \u015bwiadomo\u015bci stron stosunku pracy o jego istocie i randze. Ma wi\u0119c walor nie tylko naukowy, ale r\u00f3wnie\u017c edukacyjny. Przeprowadzona przez Autora analiza jurydyczna, oparta na bogatym materiale \u017ar\u00f3d\u0142owym, b\u0119dzie przydatna zar\u00f3wno dla teoretyk\u00f3w prawa pracy, jak i praktyk\u00f3w stosuj\u0105cych to prawo, a tak\u017ce dla student\u00f3w prawa i administracji, kt\u00f3rzy mog\u0105 z niej czerpa\u0107 wiedz\u0119 o wielu r\u00f3\u017cnych instytucjach prawa pracy pozostaj\u0105cych w zwi\u0105zkach z przepisami innych ga\u0142\u0119zi prawa\u201d.<\/p>\n<p>Fragment recenzji dr hab. Teresy Wyki, prof. U\u0141<\/p><\/div>\n","protected":false},"excerpt":{"rendered":"<p>Autor: \u0141ukasz Bolesta Wydawca: UMCS Oprawa:\u00a0Mi\u0119kka Liczba stron:\u00a0254 Rok wydania:\u00a02024 [&hellip;]<\/p>\n","protected":false},"featured_media":19062,"template":"","meta":[],"product_brand":[],"product_cat":[18,7550],"product_tag":[8396,793],"class_list":{"0":"post-19061","1":"product","2":"type-product","3":"status-publish","4":"has-post-thumbnail","6":"product_cat-prawo","7":"product_cat-prawo-pracy","8":"product_tag-pracowniczy-obowiazek-lojalnosci","9":"product_tag-prawo-pracy","11":"first","12":"instock","13":"sale","14":"shipping-taxable","15":"purchasable","16":"product-type-simple"},"_links":{"self":[{"href":"https:\/\/ksiegarnia-akademicka.pl\/index.php\/wp-json\/wp\/v2\/product\/19061","targetHints":{"allow":["GET"]}}],"collection":[{"href":"https:\/\/ksiegarnia-akademicka.pl\/index.php\/wp-json\/wp\/v2\/product"}],"about":[{"href":"https:\/\/ksiegarnia-akademicka.pl\/index.php\/wp-json\/wp\/v2\/types\/product"}],"wp:featuredmedia":[{"embeddable":true,"href":"https:\/\/ksiegarnia-akademicka.pl\/index.php\/wp-json\/wp\/v2\/media\/19062"}],"wp:attachment":[{"href":"https:\/\/ksiegarnia-akademicka.pl\/index.php\/wp-json\/wp\/v2\/media?parent=19061"}],"wp:term":[{"taxonomy":"product_brand","embeddable":true,"href":"https:\/\/ksiegarnia-akademicka.pl\/index.php\/wp-json\/wp\/v2\/product_brand?post=19061"},{"taxonomy":"product_cat","embeddable":true,"href":"https:\/\/ksiegarnia-akademicka.pl\/index.php\/wp-json\/wp\/v2\/product_cat?post=19061"},{"taxonomy":"product_tag","embeddable":true,"href":"https:\/\/ksiegarnia-akademicka.pl\/index.php\/wp-json\/wp\/v2\/product_tag?post=19061"}],"curies":[{"name":"wp","href":"https:\/\/api.w.org\/{rel}","templated":true}]}}