{"id":18970,"date":"2024-12-11T08:30:15","date_gmt":"2024-12-11T07:30:15","guid":{"rendered":"http:\/\/ksiegarnia-akademicka.pl\/?post_type=product&#038;p=18970"},"modified":"2025-01-27T13:22:58","modified_gmt":"2025-01-27T12:22:58","slug":"zarzadzanie-cyberbezpieczenstwem-w-przedsiebiorstwie-doswiadczenia-wybranych-panstw-unii-europejskiej","status":"publish","type":"product","link":"https:\/\/ksiegarnia-akademicka.pl\/index.php\/product\/zarzadzanie-cyberbezpieczenstwem-w-przedsiebiorstwie-doswiadczenia-wybranych-panstw-unii-europejskiej\/","title":{"rendered":"Zarz\u0105dzanie cyberbezpiecze\u0144stwem w przedsi\u0119biorstwie Do\u015bwiadczenia wybranych pa\u0144stw Unii Europejskiej"},"content":{"rendered":"<div class=\"grupa osoby\"><span class=\"meta-head\">Autor:<\/span><\/p>\n<ul>\n<li class=\"meta-value\"><a class=\"aut\" title=\"Zobacz ksi\u0105\u017cki tego autora\" href=\"https:\/\/www.azymut.pl\/mw\/?m=105&amp;aid=158896\">Joanna Antczak<\/a><\/li>\n<\/ul>\n<\/div>\n<div class=\"grupa osoby\"><span class=\"meta-head-blue\">Redakcja:<\/span>\u00a0<span class=\"meta-value\">Difin<\/span><\/div>\n<div class=\"grupa wydawca\"><span class=\"meta-head\">Wydawca:<\/span>\u00a0<a class=\"wyd\" title=\"Zobacz pe\u0142n\u0105 ofert\u0119 wydawcy\" href=\"https:\/\/www.azymut.pl\/mw\/?m=105&amp;p=20629\">Difin<\/a><\/div>\n<div class=\"grupa dane\">\n<div>Oprawa:\u00a0<span class=\"meta-value-bold\">Mi\u0119kka<\/span><\/div>\n<div>Liczba stron:\u00a0<span class=\"meta-value-bold\">334<\/span><\/div>\n<div>Rok wydania:\u00a0<span class=\"meta-value-bold\">2024<\/span><\/div>\n<div>J\u0119zyk wydania:\u00a0<span class=\"meta-value-bold\">polski<\/span><\/div>\n<\/div>\n<div><\/div>\n<div>Ksi\u0105\u017cka stanowi kompleksowe opracowanie dotycz\u0105ce zarz\u0105dzania cyberbezpiecze\u0144stwem w dynamicznie zmieniaj\u0105cym si\u0119 \u015brodowisku cyfrowym. Publikacja przedstawia r\u00f3\u017cne podej\u015bcia do zarz\u0105dzania cyberbezpiecze\u0144stwem, omawiaj\u0105c zar\u00f3wno aspekty teoretyczne, jak i praktyczne \u2013 od wprowadzenia podstawowych poj\u0119\u0107, przez analiz\u0119 modeli i strategii, po om\u00f3wienie konkretnych przypadk\u00f3w oraz wyniki bada\u0144 empirycznych (ankiet i wywiad\u00f3w eksperckich). Ksi\u0105\u017cka skierowana jest do mened\u017cer\u00f3w, specjalist\u00f3w IT oraz os\u00f3b zainteresowanych zarz\u0105dzaniem cyberbezpiecze\u0144stwem, poszukuj\u0105cych rzetelnych wskaz\u00f3wek odnosz\u0105cych si\u0119 do zarz\u0105dzania w obliczu wsp\u00f3\u0142czesnych wyzwa\u0144 cyfrowych.<\/div>\n","protected":false},"excerpt":{"rendered":"<p>Autor: Joanna Antczak Redakcja:\u00a0Difin Wydawca:\u00a0Difin Oprawa:\u00a0Mi\u0119kka Liczba stron:\u00a0334 Rok wydania:\u00a02024 [&hellip;]<\/p>\n","protected":false},"featured_media":18971,"template":"","meta":[],"product_brand":[],"product_cat":[36,31,7515],"product_tag":[8096,103,3532],"class_list":{"0":"post-18970","1":"product","2":"type-product","3":"status-publish","4":"has-post-thumbnail","6":"product_cat-informatyka","7":"product_cat-przedsiebiorstwo","8":"product_cat-zarzadzanie-przedsiebiorstwem","9":"product_tag-cyberbezpieczenstwo","10":"product_tag-informatyka","11":"product_tag-organizacja-przedsiebiorstwa","13":"first","14":"instock","15":"sale","16":"shipping-taxable","17":"purchasable","18":"product-type-simple"},"_links":{"self":[{"href":"https:\/\/ksiegarnia-akademicka.pl\/index.php\/wp-json\/wp\/v2\/product\/18970","targetHints":{"allow":["GET"]}}],"collection":[{"href":"https:\/\/ksiegarnia-akademicka.pl\/index.php\/wp-json\/wp\/v2\/product"}],"about":[{"href":"https:\/\/ksiegarnia-akademicka.pl\/index.php\/wp-json\/wp\/v2\/types\/product"}],"wp:featuredmedia":[{"embeddable":true,"href":"https:\/\/ksiegarnia-akademicka.pl\/index.php\/wp-json\/wp\/v2\/media\/18971"}],"wp:attachment":[{"href":"https:\/\/ksiegarnia-akademicka.pl\/index.php\/wp-json\/wp\/v2\/media?parent=18970"}],"wp:term":[{"taxonomy":"product_brand","embeddable":true,"href":"https:\/\/ksiegarnia-akademicka.pl\/index.php\/wp-json\/wp\/v2\/product_brand?post=18970"},{"taxonomy":"product_cat","embeddable":true,"href":"https:\/\/ksiegarnia-akademicka.pl\/index.php\/wp-json\/wp\/v2\/product_cat?post=18970"},{"taxonomy":"product_tag","embeddable":true,"href":"https:\/\/ksiegarnia-akademicka.pl\/index.php\/wp-json\/wp\/v2\/product_tag?post=18970"}],"curies":[{"name":"wp","href":"https:\/\/api.w.org\/{rel}","templated":true}]}}