{"id":18928,"date":"2024-12-05T11:42:13","date_gmt":"2024-12-05T10:42:13","guid":{"rendered":"http:\/\/ksiegarnia-akademicka.pl\/?post_type=product&#038;p=18928"},"modified":"2025-01-27T13:31:45","modified_gmt":"2025-01-27T12:31:45","slug":"w-sieci-mediow-spolecznosciowych-teorie-i-metody-badan","status":"publish","type":"product","link":"https:\/\/ksiegarnia-akademicka.pl\/index.php\/product\/w-sieci-mediow-spolecznosciowych-teorie-i-metody-badan\/","title":{"rendered":"W sieci medi\u00f3w spo\u0142eczno\u015bciowych Teorie i metody bada\u0144"},"content":{"rendered":"<div class=\"grupa osoby\">\n<p><span class=\"meta-head\">Autor:<\/span><\/p>\n<ul>\n<li class=\"meta-value\"><a class=\"aut\" title=\"Zobacz ksi\u0105\u017cki tego autora\" href=\"https:\/\/www.azymut.pl\/mw\/?m=105&amp;aid=148194\">Aleksandra Powierska<\/a><\/li>\n<\/ul>\n<\/div>\n<div class=\"grupa wydawca\"><span class=\"meta-head\">Wydawca:<\/span>\u00a0<a class=\"wyd\" title=\"Zobacz pe\u0142n\u0105 ofert\u0119 wydawcy\" href=\"https:\/\/www.azymut.pl\/mw\/?m=105&amp;p=23367\">Wydawnictwo Uniwersytetu Jagiello\u0144skiego<\/a><\/div>\n<div class=\"grupa dane\">\n<div>Oprawa:\u00a0<span class=\"meta-value-bold\">Mi\u0119kka<\/span><\/div>\n<div>Format:\u00a0<span class=\"meta-value-bold\">15.8&#215;23.5cm<\/span><\/div>\n<div>Liczba stron:\u00a0<span class=\"meta-value-bold\">184<\/span><\/div>\n<div>Rok wydania:\u00a0<span class=\"meta-value-bold\">2024<\/span><\/div>\n<div>J\u0119zyk wydania:\u00a0<span class=\"meta-value-bold\">polski<\/span><\/div>\n<\/div>\n<div><\/div>\n<div>Jak bada\u0107 u\u017cytkownik\u00f3w Facebooka? Jakie wyzwania stoj\u0105 przed osobami analizuj\u0105cymi TikToka? Czy potrzebujemy nowych teorii wyja\u015bniaj\u0105cych \u015bwiat medi\u00f3w spo\u0142eczno\u015bciowych w dobie algorytmizacji i platformizacji kultury? Autorka odpowiada na powy\u017csze pytania, opisuj\u0105c aktualne nurty analityczne, wyniki autorskich bada\u0144 oraz przywo\u0142uj\u0105c prace innych badaczy i badaczek serwis\u00f3w spo\u0142eczno\u015bciowych. Om\u00f3wione w ksi\u0105\u017cce teorie i metody pozwol\u0105 czytelnikom lepiej zrozumie\u0107 specyfik\u0119 terenu badawczego, jakim s\u0105 wsp\u00f3\u0142czesne media spo\u0142eczno\u015bciowe, w kt\u00f3rych obok u\u017cytkownik\u00f3w ludzkich coraz wi\u0119ksz\u0105 rol\u0119 odgrywaj\u0105 aktorzy nie-ludzcy.<br \/>\nMonografia mo\u017ce zainteresowa\u0107 komercyjne podmioty zajmuj\u0105ce si\u0119 badaniami i monitorowaniem platform spo\u0142eczno\u015bciowych, a tak\u017ce pracownik\u00f3w dzia\u0142\u00f3w PR firm i instytucji oraz media planner\u00f3w. Pozwala bowiem zda\u0107 sobie spraw\u0119 ze specyfiki medi\u00f3w spo\u0142eczno\u015bciowych, r\u00f3\u017cnorodnych dynamik zwi\u0105zanych z ich u\u017cytkowaniem oraz unikalno\u015bci dyskurs\u00f3w i porz\u0105dk\u00f3w w\u0142adzy kszta\u0142tuj\u0105cych si\u0119 w ich obr\u0119bie. Autorka z niezwyk\u0142ym wyczuciem przek\u0142ada wszystkie te uwarunkowania na etapy projektowania bada\u0144, co sprawia, \u017ce czytelnik zostaje wyposa\u017cony w bogat\u0105 wiedz\u0119 na temat tego, co, jak i gdzie bada\u0107 w ramach owych platform. Z recenzji dr. hab. Jana Stasie\u0144ko, prof. UDDSW<br \/>\nAleksandra Powierska\u2013 kulturoznawczyni i medioznawczyni, adiunktka w Instytucie Sztuk Audiowizualnych Uniwersytetu Jagiello\u0144skiego. Praktyczka i teoretyczka. Autorka \u201ePodcastu Netnograficznego\u201d. Interesuje si\u0119 nowymi mediami, a w szczeg\u00f3lno\u015bci serwisami spo\u0142eczno\u015bciowymi i komunikacyjn\u0105 rol\u0105 obraz\u00f3w publikowanych w internecie.<\/div>\n","protected":false},"excerpt":{"rendered":"<p>Autor: Aleksandra Powierska Wydawca:\u00a0Wydawnictwo Uniwersytetu Jagiello\u0144skiego Oprawa:\u00a0Mi\u0119kka Format:\u00a015.8&#215;23.5cm Liczba stron:\u00a0184 [&hellip;]<\/p>\n","protected":false},"featured_media":18929,"template":"","meta":[],"product_brand":[],"product_cat":[27,7508],"product_tag":[5521,246],"class_list":{"0":"post-18928","1":"product","2":"type-product","3":"status-publish","4":"has-post-thumbnail","6":"product_cat-nauki-spoleczne","7":"product_cat-socjologia","8":"product_tag-media-spolecznosciowe","9":"product_tag-socjologia","11":"first","12":"instock","13":"sale","14":"shipping-taxable","15":"purchasable","16":"product-type-simple"},"_links":{"self":[{"href":"https:\/\/ksiegarnia-akademicka.pl\/index.php\/wp-json\/wp\/v2\/product\/18928","targetHints":{"allow":["GET"]}}],"collection":[{"href":"https:\/\/ksiegarnia-akademicka.pl\/index.php\/wp-json\/wp\/v2\/product"}],"about":[{"href":"https:\/\/ksiegarnia-akademicka.pl\/index.php\/wp-json\/wp\/v2\/types\/product"}],"wp:featuredmedia":[{"embeddable":true,"href":"https:\/\/ksiegarnia-akademicka.pl\/index.php\/wp-json\/wp\/v2\/media\/18929"}],"wp:attachment":[{"href":"https:\/\/ksiegarnia-akademicka.pl\/index.php\/wp-json\/wp\/v2\/media?parent=18928"}],"wp:term":[{"taxonomy":"product_brand","embeddable":true,"href":"https:\/\/ksiegarnia-akademicka.pl\/index.php\/wp-json\/wp\/v2\/product_brand?post=18928"},{"taxonomy":"product_cat","embeddable":true,"href":"https:\/\/ksiegarnia-akademicka.pl\/index.php\/wp-json\/wp\/v2\/product_cat?post=18928"},{"taxonomy":"product_tag","embeddable":true,"href":"https:\/\/ksiegarnia-akademicka.pl\/index.php\/wp-json\/wp\/v2\/product_tag?post=18928"}],"curies":[{"name":"wp","href":"https:\/\/api.w.org\/{rel}","templated":true}]}}