{"id":18905,"date":"2024-12-03T13:13:44","date_gmt":"2024-12-03T12:13:44","guid":{"rendered":"http:\/\/ksiegarnia-akademicka.pl\/?post_type=product&#038;p=18905"},"modified":"2024-12-03T13:13:45","modified_gmt":"2024-12-03T12:13:45","slug":"prawo-unii-europejskiej-w-pigulce","status":"publish","type":"product","link":"https:\/\/ksiegarnia-akademicka.pl\/index.php\/product\/prawo-unii-europejskiej-w-pigulce\/","title":{"rendered":"Prawo Unii Europejskiej w pigu\u0142ce"},"content":{"rendered":"<p>Seria: W pigu\u0142ce<\/p>\n<div class=\"grupa wydawca\"><span class=\"meta-head\">Wydawca:<\/span>\u00a0<a class=\"wyd\" title=\"Zobacz pe\u0142n\u0105 ofert\u0119 wydawcy\" href=\"https:\/\/www.azymut.pl\/mw\/?m=105&amp;p=25291\">C.H. Beck<\/a><\/div>\n<div class=\"grupa dane\">\n<div>Oprawa:\u00a0<span class=\"meta-value-bold\">Mi\u0119kka<\/span><\/div>\n<div>Format:\u00a0<span class=\"meta-value-bold\">14.5&#215;19.0cm<\/span><\/div>\n<div>Liczba stron:\u00a0<span class=\"meta-value-bold\">336<\/span><\/div>\n<div>Wydanie:\u00a0<span class=\"meta-value-bold\">2<\/span><\/div>\n<div>Rok wydania:\u00a0<span class=\"meta-value-bold\">2023<\/span><\/div>\n<div>J\u0119zyk wydania:\u00a0<span class=\"meta-value-bold\">polski<\/span><\/div>\n<\/div>\n<div><\/div>\n<div>Publikacja stanowi kompleksowe opracowanie do nauki i powt\u00f3rki przed egzaminem. W ksi\u0105\u017cce zosta\u0142y zawarte najwa\u017cniejsze zagadnienia z zakresu prawa Unii Europejskiej.<\/p>\n<p>Opracowanie zosta\u0142o podzielone na 4 dzia\u0142y tematyczne, a w nich m.in.:<br \/>\nZarys integracji europejskiej,<br \/>\nAksjologia Unii Europejskiej,<br \/>\nStruktura instytucjonalna Unii Europejskiej,<br \/>\nStanowienie prawa Unii Europejskiej,<br \/>\nZasady stosowania prawa unijnego,<br \/>\nS\u0105dowy system ochrony prawnej w Unii Europejskiej,<br \/>\nPolityki i dzia\u0142ania wewn\u0119trzne Unii Europejskiej,<br \/>\nUnia Gospodarcza i Walutowa,<br \/>\nDzia\u0142ania zewn\u0119trzne Unii Europejskiej.<\/p>\n<p>Na ko\u0144cu ka\u017cdej z cz\u0119\u015bci znajduje test, dzi\u0119ki kt\u00f3remu mo\u017cesz sprawdzi\u0107 poziom zdobytej wiedzy.<\/p><\/div>\n","protected":false},"excerpt":{"rendered":"<p>Seria: W pigu\u0142ce Wydawca:\u00a0C.H. Beck Oprawa:\u00a0Mi\u0119kka Format:\u00a014.5&#215;19.0cm Liczba stron:\u00a0336 Wydanie:\u00a02 [&hellip;]<\/p>\n","protected":false},"featured_media":18906,"template":"","meta":[],"product_brand":[],"product_cat":[18,7719,25],"product_tag":[1027,6980,250],"class_list":{"0":"post-18905","1":"product","2":"type-product","3":"status-publish","4":"has-post-thumbnail","6":"product_cat-prawo","7":"product_cat-prawo-miedzynarodowe","8":"product_cat-unia-europejska","9":"product_tag-prawo-miedzynarodowe","10":"product_tag-seria-w-pigulce","11":"product_tag-unia-europejska","13":"first","14":"instock","15":"sale","16":"shipping-taxable","17":"purchasable","18":"product-type-simple"},"_links":{"self":[{"href":"https:\/\/ksiegarnia-akademicka.pl\/index.php\/wp-json\/wp\/v2\/product\/18905","targetHints":{"allow":["GET"]}}],"collection":[{"href":"https:\/\/ksiegarnia-akademicka.pl\/index.php\/wp-json\/wp\/v2\/product"}],"about":[{"href":"https:\/\/ksiegarnia-akademicka.pl\/index.php\/wp-json\/wp\/v2\/types\/product"}],"wp:featuredmedia":[{"embeddable":true,"href":"https:\/\/ksiegarnia-akademicka.pl\/index.php\/wp-json\/wp\/v2\/media\/18906"}],"wp:attachment":[{"href":"https:\/\/ksiegarnia-akademicka.pl\/index.php\/wp-json\/wp\/v2\/media?parent=18905"}],"wp:term":[{"taxonomy":"product_brand","embeddable":true,"href":"https:\/\/ksiegarnia-akademicka.pl\/index.php\/wp-json\/wp\/v2\/product_brand?post=18905"},{"taxonomy":"product_cat","embeddable":true,"href":"https:\/\/ksiegarnia-akademicka.pl\/index.php\/wp-json\/wp\/v2\/product_cat?post=18905"},{"taxonomy":"product_tag","embeddable":true,"href":"https:\/\/ksiegarnia-akademicka.pl\/index.php\/wp-json\/wp\/v2\/product_tag?post=18905"}],"curies":[{"name":"wp","href":"https:\/\/api.w.org\/{rel}","templated":true}]}}