{"id":18889,"date":"2024-12-03T08:29:38","date_gmt":"2024-12-03T07:29:38","guid":{"rendered":"http:\/\/ksiegarnia-akademicka.pl\/?post_type=product&#038;p=18889"},"modified":"2024-12-03T08:29:38","modified_gmt":"2024-12-03T07:29:38","slug":"narodzic-sie-poczatek-nowej-istoty-ludzkiej","status":"publish","type":"product","link":"https:\/\/ksiegarnia-akademicka.pl\/index.php\/product\/narodzic-sie-poczatek-nowej-istoty-ludzkiej\/","title":{"rendered":"Narodzi\u0107 si\u0119 Pocz\u0105tek nowej istoty ludzkiej"},"content":{"rendered":"<div class=\"grupa osoby\"><span class=\"meta-head\">Autor:<\/span><\/p>\n<ul>\n<li class=\"meta-value\"><a class=\"aut\" title=\"Zobacz ksi\u0105\u017cki tego autora\" href=\"https:\/\/www.azymut.pl\/mw\/?m=105&amp;aid=64383\">Luce Irigaray<\/a><\/li>\n<\/ul>\n<\/div>\n<div class=\"grupa osoby\"><span class=\"meta-head-blue\">T\u0142umacze:<\/span>\u00a0<span class=\"meta-value\">Szopa Katarzyna<\/span><\/div>\n<div class=\"grupa wydawca\"><span class=\"meta-head\">Wydawca:<\/span>\u00a0<a class=\"wyd\" title=\"Zobacz pe\u0142n\u0105 ofert\u0119 wydawcy\" href=\"https:\/\/www.azymut.pl\/mw\/?m=105&amp;p=26228\">S\u0142owo\/obraz terytoria<\/a><\/div>\n<div class=\"grupa dane\">\n<div>Oprawa:\u00a0<span class=\"meta-value-bold\">Mi\u0119kka<\/span><\/div>\n<div>Format:\u00a0<span class=\"meta-value-bold\">12.5&#215;19.5cm<\/span><\/div>\n<div>Liczba stron:\u00a0<span class=\"meta-value-bold\">150<\/span><\/div>\n<div>Rok wydania:\u00a0<span class=\"meta-value-bold\">2024<\/span><\/div>\n<div>J\u0119zyk wydania:\u00a0<span class=\"meta-value-bold\">polski<\/span><\/div>\n<\/div>\n<div><\/div>\n<div>W Narodzi\u0107 si\u0119 Luce Irigaray \u2013 jedna z czo\u0142owych filozofek wsp\u00f3\u0142czesnych, kt\u00f3rej my\u015bl wyk\u0142adana jest na uniwersytetach na ca\u0142ym \u015bwiecie \u2013 proponuje nowy spos\u00f3b rozumienia tego, kim jest cz\u0142owiek. W swoim namy\u015ble nad istot\u0105 cz\u0142owiecze\u0144stwa skupia si\u0119 w szczeg\u00f3lno\u015bci na pytaniu o pocz\u0105tki i pochodzenie. Prze\u0142amuje tym samym paradygmat ustanowiony przez androcentryczn\u0105 tradycj\u0119 filozoficzn\u0105 Zachodu, dla kt\u00f3rej dominuj\u0105cym punktem odniesienia jest przewa\u017cnie \u015bmier\u0107. Tymczasem wedle Irigaray kwesti\u0105 fundamentaln\u0105 s\u0105 narodziny, rozumiane z jednej strony jako afirmacja autonomii, z drugiej \u2013 jako droga ku relacyjno\u015bci i rozwojowi istoty ludzkiej.<\/p>\n<p>Bez wzgl\u0119du na nieznane okoliczno\u015bci naszego pocz\u0119cia pragn\u0119li\u015bmy si\u0119 narodzi\u0107. Nasze istnienie nie mo\u017ce by\u0107 wynikiem zwyk\u0142ego przypadku, a nasza ch\u0119\u0107 do \u017cycia objawi\u0142a si\u0119 wyra\u017anie w chwili naszych narodzin. To my sami mieli\u015bmy wp\u0142yw na ten moment. I to my zrodzili\u015bmy siebie za spraw\u0105 pierwszego oddechu. Pomimo \u017ce ma\u0142y cz\u0142owiek, aby przetrwa\u0107, d\u0142ugo pozostaje zale\u017cny od innych, to on da\u0142 sobie \u017cycie, by m\u00f3c przyj\u015b\u0107 na \u015bwiat \u2013 i da\u0142 to \u017cycie sobie samemu. Je\u017celi nawet zosta\u0142 pocz\u0119ty przez dwoje ludzi i zacz\u0105\u0142 swoj\u0105 ludzk\u0105 egzystencj\u0119 w ciele innej, to samodzielnie podj\u0105\u0142 decyzj\u0119, by si\u0119 pojawi\u0107 w uniwersum tego, co \u017cyj\u0105ce.<\/p>\n<p>\u2013 Luce Irigaray<\/p><\/div>\n","protected":false},"excerpt":{"rendered":"<p>Autor: Luce Irigaray T\u0142umacze:\u00a0Szopa Katarzyna Wydawca:\u00a0S\u0142owo\/obraz terytoria Oprawa:\u00a0Mi\u0119kka Format:\u00a012.5&#215;19.5cm Liczba [&hellip;]<\/p>\n","protected":false},"featured_media":18890,"template":"","meta":[],"product_brand":[],"product_cat":[7506,27],"product_tag":[233],"class_list":{"0":"post-18889","1":"product","2":"type-product","3":"status-publish","4":"has-post-thumbnail","6":"product_cat-filozofia","7":"product_cat-nauki-spoleczne","8":"product_tag-filozofia","10":"first","11":"instock","12":"sale","13":"shipping-taxable","14":"purchasable","15":"product-type-simple"},"_links":{"self":[{"href":"https:\/\/ksiegarnia-akademicka.pl\/index.php\/wp-json\/wp\/v2\/product\/18889","targetHints":{"allow":["GET"]}}],"collection":[{"href":"https:\/\/ksiegarnia-akademicka.pl\/index.php\/wp-json\/wp\/v2\/product"}],"about":[{"href":"https:\/\/ksiegarnia-akademicka.pl\/index.php\/wp-json\/wp\/v2\/types\/product"}],"wp:featuredmedia":[{"embeddable":true,"href":"https:\/\/ksiegarnia-akademicka.pl\/index.php\/wp-json\/wp\/v2\/media\/18890"}],"wp:attachment":[{"href":"https:\/\/ksiegarnia-akademicka.pl\/index.php\/wp-json\/wp\/v2\/media?parent=18889"}],"wp:term":[{"taxonomy":"product_brand","embeddable":true,"href":"https:\/\/ksiegarnia-akademicka.pl\/index.php\/wp-json\/wp\/v2\/product_brand?post=18889"},{"taxonomy":"product_cat","embeddable":true,"href":"https:\/\/ksiegarnia-akademicka.pl\/index.php\/wp-json\/wp\/v2\/product_cat?post=18889"},{"taxonomy":"product_tag","embeddable":true,"href":"https:\/\/ksiegarnia-akademicka.pl\/index.php\/wp-json\/wp\/v2\/product_tag?post=18889"}],"curies":[{"name":"wp","href":"https:\/\/api.w.org\/{rel}","templated":true}]}}