{"id":18765,"date":"2024-11-26T08:26:13","date_gmt":"2024-11-26T07:26:13","guid":{"rendered":"http:\/\/ksiegarnia-akademicka.pl\/?post_type=product&#038;p=18765"},"modified":"2024-11-26T08:26:13","modified_gmt":"2024-11-26T07:26:13","slug":"podstawa-wymiaru-zasilkow-chorobowych-zasady-ustalania","status":"publish","type":"product","link":"https:\/\/ksiegarnia-akademicka.pl\/index.php\/product\/podstawa-wymiaru-zasilkow-chorobowych-zasady-ustalania\/","title":{"rendered":"Podstawa wymiaru zasi\u0142k\u00f3w chorobowych Zasady ustalania"},"content":{"rendered":"<div class=\"grupa osoby\"><span class=\"meta-head\">Autor:<\/span><\/p>\n<ul>\n<li class=\"meta-value\"><a class=\"aut\" title=\"Zobacz ksi\u0105\u017cki tego autora\" href=\"https:\/\/www.azymut.pl\/mw\/?m=105&amp;aid=111135\">Renata Tonder<\/a><\/li>\n<\/ul>\n<\/div>\n<div class=\"grupa wydawca\"><span class=\"meta-head\">Wydawca:<\/span>\u00a0<a class=\"wyd\" title=\"Zobacz pe\u0142n\u0105 ofert\u0119 wydawcy\" href=\"https:\/\/www.azymut.pl\/mw\/?m=105&amp;p=29883\">Infor<\/a><\/div>\n<div class=\"grupa dane\">\n<div>Oprawa:\u00a0<span class=\"meta-value-bold\">Kartonowa Foliowana<\/span><\/div>\n<div>Format:\u00a0<span class=\"meta-value-bold\">16.5&#215;23.5cm<\/span><\/div>\n<div>Liczba stron:\u00a0<span class=\"meta-value-bold\">108<\/span><\/div>\n<div>Rok wydania:\u00a0<span class=\"meta-value-bold\">2024<\/span><\/div>\n<div>J\u0119zyk wydania:\u00a0<span class=\"meta-value-bold\">polski<\/span><\/div>\n<\/div>\n<div>Aby osoby podlegaj\u0105ce ubezpieczeniu chorobowemu i wypadkowemu otrzyma\u0142y \u015bwiadczenie przys\u0142uguj\u0105ce im w razie niezdolno\u015bci do pracy, ZUS i uprawnieni p\u0142atnicy sk\u0142adek (np. pracodawcy lub zleceniodawcy) musz\u0105 ustali\u0107 prawo do okre\u015blonych zasi\u0142k\u00f3w oraz obliczy\u0107 ich wysoko\u015b\u0107 \u2013 w kwotach, kt\u00f3re wynikaj\u0105 z prawid\u0142owo ustalonej podstawy wymiaru tych \u015bwiadcze\u0144.<br \/>\nW praktyce p\u0142atnicy zasi\u0142k\u00f3w maj\u0105 jednak wiele problem\u00f3w z ustalaniem podstawy zasi\u0142kowej. Na wysoko\u015b\u0107 tej podstawy maj\u0105 wp\u0142yw regularnie wyp\u0142acane sk\u0142adniki wynagrodzenia (np. wynagrodzenie zasadnicze), jak r\u00f3wnie\u017c sk\u0142adniki dodatkowe (premie, nagrody).<br \/>\nW publikacji \u201ePodstawa wymiaru zasi\u0142k\u00f3w chorobowych\u201d przyst\u0119pnie obja\u015bniono:<br \/>\n?\u00a0\u00a0\u00a0\u00a0definicje wynagrodzenia i przychodu, kt\u00f3re s\u0105 uwzgl\u0119dniane przy ustalaniu podstawy wymiaru zasi\u0142k\u00f3w,<br \/>\n?\u00a0\u00a0\u00a0\u00a0zasady ustalania okresu stanowi\u0105cego podstaw\u0119 wymiaru zasi\u0142k\u00f3w,<br \/>\n?\u00a0\u00a0\u00a0\u00a0przypadki wy\u0142\u0105czenia lub przyj\u0119cia do podstawy zasi\u0142kowej po uzupe\u0142nieniu wynagrodzenia pracownik\u00f3w,<br \/>\n?\u00a0\u00a0\u00a0\u00a0regu\u0142y uzupe\u0142niania wynagrodzenia w zale\u017cno\u015bci od tego, czy jest to wynagrodzenie sta\u0142e, czy zmienne,<br \/>\n?\u00a0\u00a0\u00a0\u00a0zasady ustalania podstawy zasi\u0142kowej dla pracownik\u00f3w tymczasowych, kt\u00f3re nieco r\u00f3\u017cni\u0105 si\u0119 od zasad og\u00f3lnych.<br \/>\nPonadto w poradniku opisano, jak w podstawie zasi\u0142kowej uwzgl\u0119dniane s\u0105 przychody uzyskane przez osoby nieb\u0119d\u0105ce pracownikami \u2013 czyli zleceniobiorc\u00f3w lub przedsi\u0119biorc\u00f3w. Mimo \u017ce w przypadku przedsi\u0119biorc\u00f3w zasi\u0142ki s\u0105 wyp\u0142acane przez jednostki ZUS \u2013 warto wiedzie\u0107:<br \/>\n?\u00a0\u00a0\u00a0\u00a0w jaki spos\u00f3b podstawa ich wymiaru jest ustalana,<br \/>\n?\u00a0\u00a0\u00a0\u00a0kiedy do okresu zasi\u0142kowego zostanie wliczony okres poprzedniego ubezpieczenia chorobowego oraz<br \/>\n?\u00a0\u00a0\u00a0\u00a0jak wy\u017csza zadeklarowana podstawa wymiaru sk\u0142adek na ubezpieczenia spo\u0142eczne wp\u0142ywa na wysoko\u015b\u0107 tych \u015bwiadcze\u0144.<br \/>\nWyja\u015bnieniom uregulowa\u0144 prawnych towarzysz\u0105 liczne przyk\u0142ady dotycz\u0105ce ustalania podstawy wymiaru dla r\u00f3\u017cnych grup ubezpieczonych \u2013 w tym dla pracownik\u00f3w, pracownik\u00f3w tymczasowych, zleceniobiorc\u00f3w \u2013 podlegaj\u0105cych ubezpieczeniu chorobowemu zar\u00f3wno obowi\u0105zkowo, jak i na zasadach dobrowolno\u015bci.<br \/>\nW poradniku \u201ePodstawa wymiaru zasi\u0142k\u00f3w chorobowych\u201d w usystematyzowany i praktyczny spos\u00f3b opisano wszelkie zagadnienia zwi\u0105zane z ustalaniem podstawy wymiaru zasi\u0142k\u00f3w oraz zamieszczono liczne przyk\u0142ady odzwierciedlaj\u0105ce te zasady.<br \/>\nTo przyst\u0119pne opracowanie pomo\u017ce w pracy specjalistom z zakresu kadr i p\u0142ac, kadrowym i ksi\u0119gowym. Skierowane jest r\u00f3wnie\u017c do przedsi\u0119biorc\u00f3w i pracodawc\u00f3w oraz biur rachunkowych, kt\u00f3re prowadz\u0105 obs\u0142ug\u0119 w tym zakresie.<\/div>\n","protected":false},"excerpt":{"rendered":"<p>Autor: Renata Tonder Wydawca:\u00a0Infor Oprawa:\u00a0Kartonowa Foliowana Format:\u00a016.5&#215;23.5cm Liczba stron:\u00a0108 Rok [&hellip;]<\/p>\n","protected":false},"featured_media":18766,"template":"","meta":[],"product_brand":[],"product_cat":[18,7550,23],"product_tag":[793,1496,8340],"class_list":{"0":"post-18765","1":"product","2":"type-product","3":"status-publish","4":"has-post-thumbnail","6":"product_cat-prawo","7":"product_cat-prawo-pracy","8":"product_cat-rachunkowosc","9":"product_tag-prawo-pracy","10":"product_tag-rachunkowosc","11":"product_tag-zasilki-chorobowe","13":"first","14":"instock","15":"sale","16":"shipping-taxable","17":"purchasable","18":"product-type-simple"},"_links":{"self":[{"href":"https:\/\/ksiegarnia-akademicka.pl\/index.php\/wp-json\/wp\/v2\/product\/18765","targetHints":{"allow":["GET"]}}],"collection":[{"href":"https:\/\/ksiegarnia-akademicka.pl\/index.php\/wp-json\/wp\/v2\/product"}],"about":[{"href":"https:\/\/ksiegarnia-akademicka.pl\/index.php\/wp-json\/wp\/v2\/types\/product"}],"wp:featuredmedia":[{"embeddable":true,"href":"https:\/\/ksiegarnia-akademicka.pl\/index.php\/wp-json\/wp\/v2\/media\/18766"}],"wp:attachment":[{"href":"https:\/\/ksiegarnia-akademicka.pl\/index.php\/wp-json\/wp\/v2\/media?parent=18765"}],"wp:term":[{"taxonomy":"product_brand","embeddable":true,"href":"https:\/\/ksiegarnia-akademicka.pl\/index.php\/wp-json\/wp\/v2\/product_brand?post=18765"},{"taxonomy":"product_cat","embeddable":true,"href":"https:\/\/ksiegarnia-akademicka.pl\/index.php\/wp-json\/wp\/v2\/product_cat?post=18765"},{"taxonomy":"product_tag","embeddable":true,"href":"https:\/\/ksiegarnia-akademicka.pl\/index.php\/wp-json\/wp\/v2\/product_tag?post=18765"}],"curies":[{"name":"wp","href":"https:\/\/api.w.org\/{rel}","templated":true}]}}