{"id":18756,"date":"2024-11-25T09:58:13","date_gmt":"2024-11-25T08:58:13","guid":{"rendered":"http:\/\/ksiegarnia-akademicka.pl\/?post_type=product&#038;p=18756"},"modified":"2026-03-21T09:11:29","modified_gmt":"2026-03-21T08:11:29","slug":"immunologia-kliniczna-praktyczny-przewodnik","status":"publish","type":"product","link":"https:\/\/ksiegarnia-akademicka.pl\/index.php\/product\/immunologia-kliniczna-praktyczny-przewodnik\/","title":{"rendered":"Immunologia kliniczna praktyczny przewodnik"},"content":{"rendered":"<div class=\"grupa osoby\"><span class=\"meta-head\">Autor:<\/span><\/p>\n<ul>\n<li class=\"meta-value\"><a class=\"aut\" title=\"Zobacz ksi\u0105\u017cki tego autora\" href=\"https:\/\/www.azymut.pl\/mw\/?m=105&amp;aid=145399\">Dariusz So\u0142dacki<\/a><\/li>\n<\/ul>\n<\/div>\n<div class=\"grupa wydawca\"><span class=\"meta-head\">Wydawca:<\/span>\u00a0<a class=\"wyd\" title=\"Zobacz pe\u0142n\u0105 ofert\u0119 wydawcy\" href=\"https:\/\/www.azymut.pl\/mw\/?m=105&amp;p=20384\">PZWL<\/a><\/div>\n<div class=\"grupa dane\">\n<div>Oprawa:\u00a0<span class=\"meta-value-bold\">Mi\u0119kka<\/span><\/div>\n<div>Format:\u00a0<span class=\"meta-value-bold\">16.5&#215;23.5cm<\/span><\/div>\n<div>Liczba stron:\u00a0<span class=\"meta-value-bold\">200<\/span><\/div>\n<div>Wydanie:\u00a0<span class=\"meta-value-bold\">1<\/span><\/div>\n<div>Rok wydania:\u00a0<span class=\"meta-value-bold\">2024<\/span><\/div>\n<div>J\u0119zyk wydania:\u00a0<span class=\"meta-value-bold\">polski<\/span><\/div>\n<\/div>\n<div>Immunologia kliniczna \u2013 praktyczny przewodnik to opracowanie zaburze\u0144 odporno\u015bci w oparciu o najnowsze wytyczne mi\u0119dzynarodowych towarzystw, z uwzgl\u0119dnieniem podstawowej wiedzy immunologicznej, pomocnej w zrozumieniu patomechanizm\u00f3w zaburze\u0144. Zalet\u0105 ksi\u0105\u017cki jest unikatowe po\u0142\u0105czenie immunologii z immunologi\u0105 kliniczn\u0105 w jednej monografii. Przejrzysto\u015b\u0107, czytelno\u015b\u0107 oraz du\u017ca ilo\u015b\u0107 tabel i diagram\u00f3w z pewno\u015bci\u0105 u\u0142atwi Pa\u0144stwu odnalezienie potrzebnych tre\u015bci, mo\u017cliwych do wykorzystania przy podejrzeniu lub po rozpoznaniu niedoboru odporno\u015bci.<\/div>\n","protected":false},"excerpt":{"rendered":"<p>Autor: Dariusz So\u0142dacki Wydawca:\u00a0PZWL Oprawa:\u00a0Mi\u0119kka Format:\u00a016.5&#215;23.5cm Liczba stron:\u00a0200 Wydanie:\u00a01 Rok [&hellip;]<\/p>\n","protected":false},"featured_media":18757,"template":"","meta":[],"product_brand":[],"product_cat":[7964,7493],"product_tag":[4806,6693,8095,3994],"class_list":{"0":"post-18756","1":"product","2":"type-product","3":"status-publish","4":"has-post-thumbnail","6":"product_cat-biochemia","7":"product_cat-medycyna","8":"product_tag-biochemia","9":"product_tag-immunologia","10":"product_tag-immunologia-kliniczna","11":"product_tag-medycyna","13":"first","14":"instock","15":"sale","16":"shipping-taxable","17":"purchasable","18":"product-type-simple"},"_links":{"self":[{"href":"https:\/\/ksiegarnia-akademicka.pl\/index.php\/wp-json\/wp\/v2\/product\/18756","targetHints":{"allow":["GET"]}}],"collection":[{"href":"https:\/\/ksiegarnia-akademicka.pl\/index.php\/wp-json\/wp\/v2\/product"}],"about":[{"href":"https:\/\/ksiegarnia-akademicka.pl\/index.php\/wp-json\/wp\/v2\/types\/product"}],"wp:featuredmedia":[{"embeddable":true,"href":"https:\/\/ksiegarnia-akademicka.pl\/index.php\/wp-json\/wp\/v2\/media\/18757"}],"wp:attachment":[{"href":"https:\/\/ksiegarnia-akademicka.pl\/index.php\/wp-json\/wp\/v2\/media?parent=18756"}],"wp:term":[{"taxonomy":"product_brand","embeddable":true,"href":"https:\/\/ksiegarnia-akademicka.pl\/index.php\/wp-json\/wp\/v2\/product_brand?post=18756"},{"taxonomy":"product_cat","embeddable":true,"href":"https:\/\/ksiegarnia-akademicka.pl\/index.php\/wp-json\/wp\/v2\/product_cat?post=18756"},{"taxonomy":"product_tag","embeddable":true,"href":"https:\/\/ksiegarnia-akademicka.pl\/index.php\/wp-json\/wp\/v2\/product_tag?post=18756"}],"curies":[{"name":"wp","href":"https:\/\/api.w.org\/{rel}","templated":true}]}}