{"id":18750,"date":"2024-11-25T09:50:20","date_gmt":"2024-11-25T08:50:20","guid":{"rendered":"http:\/\/ksiegarnia-akademicka.pl\/?post_type=product&#038;p=18750"},"modified":"2025-01-07T13:16:28","modified_gmt":"2025-01-07T12:16:28","slug":"u-zarania-radomskich-skrzydel-szkola-podchorazych-rezerwy-lotnictwa-w-sadkowie-kolo-radomia-1937-1939","status":"publish","type":"product","link":"https:\/\/ksiegarnia-akademicka.pl\/index.php\/product\/u-zarania-radomskich-skrzydel-szkola-podchorazych-rezerwy-lotnictwa-w-sadkowie-kolo-radomia-1937-1939\/","title":{"rendered":"U zarania radomskich skrzyde\u0142 Szko\u0142a Podchor\u0105\u017cych Rezerwy Lotnictwa w Sadkowie ko\u0142o Radomia 1937-1939"},"content":{"rendered":"<div class=\"grupa osoby\"><span class=\"meta-head\">Autor:<\/span><\/p>\n<ul>\n<li class=\"meta-value\"><a class=\"aut\" title=\"Zobacz ksi\u0105\u017cki tego autora\" href=\"https:\/\/www.azymut.pl\/mw\/?m=105&amp;aid=130189\">Krzysztof Busse<\/a><\/li>\n<\/ul>\n<\/div>\n<div class=\"grupa wydawca\"><span class=\"meta-head\">Wydawca:<\/span>\u00a0<a class=\"wyd\" title=\"Zobacz pe\u0142n\u0105 ofert\u0119 wydawcy\" href=\"https:\/\/www.azymut.pl\/mw\/?m=105&amp;p=30552\">IPN<\/a><\/div>\n<div class=\"grupa dane\">\n<div>Oprawa:\u00a0<span class=\"meta-value-bold\">Mi\u0119kka ze skrzyde\u0142kami<\/span><\/div>\n<div>Format:\u00a0<span class=\"meta-value-bold\">21.0&#215;21.0cm<\/span><\/div>\n<div>Liczba stron:\u00a0<span class=\"meta-value-bold\">144<\/span><\/div>\n<div>Rok wydania:\u00a0<span class=\"meta-value-bold\">2024<\/span><\/div>\n<div>J\u0119zyk wydania:\u00a0<span class=\"meta-value-bold\">polski<\/span><\/div>\n<\/div>\n<div>Ksi\u0105\u017cka po\u015bwi\u0119cona SPRL w Sadkowie ko\u0142o Radomia jest bogato ilustrowan\u0105 zdj\u0119ciami z pami\u0105tkowego albumu histori\u0105 jednej z wa\u017cniejszych plac\u00f3wek polskiego szkolnictwa lotniczego okresu mi\u0119dzywojennego. Sadk\u00f3w \u2013 jak si\u0119 okazuje &#8211; nieprzypadkowo sta\u0142 si\u0119 miejscem budowy szko\u0142y pilot\u00f3w LOPP, przekazanej w 1932 r. Wojsku Polskiemu. Publikacja przedstawia wydarzenia prowadz\u0105ce do powstania szko\u0142y podleg\u0142ej najpierw CWOL w D\u0119blinie, a p\u00f3\u017aniej samodzielnej ju\u017c SPRL (1937-1939). Wa\u017cnym elementem ksi\u0105\u017cki s\u0105 rozbudowane biogramy kilku \u017co\u0142nierzy zwi\u0105zanych ze szko\u0142\u0105, jak te\u017c reprodukcje zdj\u0119\u0107 i dokument\u00f3w, w du\u017cej cz\u0119\u015bci nigdy dot\u0105d niepublikowanych. Dope\u0142nieniem jest przedstawienie form upami\u0119tnienia lotnik\u00f3w na terenie ziemi radomskiej, w tym zw\u0142aszcza oficer\u00f3w i s\u0142uchaczy Szko\u0142y Podchor\u0105\u017cych Rezerwy Lotnictwa. Obecnie kontynuatorem tych tradycji jest ulokowana na Sadkowie 42. Baza Lotnictwa Szkolnego. Publikacja ta uzupe\u0142nia wiele luk w wiedzy o dzia\u0142alno\u015bci SPRL i jest odpowiedzi\u0105 na oczekiwania pasjonat\u00f3w interesuj\u0105cych si\u0119 polskim lotnictwem wojskowym.<\/div>\n","protected":false},"excerpt":{"rendered":"<p>Autor: Krzysztof Busse Wydawca:\u00a0IPN Oprawa:\u00a0Mi\u0119kka ze skrzyde\u0142kami Format:\u00a021.0&#215;21.0cm Liczba stron:\u00a0144 [&hellip;]<\/p>\n","protected":false},"featured_media":18751,"template":"","meta":[],"product_brand":[],"product_cat":[38],"product_tag":[71,5013,205],"class_list":{"0":"post-18750","1":"product","2":"type-product","3":"status-publish","4":"has-post-thumbnail","6":"product_cat-historia","7":"product_tag-historia","8":"product_tag-lotnictwo","9":"product_tag-radom","11":"first","12":"instock","13":"sale","14":"shipping-taxable","15":"purchasable","16":"product-type-simple"},"_links":{"self":[{"href":"https:\/\/ksiegarnia-akademicka.pl\/index.php\/wp-json\/wp\/v2\/product\/18750","targetHints":{"allow":["GET"]}}],"collection":[{"href":"https:\/\/ksiegarnia-akademicka.pl\/index.php\/wp-json\/wp\/v2\/product"}],"about":[{"href":"https:\/\/ksiegarnia-akademicka.pl\/index.php\/wp-json\/wp\/v2\/types\/product"}],"wp:featuredmedia":[{"embeddable":true,"href":"https:\/\/ksiegarnia-akademicka.pl\/index.php\/wp-json\/wp\/v2\/media\/18751"}],"wp:attachment":[{"href":"https:\/\/ksiegarnia-akademicka.pl\/index.php\/wp-json\/wp\/v2\/media?parent=18750"}],"wp:term":[{"taxonomy":"product_brand","embeddable":true,"href":"https:\/\/ksiegarnia-akademicka.pl\/index.php\/wp-json\/wp\/v2\/product_brand?post=18750"},{"taxonomy":"product_cat","embeddable":true,"href":"https:\/\/ksiegarnia-akademicka.pl\/index.php\/wp-json\/wp\/v2\/product_cat?post=18750"},{"taxonomy":"product_tag","embeddable":true,"href":"https:\/\/ksiegarnia-akademicka.pl\/index.php\/wp-json\/wp\/v2\/product_tag?post=18750"}],"curies":[{"name":"wp","href":"https:\/\/api.w.org\/{rel}","templated":true}]}}