{"id":18703,"date":"2024-11-21T09:15:09","date_gmt":"2024-11-21T08:15:09","guid":{"rendered":"http:\/\/ksiegarnia-akademicka.pl\/?post_type=product&#038;p=18703"},"modified":"2025-01-07T13:14:04","modified_gmt":"2025-01-07T12:14:04","slug":"rehabilitacja-kliniczna-tom-1","status":"publish","type":"product","link":"https:\/\/ksiegarnia-akademicka.pl\/index.php\/product\/rehabilitacja-kliniczna-tom-1\/","title":{"rendered":"Rehabilitacja kliniczna Tom 1"},"content":{"rendered":"<p>Redakcja: Hojan K., Saran T. , Sarzy\u0144ska-D\u0142ugosz I.<br \/>\nT\u0142umacze: EDRA<br \/>\nIlustracje: Urban &amp; Partner sp. z o.o.<br \/>\nWydawca: Edra Urban &amp; Partner<br \/>\nOprawa: Twarda<br \/>\nFormat: 21.0&#215;27.0cm<br \/>\nLiczba stron: 560<br \/>\nRok wydania: 2024<br \/>\nJ\u0119zyk wydania: polski<\/p>\n<p>Podr\u0119cznik Rehabilitacja kliniczna powsta\u0142 z pasji do rehabilitacji i jest odpowiedzi\u0105 na potrzeby \u015brodowiska lekarzy, zar\u00f3wno tych zajmuj\u0105cych si\u0119 rehabilitacj\u0105 na co dzie\u0144, jak i tych, kt\u00f3rzy swoj\u0105 przygod\u0119 z rehabilitacj\u0105 dopiero zaczynaj\u0105.<br \/>\nWarto zauwa\u017cy\u0107, \u017ce w ostatnich latach dokona\u0142 si\u0119 nie tylko fascynuj\u0105cy post\u0119p w diagnostyce i terapii w poszczeg\u00f3lnych obszarach medycyny, ale zwi\u0119kszy\u0142o si\u0119 tak\u017ce zapotrzebowanie na kompleksow\u0105, nowoczesn\u0105 rehabilitacj\u0119, daj\u0105c\u0105 szans\u0119 nie tylko na pe\u0142ne wyleczenie choroby, ale tak\u017ce na eliminacj\u0119 jej nast\u0119pstw.<br \/>\nAutorzy ksi\u0105\u017cki i Zesp\u00f3\u0142 Redakcyjny stworzyli podr\u0119cznik, w kt\u00f3rym dziel\u0105 si\u0119 wiedz\u0105 na temat najnowszych osi\u0105gni\u0119\u0107 w badaniach i praktyce klinicznej, dotycz\u0105cych procesu rehabilitacji w najcz\u0119\u015bciej wyst\u0119puj\u0105cych zespo\u0142ach chorobowych.<br \/>\nG\u0142\u00f3wn\u0105 cz\u0119\u015b\u0107 tomu I podr\u0119cznika stanowi\u0105 rozdzia\u0142y po\u015bwi\u0119cone rehabilitacji os\u00f3b z chorobami uk\u0142adu nerwowego, po urazach czaszkowo-m\u00f3zgowych, po urazach rdzenia kr\u0119gowego, z chorobami serca i naczy\u0144, uk\u0142adu oddechowego, reumatycznymi i metabolicznymi ko\u015bci. Obszernie om\u00f3wione zosta\u0142y tak\u017ce zagadnienia rehabilitacji os\u00f3b z chorob\u0105 zwyrodnieniow\u0105 staw\u00f3w, z chorobami kr\u0119gos\u0142upa, z chorobami psychicznymi, z zaburzeniami narz\u0105d\u00f3w zmys\u0142\u00f3w, czy problemy rehabilitacji w zespole wieloobjawowego b\u00f3lu miejscowego. Odnajdziecie tu tak\u017ce informacje dotycz\u0105ce zagadnie\u0144 og\u00f3lnych rehabilitacji klinicznej, terapii zaj\u0119ciowej czy podstaw rehabilitacji spo\u0142ecznej.<br \/>\nWierz\u0119, \u017ce ten podr\u0119cznik wype\u0142ni istniej\u0105c\u0105 luk\u0119 i u\u0142atwi nauk\u0119 tak szerokiej i pi\u0119knej dziedziny medycyny, jak\u0105 jest rehabilitacja medyczna. Zach\u0119cam Pa\u0144stwa do korzystania z tej ksi\u0105\u017cki jako narz\u0119dzia, kt\u00f3re nie tylko wzbogaci Pa\u0144stwa wiedz\u0119 specjalistyczn\u0105, ale tak\u017ce zapewni dostarczanie opieki rehabilitacyjnej na najwy\u017cszym poziomie i b\u0119dzie pomocny w codziennej pracy w gabinecie, poradni czy na oddziale.<br \/>\ndr hab. n. med. Iwona Sarzy\u0144ska-D\u0142ugosz<br \/>\nz Przedmowy<\/p>\n","protected":false},"excerpt":{"rendered":"<p>Redakcja: Hojan K., Saran T. , Sarzy\u0144ska-D\u0142ugosz I. T\u0142umacze: EDRA [&hellip;]<\/p>\n","protected":false},"featured_media":18704,"template":"","meta":[],"product_brand":[],"product_cat":[8277,7493],"product_tag":[1498,5853],"class_list":{"0":"post-18703","1":"product","2":"type-product","3":"status-publish","4":"has-post-thumbnail","6":"product_cat-fizjoterapia","7":"product_cat-medycyna","8":"product_tag-fizjoterapia","9":"product_tag-rehabilitacja","11":"first","12":"instock","13":"sale","14":"shipping-taxable","15":"purchasable","16":"product-type-simple"},"_links":{"self":[{"href":"https:\/\/ksiegarnia-akademicka.pl\/index.php\/wp-json\/wp\/v2\/product\/18703","targetHints":{"allow":["GET"]}}],"collection":[{"href":"https:\/\/ksiegarnia-akademicka.pl\/index.php\/wp-json\/wp\/v2\/product"}],"about":[{"href":"https:\/\/ksiegarnia-akademicka.pl\/index.php\/wp-json\/wp\/v2\/types\/product"}],"wp:featuredmedia":[{"embeddable":true,"href":"https:\/\/ksiegarnia-akademicka.pl\/index.php\/wp-json\/wp\/v2\/media\/18704"}],"wp:attachment":[{"href":"https:\/\/ksiegarnia-akademicka.pl\/index.php\/wp-json\/wp\/v2\/media?parent=18703"}],"wp:term":[{"taxonomy":"product_brand","embeddable":true,"href":"https:\/\/ksiegarnia-akademicka.pl\/index.php\/wp-json\/wp\/v2\/product_brand?post=18703"},{"taxonomy":"product_cat","embeddable":true,"href":"https:\/\/ksiegarnia-akademicka.pl\/index.php\/wp-json\/wp\/v2\/product_cat?post=18703"},{"taxonomy":"product_tag","embeddable":true,"href":"https:\/\/ksiegarnia-akademicka.pl\/index.php\/wp-json\/wp\/v2\/product_tag?post=18703"}],"curies":[{"name":"wp","href":"https:\/\/api.w.org\/{rel}","templated":true}]}}