{"id":1860,"date":"2018-05-22T12:44:34","date_gmt":"2018-05-22T10:44:34","guid":{"rendered":"http:\/\/ksiegarnia-akademicka.pl\/index.php\/product\/mikroekonomia-kurs-sredni-ujecie-nowoczesne\/"},"modified":"2018-12-10T14:06:42","modified_gmt":"2018-12-10T13:06:42","slug":"mikroekonomia-kurs-sredni-ujecie-nowoczesne","status":"publish","type":"product","link":"https:\/\/ksiegarnia-akademicka.pl\/index.php\/product\/mikroekonomia-kurs-sredni-ujecie-nowoczesne\/","title":{"rendered":"Mikroekonomia. Kurs \u015bredni &#8211; ujecie nowoczesne. Intermediate Microeconomics A Modern Aproach."},"content":{"rendered":"<p>Autor:<br \/>\nHal R. Varian<br \/>\nT\u0142umacze: Doma\u0144ski Ryszard S.<br \/>\nWydawca: Wydawnictwo Naukowe PWN<br \/>\nOprawa: Mi\u0119kka<br \/>\nFormat: 16.8&#215;23.8cm<br \/>\nLiczba stron: 792<br \/>\nWydanie: 4<br \/>\nRok wydania: 2018<\/p>\n<p>Kultowy podr\u0119cznik do kursu \u015bredniego mikroekonomii i ekonomii mened\u017cerskiej!<\/p>\n<p>Podr\u0119cznik Hala Variana jest \u201ejak marzenie\u201d; studiowa\u0107 z niego mikroekonomi\u0119 oraz uczy\u0107 na jego podstawie student\u00f3w to prawdziwa przyjemno\u015b\u0107.<br \/>\nRobert A. Mango z Vanderbilt University w Nashville<br \/>\nZalety podr\u0119cznika:<br \/>\n\u0158\tUk\u0142ad podr\u0119cznika zawiera kilka r\u00f3wnoleg\u0142ych \u015bcie\u017cek, kt\u00f3re czyni\u0105 go przydatnym do prowadzenia kurs\u00f3w na r\u00f3\u017cnych poziomach: od podstawowego, przez \u015bredniozaawansowany, a\u017c do ? przy uzupe\u0142nieniu zale\u017cnie od potrzeb wyk\u0142adu ? zaawansowanych.<br \/>\n\u0158\tAutor nie tylko opisuje poj\u0119cia i zdarzenia, lecz \u201eotwiera\u201d przed czytelnikiem kolejne drzwi prowadz\u0105ce do poznania tajemnic spraw codziennych zwykle nie\u0142\u0105czonych z zagadnieniami ekonomicznymi.<br \/>\n\u0158\tZ podr\u0119cznika mog\u0105 korzysta\u0107 studenci o r\u00f3\u017cnym stopniu znajomo\u015bci matematyki, w g\u0142\u00f3wnym toku wyk\u0142adu nie jest bowiem wykorzystywany rachunek r\u00f3\u017cniczkowy. Wiele rozdzia\u0142\u00f3w dope\u0142niaj\u0105 dodatki matematyczne.<br \/>\n\u0158\tKonsekwentnie jest prezentowane uj\u0119cie funkcjonalne, w kt\u00f3rym zdarzenia gospodarcze s\u0105 ukazywane przez pryzmat ich wsp\u00f3lnego problemu, nawet gdy dotycz\u0105 r\u00f3\u017cnych dziedzin gospodarki, co uczy uniwersalnego my\u015blenia ekonomicznego.<br \/>\n\u0158\tW analizie zosta\u0142 uwzgl\u0119dniony nie tylko wp\u0142yw czynnik\u00f3w stricte ekonomicznych, lecz tak\u017ce takich jak: niepewno\u015b\u0107, nier\u00f3wna informacja czy s\u0142abo\u015b\u0107 ludzkiego charakteru i instytucji, co zbli\u017ca podr\u0119cznik do \u201ecodziennego \u017cycia\u201d.<\/p>\n<p>Nowe wydanie zosta\u0142o wzbogacone o:<br \/>\n\u00b7\tnowe rozdzia\u0142y po\u015bwi\u0119cone teorii gier oraz ekonomii behawioralnej,<br \/>\n\u00b7\tmikroekonomiczn\u0105 koncepcj\u0119 przetarg\u00f3w,<br \/>\n\u00b7\taktualne, ciekawe przyk\u0142ady.<\/p>\n<p>Hal R. Varian jest g\u0142\u00f3wnym ekonomist\u0105 Google\u2019a oraz emerytowanym profesorem Uniwerytetu Berkley w Kalifornii, by\u0142 wieloletnim dziekanem School of Information Management and System oraz wsp\u00f3\u0142pracownikiem tamtejszego Wydzia\u0142u Ekonomii. Ponadto go\u015bcinnie wyk\u0142ada na wielu uczelniach na ca\u0142ym \u015bwiecie.<\/p>\n","protected":false},"excerpt":{"rendered":"<p>Autor: Hal R. Varian T\u0142umacze: Doma\u0144ski Ryszard S. Wydawca: Wydawnictwo [&hellip;]<\/p>\n","protected":false},"featured_media":9322,"template":"","meta":[],"product_brand":[],"product_cat":[17,7499],"product_tag":[337,338,269],"class_list":{"0":"post-1860","1":"product","2":"type-product","3":"status-publish","4":"has-post-thumbnail","6":"product_cat-ekonomia","7":"product_cat-makro-i-mikroekonomia","8":"product_tag-ekonomia","9":"product_tag-mikroekonomia","10":"product_tag-podrecznik-akademicki","12":"first","13":"instock","14":"sale","15":"shipping-taxable","16":"purchasable","17":"product-type-simple"},"_links":{"self":[{"href":"https:\/\/ksiegarnia-akademicka.pl\/index.php\/wp-json\/wp\/v2\/product\/1860","targetHints":{"allow":["GET"]}}],"collection":[{"href":"https:\/\/ksiegarnia-akademicka.pl\/index.php\/wp-json\/wp\/v2\/product"}],"about":[{"href":"https:\/\/ksiegarnia-akademicka.pl\/index.php\/wp-json\/wp\/v2\/types\/product"}],"wp:featuredmedia":[{"embeddable":true,"href":"https:\/\/ksiegarnia-akademicka.pl\/index.php\/wp-json\/wp\/v2\/media\/9322"}],"wp:attachment":[{"href":"https:\/\/ksiegarnia-akademicka.pl\/index.php\/wp-json\/wp\/v2\/media?parent=1860"}],"wp:term":[{"taxonomy":"product_brand","embeddable":true,"href":"https:\/\/ksiegarnia-akademicka.pl\/index.php\/wp-json\/wp\/v2\/product_brand?post=1860"},{"taxonomy":"product_cat","embeddable":true,"href":"https:\/\/ksiegarnia-akademicka.pl\/index.php\/wp-json\/wp\/v2\/product_cat?post=1860"},{"taxonomy":"product_tag","embeddable":true,"href":"https:\/\/ksiegarnia-akademicka.pl\/index.php\/wp-json\/wp\/v2\/product_tag?post=1860"}],"curies":[{"name":"wp","href":"https:\/\/api.w.org\/{rel}","templated":true}]}}