{"id":18595,"date":"2024-11-19T12:26:03","date_gmt":"2024-11-19T11:26:03","guid":{"rendered":"http:\/\/ksiegarnia-akademicka.pl\/?post_type=product&#038;p=18595"},"modified":"2025-01-07T13:13:35","modified_gmt":"2025-01-07T12:13:35","slug":"rachunek-kosztow-kluczowe-zagadnienia-w-teorii-i-przykladach","status":"publish","type":"product","link":"https:\/\/ksiegarnia-akademicka.pl\/index.php\/product\/rachunek-kosztow-kluczowe-zagadnienia-w-teorii-i-przykladach\/","title":{"rendered":"Rachunek koszt\u00f3w Kluczowe zagadnienia w teorii i przyk\u0142adach"},"content":{"rendered":"<p>Autor:<br \/>\nAnna Stronczek<br \/>\nSylwia Krajewska<br \/>\nRedakcja: Difin<br \/>\nWydawca: Difin<br \/>\nOprawa: Mi\u0119kka<br \/>\nLiczba stron: 286<br \/>\nRok wydania: 2024<br \/>\nJ\u0119zyk wydania: polski<\/p>\n<p>Ksi\u0105\u017cka w spos\u00f3b kompleksowy ujmuje zagadnienia zwi\u0105zane z rachunkiem koszt\u00f3w. \u0141\u0105czy w sobie zar\u00f3wno teoretyczne aspekty, jak i praktyczne przyk\u0142ady, co czyni j\u0105 wszechstronnym \u017ar\u00f3d\u0142em wiedzy dla student\u00f3w i praktyk\u00f3w biznesowych. Oferuje pe\u0142ne i aktualne uj\u0119cie tematyki rachunku koszt\u00f3w, uwzgl\u0119dniaj\u0105c najnowsze trendy i narz\u0119dzia, co jest szczeg\u00f3lnie istotne dla os\u00f3b poszukuj\u0105cych bie\u017c\u0105cych informacji. Przyst\u0119pny j\u0119zyk i klarowna struktura sprawiaj\u0105, \u017ce ksi\u0105\u017cka jest zrozumia\u0142a dla szerokiego grona odbiorc\u00f3w, od student\u00f3w po do\u015bwiadczonych praktyk\u00f3w.<\/p>\n","protected":false},"excerpt":{"rendered":"<p>Autor: Anna Stronczek Sylwia Krajewska Redakcja: Difin Wydawca: Difin Oprawa: [&hellip;]<\/p>\n","protected":false},"featured_media":18620,"template":"","meta":[],"product_brand":[],"product_cat":[7516,31,23],"product_tag":[6635,1221,1496],"class_list":{"0":"post-18595","1":"product","2":"type-product","3":"status-publish","4":"has-post-thumbnail","6":"product_cat-finanse-przedsiebiorstwa","7":"product_cat-przedsiebiorstwo","8":"product_cat-rachunkowosc","9":"product_tag-finanse-przedisebiorstw","10":"product_tag-rachunek-kosztow","11":"product_tag-rachunkowosc","13":"first","14":"instock","15":"sale","16":"shipping-taxable","17":"purchasable","18":"product-type-simple"},"_links":{"self":[{"href":"https:\/\/ksiegarnia-akademicka.pl\/index.php\/wp-json\/wp\/v2\/product\/18595","targetHints":{"allow":["GET"]}}],"collection":[{"href":"https:\/\/ksiegarnia-akademicka.pl\/index.php\/wp-json\/wp\/v2\/product"}],"about":[{"href":"https:\/\/ksiegarnia-akademicka.pl\/index.php\/wp-json\/wp\/v2\/types\/product"}],"wp:featuredmedia":[{"embeddable":true,"href":"https:\/\/ksiegarnia-akademicka.pl\/index.php\/wp-json\/wp\/v2\/media\/18620"}],"wp:attachment":[{"href":"https:\/\/ksiegarnia-akademicka.pl\/index.php\/wp-json\/wp\/v2\/media?parent=18595"}],"wp:term":[{"taxonomy":"product_brand","embeddable":true,"href":"https:\/\/ksiegarnia-akademicka.pl\/index.php\/wp-json\/wp\/v2\/product_brand?post=18595"},{"taxonomy":"product_cat","embeddable":true,"href":"https:\/\/ksiegarnia-akademicka.pl\/index.php\/wp-json\/wp\/v2\/product_cat?post=18595"},{"taxonomy":"product_tag","embeddable":true,"href":"https:\/\/ksiegarnia-akademicka.pl\/index.php\/wp-json\/wp\/v2\/product_tag?post=18595"}],"curies":[{"name":"wp","href":"https:\/\/api.w.org\/{rel}","templated":true}]}}