{"id":18576,"date":"2024-11-18T10:17:42","date_gmt":"2024-11-18T09:17:42","guid":{"rendered":"http:\/\/ksiegarnia-akademicka.pl\/?post_type=product&#038;p=18576"},"modified":"2024-11-20T13:50:15","modified_gmt":"2024-11-20T12:50:15","slug":"plan-finansowy-2025-dla-jednostek-budzetowych-i-samorzadowych-zakladow-budzetowych","status":"publish","type":"product","link":"https:\/\/ksiegarnia-akademicka.pl\/index.php\/product\/plan-finansowy-2025-dla-jednostek-budzetowych-i-samorzadowych-zakladow-budzetowych\/","title":{"rendered":"Plan finansowy 2025 dla jednostek bud\u017cetowych i samorz\u0105dowych zak\u0142ad\u00f3w bud\u017cetowych"},"content":{"rendered":"<p>Autor:<br \/>\nIzabela \u015awiderek<br \/>\nBarbara Jarosz<br \/>\nWydawca: Wiedza i Praktyka<br \/>\nOprawa: Mi\u0119kka<br \/>\nLiczba stron: 236<br \/>\nRok wydania: 2024<br \/>\nJ\u0119zyk wydania: polski<\/p>\n<p>\u201ePlan finansowy 2025 dla jednostek bud\u017cetowych i samorz\u0105dowych zak\u0142ad\u00f3w bud\u017cetowych\u201d to wyj\u0105tkowe kompendium wiedzy dotycz\u0105ce opracowania planu finansowego stanowi\u0105cego podstaw\u0119 racjonalnej gospodarki finansowej jednostki. Pozycja ta zawiera om\u00f3wienie regu\u0142 tworzenia plan\u00f3w finansowych w zale\u017cno\u015bci od przyj\u0119tej przez jednostk\u0119 szczeg\u00f3\u0142owo\u015bci oraz wzory zarz\u0105dze\u0144 w sprawie przygotowania plan\u00f3w, a tak\u017ce opis procedur dokonywania zmian w planach finansowych w trakcie roku bud\u017cetowego. Analiz\u0119 realizacji plan\u00f3w przedstawiono wraz z przyk\u0142adami ewidencji dochod\u00f3w i wydatk\u00f3w.<br \/>\n&#8222;Plan finansowy 2025 dla JSFP&#8221; przedstawia metodologi\u0119 budowy rocznego planu dzia\u0142alno\u015bci. Ukazuje zasady obowi\u0105zuj\u0105ce przy jego konstrukcji, wskazuje na mo\u017cliwo\u015bci dokonywania zmian w planie w trakcie jego realizacji.<br \/>\nDzi\u0119ki tej publikacji:<br \/>\n\u2022 dowiesz si\u0119, kiedy przekroczenie planu finansowego stanowi naruszenie dyscypliny finans\u00f3w publicznych oraz jak dokona\u0107 odpisu na ZF\u015aS zgodnie z planem finansowym<br \/>\njednostki;<br \/>\n\u2022 poznasz w\u0142a\u015bciwy spos\u00f3b ujmowania dotacji celowej w planie finansowym zak\u0142adu bud\u017cetowego;<br \/>\n\u2022 upewnisz si\u0119, czy kierownik jednostki bud\u017cetowej mo\u017ce samodzielnie dokona\u0107 przeniesienia wydatk\u00f3w.<\/p>\n","protected":false},"excerpt":{"rendered":"<p>Autor: Izabela \u015awiderek Barbara Jarosz Wydawca: Wiedza i Praktyka Oprawa: [&hellip;]<\/p>\n","protected":false},"featured_media":18629,"template":"","meta":[],"product_brand":[],"product_cat":[19,7501,23],"product_tag":[1136,1496],"class_list":{"0":"post-18576","1":"product","2":"type-product","3":"status-publish","4":"has-post-thumbnail","6":"product_cat-finanse-i-prawo-finansowe","7":"product_cat-prawo-finansowe","8":"product_cat-rachunkowosc","9":"product_tag-prawo-finansowe","10":"product_tag-rachunkowosc","12":"first","13":"instock","14":"sale","15":"shipping-taxable","16":"purchasable","17":"product-type-simple"},"_links":{"self":[{"href":"https:\/\/ksiegarnia-akademicka.pl\/index.php\/wp-json\/wp\/v2\/product\/18576","targetHints":{"allow":["GET"]}}],"collection":[{"href":"https:\/\/ksiegarnia-akademicka.pl\/index.php\/wp-json\/wp\/v2\/product"}],"about":[{"href":"https:\/\/ksiegarnia-akademicka.pl\/index.php\/wp-json\/wp\/v2\/types\/product"}],"wp:featuredmedia":[{"embeddable":true,"href":"https:\/\/ksiegarnia-akademicka.pl\/index.php\/wp-json\/wp\/v2\/media\/18629"}],"wp:attachment":[{"href":"https:\/\/ksiegarnia-akademicka.pl\/index.php\/wp-json\/wp\/v2\/media?parent=18576"}],"wp:term":[{"taxonomy":"product_brand","embeddable":true,"href":"https:\/\/ksiegarnia-akademicka.pl\/index.php\/wp-json\/wp\/v2\/product_brand?post=18576"},{"taxonomy":"product_cat","embeddable":true,"href":"https:\/\/ksiegarnia-akademicka.pl\/index.php\/wp-json\/wp\/v2\/product_cat?post=18576"},{"taxonomy":"product_tag","embeddable":true,"href":"https:\/\/ksiegarnia-akademicka.pl\/index.php\/wp-json\/wp\/v2\/product_tag?post=18576"}],"curies":[{"name":"wp","href":"https:\/\/api.w.org\/{rel}","templated":true}]}}