{"id":18567,"date":"2024-11-18T09:55:30","date_gmt":"2024-11-18T08:55:30","guid":{"rendered":"http:\/\/ksiegarnia-akademicka.pl\/?post_type=product&#038;p=18567"},"modified":"2024-11-20T13:53:37","modified_gmt":"2024-11-20T12:53:37","slug":"postepowanie-cywilne-z-testami-online","status":"publish","type":"product","link":"https:\/\/ksiegarnia-akademicka.pl\/index.php\/product\/postepowanie-cywilne-z-testami-online\/","title":{"rendered":"Post\u0119powanie cywilne z testami online"},"content":{"rendered":"<p>Autor: r.pr. dr hab. Joanna Studzi\u0144ska, prof. ALK, dr Pawe\u0142 Cioch<br \/>\nSeria: Podr\u0119czniki Prawnicze<br \/>\nRok wydania: 2024<br \/>\nWydanie: 7<br \/>\nOprawa: Mi\u0119kka<br \/>\nLiczba stron: 896<br \/>\nWymiary: 145&#215;205 mm<br \/>\nWaga: 820 g<br \/>\nISBN: 978-83-8356-779-2<\/p>\n<p>W podr\u0119czniku przedstawiono kompleksow\u0105 analiz\u0119 przepis\u00f3w reguluj\u0105cych przebieg post\u0119powania cywilnego, z uwzgl\u0119dnieniem wszystkich istotnych zmian wprowadzonych do pa\u017adziernika 2024 r.<\/p>\n<p>Om\u00f3wiono m.in.:<\/p>\n<p>rodzaje post\u0119powania cywilnego,<br \/>\nprzes\u0142anki procesowe i materialnoprawne,<br \/>\nproblematyk\u0119 organ\u00f3w i uczestnik\u00f3w post\u0119powania,<br \/>\nprzebiegu post\u0119powania (w tym wymog\u00f3w formalnych pozwu, przeprowadzania post\u0119powania dowodowego, wyrokowania, jak i zaskar\u017cania orzecze\u0144),<br \/>\npost\u0119powanie zabezpieczaj\u0105ce i egzekucyjne,<br \/>\nalternatywne formy rozwi\u0105zywania spor\u00f3w,<br \/>\nmi\u0119dzynarodowe post\u0119powanie cywilne.<br \/>\nCelem podr\u0119cznika jest przedstawienie instytucji post\u0119powania cywilnego w przyst\u0119pny spos\u00f3b, kt\u00f3ry u\u0142atwi przyswojenie podstawowej wiedzy z zakresu przedmiotu, a tak\u017ce zastosowanie jej w praktyce.<\/p>\n<p>W publikacji zastosowano:<\/p>\n<p>podkre\u015blenia wa\u017cnych kwestii zwi\u0105zanych z omawian\u0105 instytucj\u0105,<br \/>\nzaznaczenia istotnych przepis\u00f3w,<br \/>\nproste diagramy i wykresy,<br \/>\nnajciekawsze orzecznictwo.<br \/>\nNa ko\u0144cu ka\u017cdego rozdzia\u0142u znajduj\u0105 si\u0119 wzory pism procesowych.<\/p>\n<p>Podr\u0119cznik stanowi znaczn\u0105 pomoc przede wszystkim dla student\u00f3w wydzia\u0142\u00f3w prawa i administracji.<\/p>\n","protected":false},"excerpt":{"rendered":"<p>Autor: r.pr. dr hab. Joanna Studzi\u0144ska, prof. ALK, dr Pawe\u0142 [&hellip;]<\/p>\n","protected":false},"featured_media":18633,"template":"","meta":[],"product_brand":[],"product_cat":[7491,18],"product_tag":[692,615,701],"class_list":{"0":"post-18567","1":"product","2":"type-product","3":"status-publish","4":"has-post-thumbnail","6":"product_cat-cywilne","7":"product_cat-prawo","8":"product_tag-postepowanie-cywilne","9":"product_tag-prawo-cywilne","10":"product_tag-seria-podreczniki-prawnicze","12":"first","13":"instock","14":"sale","15":"shipping-taxable","16":"purchasable","17":"product-type-simple"},"_links":{"self":[{"href":"https:\/\/ksiegarnia-akademicka.pl\/index.php\/wp-json\/wp\/v2\/product\/18567","targetHints":{"allow":["GET"]}}],"collection":[{"href":"https:\/\/ksiegarnia-akademicka.pl\/index.php\/wp-json\/wp\/v2\/product"}],"about":[{"href":"https:\/\/ksiegarnia-akademicka.pl\/index.php\/wp-json\/wp\/v2\/types\/product"}],"wp:featuredmedia":[{"embeddable":true,"href":"https:\/\/ksiegarnia-akademicka.pl\/index.php\/wp-json\/wp\/v2\/media\/18633"}],"wp:attachment":[{"href":"https:\/\/ksiegarnia-akademicka.pl\/index.php\/wp-json\/wp\/v2\/media?parent=18567"}],"wp:term":[{"taxonomy":"product_brand","embeddable":true,"href":"https:\/\/ksiegarnia-akademicka.pl\/index.php\/wp-json\/wp\/v2\/product_brand?post=18567"},{"taxonomy":"product_cat","embeddable":true,"href":"https:\/\/ksiegarnia-akademicka.pl\/index.php\/wp-json\/wp\/v2\/product_cat?post=18567"},{"taxonomy":"product_tag","embeddable":true,"href":"https:\/\/ksiegarnia-akademicka.pl\/index.php\/wp-json\/wp\/v2\/product_tag?post=18567"}],"curies":[{"name":"wp","href":"https:\/\/api.w.org\/{rel}","templated":true}]}}