{"id":18561,"date":"2024-11-15T08:47:08","date_gmt":"2024-11-15T07:47:08","guid":{"rendered":"http:\/\/ksiegarnia-akademicka.pl\/?post_type=product&#038;p=18561"},"modified":"2024-11-20T13:56:08","modified_gmt":"2024-11-20T12:56:08","slug":"azjatycka-wielka-gra-indie-i-azja-poludniowa-w-sporze-o-regionalna-i-globalna-dominacje-w-xx-i-xxi-wieku","status":"publish","type":"product","link":"https:\/\/ksiegarnia-akademicka.pl\/index.php\/product\/azjatycka-wielka-gra-indie-i-azja-poludniowa-w-sporze-o-regionalna-i-globalna-dominacje-w-xx-i-xxi-wieku\/","title":{"rendered":"Azjatycka Wielka Gra Indie i Azja Po\u0142udniowa w sporze o regionaln\u0105 i globaln\u0105 dominacj\u0119 w XX i XXI wieku"},"content":{"rendered":"<p>Autor:<br \/>\nPiotr K\u0142odkowski<br \/>\nWydawca: Wydawnictwo Uniwersytetu Jagiello\u0144skiego<br \/>\nOprawa: Mi\u0119kka ze skrzyde\u0142kami<br \/>\nFormat: 17.0&#215;24.0cm<br \/>\nLiczba stron: 972<br \/>\nRok wydania: 2024<br \/>\nJ\u0119zyk wydania: polski<\/p>\n<p>Azjatycka Wielka Gra to ksi\u0105\u017cka o transformacji politycznej, gospodarczej i spo\u0142ecznej wsp\u00f3\u0142czesnego \u015bwiata, w kt\u00f3rym centrum wydarze\u0144 o globalnym znaczeniu stopniowo przesuwa si\u0119 ze sfery atlantyckiej do obszar\u00f3w Indo-Pacyfiku. Kontynent azjatycki jest miejscem, gdzie znajduj\u0105 si\u0119 najwi\u0119ksze interesy ekonomiczne i wyzwania geostrategiczne dla Stan\u00f3w Zjednoczonych, gdzie Rosja poszukuje dla siebie mo\u017cliwo\u015bci budowania pot\u0119\u017cnych sojuszy i gdzie wiele pa\u0144stw europejskich zamierza wzmocni\u0107 w\u0142asn\u0105 gospodark\u0119 i pozycj\u0119 polityczn\u0105 dzi\u0119ki rozmaitym porozumieniom z wybranymi partnerami. Azja Po\u0142udniowa odgrywa tutaj rol\u0119 szczeg\u00f3ln\u0105, albowiem Indie \u2013 najludniejszy dzisiaj kraj \u015bwiata \u2013 staraj\u0105 si\u0119 usilnie powstrzyma\u0107 w ca\u0142ym regionie ekspansj\u0119 Chin i zapewni\u0107 sobie w niedalekiej przysz\u0142o\u015bci status supermocarstwa. Autor opisuje skomplikowane procesy walki o dominacj\u0119 polityczno-gospodarcz\u0105 i kulturow\u0105 w Azji Po\u0142udniowej, szczeg\u00f3\u0142owo przedstawiaj\u0105c dynamik\u0119 przemian w Indiach, Pakistanie, Bangladeszu, Sri Lance i Nepalu. Azjatycka Wielka Gra to publikacja, kt\u00f3ra pr\u00f3buje zdefiniowa\u0107 i obja\u015bni\u0107 z\u0142o\u017cono\u015b\u0107 problematyki mi\u0119dzynarodowej na najwi\u0119kszym kontynencie naszego globu. Praca ta wprost idealnie wpasowuje si\u0119 w aktualne tendencje na arenie mi\u0119dzynarodowej: wy\u0142aniaj\u0105cy si\u0119 nowy porz\u0105dek \u015bwiatowy, z rosn\u0105c\u0105 rol\u0105 w nim Azji, w tym Indii. Jako taka mo\u017ce liczy\u0107 na spore zainteresowanie medialne, a tak\u017ce w m\u0142odym pokoleniu, bardziej otwartym na \u015bwiat i nowe tre\u015bci oraz perspektywy, kt\u00f3re akurat tutaj s\u0105 eksponowane. W istocie rzeczy ujmowane s\u0105 dwie g\u0142\u00f3wne kwestie: nowy uk\u0142ad si\u0142 na globie i wzrost znaczenia w nim Azji oraz rola, jak\u0105 odgrywa w tym procesie Azja Po\u0142udniowa, pocz\u0105wszy od Indii. W tym sensie jest to pozycja unikatowa na polskim rynku wydawniczym, wchodz\u0105ca w istotn\u0105 luk\u0119 badawcz\u0105 i wype\u0142niaj\u0105ca j\u0105 z prawdziw\u0105 g\u0142\u0119bi\u0105 i rozmachem. Prof. dr hab. Bogdan G\u00f3ralczyk, Uniwersytet Warszawski, by\u0142y ambasador RP w Tajlandii Mamy wi\u0119c do czynienia nie tylko z indocentrycznym, ale nawet azjocentrycznym podej\u015bciem. Autor w spos\u00f3b bardzo rzetelny, oparty na dog\u0142\u0119bnej wiedzy, identyfikuje i wskazuje zwi\u0105zki przyczynowo-skutkowe mi\u0119dzy to\u017csamo\u015bci\u0105 pa\u0144stwow\u0105, uwarunkowaniami kulturowymi, wizj\u0105 pa\u0144stwa i stosunkami mi\u0119dzynarodowymi w kontek\u015bcie Indii i pa\u0144stw regionu Azji Po\u0142udniowej. To holistyczne, wielowymiarowe uj\u0119cie, kt\u00f3re zarazem jest sp\u00f3jne, nale\u017cy wyr\u00f3\u017cni\u0107. Ksi\u0105\u017cka pozwala zrozumie\u0107, jak Indie postrzegaj\u0105 swoj\u0105 rol\u0119 i rol\u0119 innych mocarstw w regionie Azji. Dr hab. Jakub Zaj\u0105czkowski, Uniwersytet Warszawski Piotr K\u0142odkowski &#8211; orientalista i politolog, profesor Uniwersytetu Jagiello\u0144skiego, profesor wizytuj\u0105cy na University of Rochester (stan Nowy Jork). Ambasador RP w Indiach (2009\u20132014). Autor wielu publikacji o tematyce azjatyckiej, m.in. Homo mysticus hinduizmu i islamu (1998), O p\u0119kni\u0119ciu wewn\u0105trz cywilizacji (2005), Doskona\u0142y smak Orientu (2006), Imperium boga Hanumana. Indie w trzech ods\u0142onach (2018). Laureat nagr\u00f3d \u201eZnaku\u201d i Hestii im. ks. J\u00f3zefa Tischnera oraz Fundacji Batorego im. Beaty Pawlak.<\/p>\n","protected":false},"excerpt":{"rendered":"<p>Autor: Piotr K\u0142odkowski Wydawca: Wydawnictwo Uniwersytetu Jagiello\u0144skiego Oprawa: Mi\u0119kka ze [&hellip;]<\/p>\n","protected":false},"featured_media":18636,"template":"","meta":[],"product_brand":[],"product_cat":[27,7507],"product_tag":[3882,74,495],"class_list":{"0":"post-18561","1":"product","2":"type-product","3":"status-publish","4":"has-post-thumbnail","6":"product_cat-nauki-spoleczne","7":"product_cat-politologia","8":"product_tag-geopolityka","9":"product_tag-politologia","10":"product_tag-polityka","12":"first","13":"instock","14":"sale","15":"shipping-taxable","16":"purchasable","17":"product-type-simple"},"_links":{"self":[{"href":"https:\/\/ksiegarnia-akademicka.pl\/index.php\/wp-json\/wp\/v2\/product\/18561","targetHints":{"allow":["GET"]}}],"collection":[{"href":"https:\/\/ksiegarnia-akademicka.pl\/index.php\/wp-json\/wp\/v2\/product"}],"about":[{"href":"https:\/\/ksiegarnia-akademicka.pl\/index.php\/wp-json\/wp\/v2\/types\/product"}],"wp:featuredmedia":[{"embeddable":true,"href":"https:\/\/ksiegarnia-akademicka.pl\/index.php\/wp-json\/wp\/v2\/media\/18636"}],"wp:attachment":[{"href":"https:\/\/ksiegarnia-akademicka.pl\/index.php\/wp-json\/wp\/v2\/media?parent=18561"}],"wp:term":[{"taxonomy":"product_brand","embeddable":true,"href":"https:\/\/ksiegarnia-akademicka.pl\/index.php\/wp-json\/wp\/v2\/product_brand?post=18561"},{"taxonomy":"product_cat","embeddable":true,"href":"https:\/\/ksiegarnia-akademicka.pl\/index.php\/wp-json\/wp\/v2\/product_cat?post=18561"},{"taxonomy":"product_tag","embeddable":true,"href":"https:\/\/ksiegarnia-akademicka.pl\/index.php\/wp-json\/wp\/v2\/product_tag?post=18561"}],"curies":[{"name":"wp","href":"https:\/\/api.w.org\/{rel}","templated":true}]}}