{"id":18549,"date":"2024-11-14T10:12:19","date_gmt":"2024-11-14T09:12:19","guid":{"rendered":"http:\/\/ksiegarnia-akademicka.pl\/?post_type=product&#038;p=18549"},"modified":"2024-11-20T14:02:46","modified_gmt":"2024-11-20T13:02:46","slug":"prawo-miedzynarodowe-publiczne-3","status":"publish","type":"product","link":"https:\/\/ksiegarnia-akademicka.pl\/index.php\/product\/prawo-miedzynarodowe-publiczne-3\/","title":{"rendered":"Prawo mi\u0119dzynarodowe publiczne"},"content":{"rendered":"<p>Nale\u017cy do serii:<br \/>\nSTUDIA PRAWNICZE<br \/>\nAutor:<br \/>\nTomasz Srogosz<br \/>\nJacek Barcik<br \/>\nWydawca: C.H. Beck<br \/>\nOprawa: Mi\u0119kka<br \/>\nFormat: 13.0&#215;22.0cm<br \/>\nLiczba stron: 734<br \/>\nWydanie: 4<br \/>\nRok wydania: 2020<br \/>\nJ\u0119zyk wydania: polski<\/p>\n<p>Podr\u0119cznik \u201ePrawo mi\u0119dzynarodowe publiczne&#8221; omawia instytucje z zakresu prawa mi\u0119dzynarodowego publicznego z licznymi odniesieniami do praktyki stosunk\u00f3w mi\u0119dzynarodowych. Zawiera tak\u017ce przyk\u0142ady w postaci cytowa\u0144 akt\u00f3w prawnych i orzecznictwa s\u0105d\u00f3w mi\u0119dzynarodowych. Jego zadaniem jest poszerzanie wiedzy na temat proces\u00f3w zachodz\u0105cych we wsp\u00f3\u0142czesnym \u015bwiecie, zwi\u0105zanych m.in. z globalizacj\u0105.<\/p>\n<p>Nawi\u0105zano w nim r\u00f3wnie\u017c do najnowszych trend\u00f3w w prawie mi\u0119dzynarodowym m.in.:<br \/>\nMi\u0119dzynarodowego prawa konflikt\u00f3w zbrojnych,<br \/>\nMi\u0119dzynarodowego prawa karnego,<br \/>\nZwalczania terroryzmu,<br \/>\nRozwoju prawa organizacji mi\u0119dzynarodowych,<br \/>\nRozwoju system\u00f3w ochrony praw cz\u0142owieka.<\/p>\n<p>W publikacji om\u00f3wiono zagadnienia dotycz\u0105ce m.in.:<br \/>\nPodstawowych zasad prawa mi\u0119dzynarodowego,<br \/>\n\u0179r\u00f3de\u0142 prawa mi\u0119dzynarodowego,<br \/>\nPodmiot\u00f3w prawa mi\u0119dzynarodowego,<br \/>\nMi\u0119dzynarodowego prawa lotniczego i kosmicznego,<br \/>\nOchrony praw cz\u0142owieka w prawie mi\u0119dzynarodowym,<br \/>\nPrawa mi\u0119dzynarodowego karnego,<br \/>\nPrawa dyplomatycznego i konsularnego,<br \/>\nU\u017cycia si\u0142y w stosunkach mi\u0119dzynarodowych.<\/p>\n<p>Podr\u0119cznik napisany zosta\u0142 g\u0142\u00f3wnie z my\u015bl\u0105 o studentach prawa i administracji, mo\u017ce okaza\u0107 si\u0119 pomocn\u0105 lektur\u0105 tak\u017ce dla student\u00f3w politologii i stosunk\u00f3w mi\u0119dzynarodowych.<\/p>\n","protected":false},"excerpt":{"rendered":"<p>Nale\u017cy do serii: STUDIA PRAWNICZE Autor: Tomasz Srogosz Jacek Barcik [&hellip;]<\/p>\n","protected":false},"featured_media":18644,"template":"","meta":[],"product_brand":[],"product_cat":[18,7719],"product_tag":[1027,5445],"class_list":{"0":"post-18549","1":"product","2":"type-product","3":"status-publish","4":"has-post-thumbnail","6":"product_cat-prawo","7":"product_cat-prawo-miedzynarodowe","8":"product_tag-prawo-miedzynarodowe","9":"product_tag-seria-studia-prawnicze","11":"first","12":"instock","13":"sale","14":"shipping-taxable","15":"purchasable","16":"product-type-simple"},"_links":{"self":[{"href":"https:\/\/ksiegarnia-akademicka.pl\/index.php\/wp-json\/wp\/v2\/product\/18549","targetHints":{"allow":["GET"]}}],"collection":[{"href":"https:\/\/ksiegarnia-akademicka.pl\/index.php\/wp-json\/wp\/v2\/product"}],"about":[{"href":"https:\/\/ksiegarnia-akademicka.pl\/index.php\/wp-json\/wp\/v2\/types\/product"}],"wp:featuredmedia":[{"embeddable":true,"href":"https:\/\/ksiegarnia-akademicka.pl\/index.php\/wp-json\/wp\/v2\/media\/18644"}],"wp:attachment":[{"href":"https:\/\/ksiegarnia-akademicka.pl\/index.php\/wp-json\/wp\/v2\/media?parent=18549"}],"wp:term":[{"taxonomy":"product_brand","embeddable":true,"href":"https:\/\/ksiegarnia-akademicka.pl\/index.php\/wp-json\/wp\/v2\/product_brand?post=18549"},{"taxonomy":"product_cat","embeddable":true,"href":"https:\/\/ksiegarnia-akademicka.pl\/index.php\/wp-json\/wp\/v2\/product_cat?post=18549"},{"taxonomy":"product_tag","embeddable":true,"href":"https:\/\/ksiegarnia-akademicka.pl\/index.php\/wp-json\/wp\/v2\/product_tag?post=18549"}],"curies":[{"name":"wp","href":"https:\/\/api.w.org\/{rel}","templated":true}]}}