{"id":18516,"date":"2024-11-12T12:14:07","date_gmt":"2024-11-12T11:14:07","guid":{"rendered":"http:\/\/ksiegarnia-akademicka.pl\/?post_type=product&#038;p=18516"},"modified":"2024-11-20T14:23:38","modified_gmt":"2024-11-20T13:23:38","slug":"urologia-podrecznik-dla-studentow-medycyny","status":"publish","type":"product","link":"https:\/\/ksiegarnia-akademicka.pl\/index.php\/product\/urologia-podrecznik-dla-studentow-medycyny\/","title":{"rendered":"Urologia Podr\u0119cznik dla student\u00f3w medycyny"},"content":{"rendered":"<p>Redakcja: Borkowski Andrzej<br \/>\nWydawca: PZWL<br \/>\nOprawa: Mi\u0119kka<br \/>\nFormat: 16.5&#215;23.5cm<br \/>\nLiczba stron: 280<br \/>\nWydanie: 2<br \/>\nRok wydania: 2024<br \/>\nJ\u0119zyk wydania: polski<\/p>\n<p>W podr\u0119czniku om\u00f3wiono problemy og\u00f3lne oraz wszystkie podstawowe dzia\u0142y urologii: wady wrodzone, nowotwory nerki i dr\u00f3g moczowych, zaka\u017cenia, kamica moczowa, niep\u0142odno\u015b\u0107 m\u0119ska i zaburzenia erekcji. Om\u00f3wiono szczeg\u00f3\u0142owo podstawowe zabiegi urologiczne, a tak\u017ce sprz\u0119t niezb\u0119dny do ich wykonania, co ma wielkie znaczenie praktyczne dla lekarzy udzielaj\u0105cych pierwszej pomocy np. w pogotowiu, a tak\u017ce dla lekarzy og\u00f3lnych i rodzinnych. Przedstawiono zarys najwa\u017cniejszych zabieg\u00f3w urologicznych. W obecnym wydaniu wprowadzono nowo\u015bci diagnostyczno-lecznicze z ostatnich lat.<br \/>\nOdbiorcy: studenci medycyny, lekarze<\/p>\n","protected":false},"excerpt":{"rendered":"<p>Redakcja: Borkowski Andrzej Wydawca: PZWL Oprawa: Mi\u0119kka Format: 16.5&#215;23.5cm Liczba [&hellip;]<\/p>\n","protected":false},"featured_media":18658,"template":"","meta":[],"product_brand":[],"product_cat":[8302,7493],"product_tag":[3994,7969,6926],"class_list":{"0":"post-18516","1":"product","2":"type-product","3":"status-publish","4":"has-post-thumbnail","6":"product_cat-inne-medycyna","7":"product_cat-medycyna","8":"product_tag-medycyna","9":"product_tag-nefrologia","10":"product_tag-urologia","12":"first","13":"instock","14":"sale","15":"shipping-taxable","16":"purchasable","17":"product-type-simple"},"_links":{"self":[{"href":"https:\/\/ksiegarnia-akademicka.pl\/index.php\/wp-json\/wp\/v2\/product\/18516","targetHints":{"allow":["GET"]}}],"collection":[{"href":"https:\/\/ksiegarnia-akademicka.pl\/index.php\/wp-json\/wp\/v2\/product"}],"about":[{"href":"https:\/\/ksiegarnia-akademicka.pl\/index.php\/wp-json\/wp\/v2\/types\/product"}],"wp:featuredmedia":[{"embeddable":true,"href":"https:\/\/ksiegarnia-akademicka.pl\/index.php\/wp-json\/wp\/v2\/media\/18658"}],"wp:attachment":[{"href":"https:\/\/ksiegarnia-akademicka.pl\/index.php\/wp-json\/wp\/v2\/media?parent=18516"}],"wp:term":[{"taxonomy":"product_brand","embeddable":true,"href":"https:\/\/ksiegarnia-akademicka.pl\/index.php\/wp-json\/wp\/v2\/product_brand?post=18516"},{"taxonomy":"product_cat","embeddable":true,"href":"https:\/\/ksiegarnia-akademicka.pl\/index.php\/wp-json\/wp\/v2\/product_cat?post=18516"},{"taxonomy":"product_tag","embeddable":true,"href":"https:\/\/ksiegarnia-akademicka.pl\/index.php\/wp-json\/wp\/v2\/product_tag?post=18516"}],"curies":[{"name":"wp","href":"https:\/\/api.w.org\/{rel}","templated":true}]}}