{"id":18446,"date":"2024-10-30T13:31:13","date_gmt":"2024-10-30T12:31:13","guid":{"rendered":"http:\/\/ksiegarnia-akademicka.pl\/?post_type=product&#038;p=18446"},"modified":"2026-02-07T11:36:56","modified_gmt":"2026-02-07T10:36:56","slug":"podstawy-pielegniarstwa-epidemiologicznego-2","status":"publish","type":"product","link":"https:\/\/ksiegarnia-akademicka.pl\/index.php\/product\/podstawy-pielegniarstwa-epidemiologicznego-2\/","title":{"rendered":"Podstawy piel\u0119gniarstwa epidemiologicznego"},"content":{"rendered":"<p>Autor:<br \/>\nMa\u0142gorzata Fleischer, Bogumi\u0142a Bober-Gheek<br \/>\nWydawca: Edra Urban &amp; Partner<br \/>\nOprawa: Mi\u0119kka<br \/>\nFormat: 17.0&#215;24.0cm<br \/>\nLiczba stron: 526<br \/>\nWydanie: 2<br \/>\nRok wydania: 2015<br \/>\nJ\u0119zyk wydania: polski<\/p>\n<p>D\u0142ugo oczekiwane wznowienie podr\u0119cznika z zakresu piel\u0119gniarstwa epidemiologicznego, unowocze\u015bnione i uzupe\u0142nione. Ksi\u0105\u017cka jest rekomendowana jako \u017ar\u00f3d\u0142o podstawowej wiedzy, niezb\u0119dnej do przygotowania si\u0119 do egzaminu specjalizacyjnego.<\/p>\n","protected":false},"excerpt":{"rendered":"<p>Autor: Ma\u0142gorzata Fleischer, Bogumi\u0142a Bober-Gheek Wydawca: Edra Urban &amp; Partner [&hellip;]<\/p>\n","protected":false},"featured_media":18674,"template":"","meta":[],"product_brand":[],"product_cat":[7493,7965],"product_tag":[4645,8322],"class_list":{"0":"post-18446","1":"product","2":"type-product","3":"status-publish","4":"has-post-thumbnail","6":"product_cat-medycyna","7":"product_cat-pielegniarstwo","8":"product_tag-pielegniarstwo","9":"product_tag-pielegniarstwo-epidemiologiczne","11":"first","12":"instock","13":"sale","14":"shipping-taxable","15":"purchasable","16":"product-type-simple"},"_links":{"self":[{"href":"https:\/\/ksiegarnia-akademicka.pl\/index.php\/wp-json\/wp\/v2\/product\/18446","targetHints":{"allow":["GET"]}}],"collection":[{"href":"https:\/\/ksiegarnia-akademicka.pl\/index.php\/wp-json\/wp\/v2\/product"}],"about":[{"href":"https:\/\/ksiegarnia-akademicka.pl\/index.php\/wp-json\/wp\/v2\/types\/product"}],"wp:featuredmedia":[{"embeddable":true,"href":"https:\/\/ksiegarnia-akademicka.pl\/index.php\/wp-json\/wp\/v2\/media\/18674"}],"wp:attachment":[{"href":"https:\/\/ksiegarnia-akademicka.pl\/index.php\/wp-json\/wp\/v2\/media?parent=18446"}],"wp:term":[{"taxonomy":"product_brand","embeddable":true,"href":"https:\/\/ksiegarnia-akademicka.pl\/index.php\/wp-json\/wp\/v2\/product_brand?post=18446"},{"taxonomy":"product_cat","embeddable":true,"href":"https:\/\/ksiegarnia-akademicka.pl\/index.php\/wp-json\/wp\/v2\/product_cat?post=18446"},{"taxonomy":"product_tag","embeddable":true,"href":"https:\/\/ksiegarnia-akademicka.pl\/index.php\/wp-json\/wp\/v2\/product_tag?post=18446"}],"curies":[{"name":"wp","href":"https:\/\/api.w.org\/{rel}","templated":true}]}}