{"id":18438,"date":"2024-10-30T09:38:01","date_gmt":"2024-10-30T08:38:01","guid":{"rendered":"http:\/\/ksiegarnia-akademicka.pl\/?post_type=product&#038;p=18438"},"modified":"2025-01-09T12:18:45","modified_gmt":"2025-01-09T11:18:45","slug":"podstawy-prawa-finansow-publicznych","status":"publish","type":"product","link":"https:\/\/ksiegarnia-akademicka.pl\/index.php\/product\/podstawy-prawa-finansow-publicznych\/","title":{"rendered":"Podstawy prawa finans\u00f3w publicznych"},"content":{"rendered":"<p>Redakcja: Salachna Joanna M. , Tyniewicki Marcin<br \/>\nWydawca: Wolters Kluwer<br \/>\nOprawa: Mi\u0119kka<br \/>\nLiczba stron: 375<br \/>\nWydanie: 1<br \/>\nRok wydania: 2024<br \/>\nJ\u0119zyk wydania: polski<\/p>\n<p>Podr\u0119cznik prezentuje prawne ramy proces\u00f3w gromadzenia i wydatkowania \u015brodk\u00f3w publicznych. Graficzne uporz\u0105dkowanie informacji \u2013 odpowiednio w postaci tabel, wykres\u00f3w i schemat\u00f3w \u2013 pozwala na zrozumia\u0142e i komunikatywne przedstawienie konstrukcji modeli teoretycznych, poprawne odwzorowanie stanu rzeczywistego i wskazanie prawid\u0142owych, wyznaczanych normami prawnymi regu\u0142 post\u0119powania.<\/p>\n<p>Ksi\u0105\u017cka przedstawia m.in.: podstawowe poj\u0119cia i zasady prawa finans\u00f3w publicznych, zagadnienia \u015brodk\u00f3w publicznych, sektora finans\u00f3w publicznych, bud\u017cetu, planowania wieloletniego i procedury bud\u017cetowej (w odniesieniu do pa\u0144stwa i do jednostek samorz\u0105du terytorialnego), regulacji kluczowych dla kontroli, nadzoru i sprawozdawczo\u015bci, pa\u0144stwowego d\u0142ugu publicznego i zad\u0142u\u017cenia jednostek samorz\u0105du terytorialnego, a tak\u017ce polubownych metod rozwi\u0105zywania spor\u00f3w z udzia\u0142em jednostek sektora finans\u00f3w publicznych. Zawarte w ka\u017cdym rozdziale pytania kontrolne wskazuj\u0105 za\u015b na zakres niezb\u0119dnej wiedzy w danym obszarze.<\/p>\n<p>Zesp\u00f3\u0142 autorski, w kt\u00f3rego sk\u0142ad wchodz\u0105 z jednej strony do\u015bwiadczeni naukowcy i dydaktycy, a z drugiej \u2013 przedstawiciele odbiorc\u00f3w publikacji (studenci), zapewnia wielo\u015b\u0107 perspektyw w analizie problem\u00f3w dotycz\u0105cych finans\u00f3w publicznych i stanowi gwarancj\u0119 wysokiej jako\u015bci podr\u0119cznika.<\/p>\n<p>Ksi\u0105\u017cka przeznaczona jest dla student\u00f3w prawa, administracji, ekonomii, zarz\u0105dzania, finans\u00f3w i europeistyki. B\u0119dzie te\u017c cennym \u017ar\u00f3d\u0142em wiedzy dla praktyk\u00f3w i pracownik\u00f3w naukowych oraz wszystkich zainteresowanych problematyk\u0105 finans\u00f3w publicznych.<\/p>\n","protected":false},"excerpt":{"rendered":"<p>Redakcja: Salachna Joanna M. , Tyniewicki Marcin Wydawca: Wolters Kluwer [&hellip;]<\/p>\n","protected":false},"featured_media":18678,"template":"","meta":[],"product_brand":[],"product_cat":[19,7500,7501,7531],"product_tag":[472,1136],"class_list":{"0":"post-18438","1":"product","2":"type-product","3":"status-publish","4":"has-post-thumbnail","6":"product_cat-finanse-i-prawo-finansowe","7":"product_cat-finanse-publiczne","8":"product_cat-prawo-finansowe","9":"product_cat-promocje","10":"product_tag-finanse-publiczne","11":"product_tag-prawo-finansowe","13":"first","14":"instock","15":"sale","16":"shipping-taxable","17":"purchasable","18":"product-type-simple"},"_links":{"self":[{"href":"https:\/\/ksiegarnia-akademicka.pl\/index.php\/wp-json\/wp\/v2\/product\/18438","targetHints":{"allow":["GET"]}}],"collection":[{"href":"https:\/\/ksiegarnia-akademicka.pl\/index.php\/wp-json\/wp\/v2\/product"}],"about":[{"href":"https:\/\/ksiegarnia-akademicka.pl\/index.php\/wp-json\/wp\/v2\/types\/product"}],"wp:featuredmedia":[{"embeddable":true,"href":"https:\/\/ksiegarnia-akademicka.pl\/index.php\/wp-json\/wp\/v2\/media\/18678"}],"wp:attachment":[{"href":"https:\/\/ksiegarnia-akademicka.pl\/index.php\/wp-json\/wp\/v2\/media?parent=18438"}],"wp:term":[{"taxonomy":"product_brand","embeddable":true,"href":"https:\/\/ksiegarnia-akademicka.pl\/index.php\/wp-json\/wp\/v2\/product_brand?post=18438"},{"taxonomy":"product_cat","embeddable":true,"href":"https:\/\/ksiegarnia-akademicka.pl\/index.php\/wp-json\/wp\/v2\/product_cat?post=18438"},{"taxonomy":"product_tag","embeddable":true,"href":"https:\/\/ksiegarnia-akademicka.pl\/index.php\/wp-json\/wp\/v2\/product_tag?post=18438"}],"curies":[{"name":"wp","href":"https:\/\/api.w.org\/{rel}","templated":true}]}}