{"id":18412,"date":"2024-10-23T08:15:53","date_gmt":"2024-10-23T06:15:53","guid":{"rendered":"http:\/\/ksiegarnia-akademicka.pl\/?post_type=product&#038;p=18412"},"modified":"2024-10-23T08:15:54","modified_gmt":"2024-10-23T06:15:54","slug":"podstawy-neuropsychologii-klinicznej-2","status":"publish","type":"product","link":"https:\/\/ksiegarnia-akademicka.pl\/index.php\/product\/podstawy-neuropsychologii-klinicznej-2\/","title":{"rendered":"Podstawy neuropsychologii klinicznej"},"content":{"rendered":"<p>Autor:<br \/>\n\u0141ucja Doma\u0144ska<br \/>\nAneta R. (red.) Borkowska<br \/>\nRedakcja: Doma\u0144ska \u0141ucja, Borkowska Aneta R.<br \/>\nWydawca: UMCS<br \/>\nOprawa: Mi\u0119kka<br \/>\nFormat: 16.8&#215;24.0cm<br \/>\nLiczba stron: 504<br \/>\nRok wydania: 2024<br \/>\nJ\u0119zyk wydania: polski<\/p>\n<p>Autorami publikacji s\u0105 znani i cenieni specjali\u015bci z wa\u017cnych o\u015brodk\u00f3w neuropsychologicznych w kraju. Ksi\u0105\u017cka zawiera systematycznie uporz\u0105dkowan\u0105 wiedz\u0119, przedstawion\u0105 w przejrzysty i czytelny spos\u00f3b, dotycz\u0105c\u0105 relacji mi\u0119dzy dysfunkcjami m\u00f3zgu a zachowaniem cz\u0142owieka, w uj\u0119ciach klasycznych i wsp\u00f3\u0142czesnych. Podr\u0119cznik obejmuje reprezentatywne dla neuropsychologii zagadnienia, na przyk\u0142ad z zakresu zaburze\u0144 funkcji poznawczych, ruchowych, emocjonalnych, \u015bwiadomo\u015bci, a tak\u017ce osobowo\u015bci w r\u00f3\u017cnych formach patologii m\u00f3zgu. Rozdzia\u0142y po\u015bwi\u0119cone zaburzeniom zawieraj\u0105 opis psychologicznej i m\u00f3zgowej organizacji funkcji oraz charakterystyk\u0119 ich objaw\u00f3w i mechanizm\u00f3w. Wiele miejsca po\u015bwi\u0119cono zasadom terapii neuropsychologicznej oraz pomocy psychologicznej udzielanej pacjentom i ich rodzinom. Publikacja przeznaczona jest dla szerokiego grona odbiorc\u00f3w: student\u00f3w psychologii, pedagogiki, medycyny, psycholog\u00f3w praktyk\u00f3w poszerzaj\u0105cych swoj\u0105 wiedz\u0119 z zakresu neuropsychologii, lekarzy, szczeg\u00f3lnie neurolog\u00f3w i psychiatr\u00f3w, logoped\u00f3w i neurologoped\u00f3w.<\/p>\n","protected":false},"excerpt":{"rendered":"<p>Autor: \u0141ucja Doma\u0144ska Aneta R. (red.) Borkowska Redakcja: Doma\u0144ska \u0141ucja, [&hellip;]<\/p>\n","protected":false},"featured_media":18413,"template":"","meta":[],"product_brand":[],"product_cat":[27,7509],"product_tag":[6070,1186],"class_list":{"0":"post-18412","1":"product","2":"type-product","3":"status-publish","4":"has-post-thumbnail","6":"product_cat-nauki-spoleczne","7":"product_cat-psychologia","8":"product_tag-neurologia","9":"product_tag-psychologia","11":"first","12":"instock","13":"sale","14":"shipping-taxable","15":"purchasable","16":"product-type-simple"},"_links":{"self":[{"href":"https:\/\/ksiegarnia-akademicka.pl\/index.php\/wp-json\/wp\/v2\/product\/18412","targetHints":{"allow":["GET"]}}],"collection":[{"href":"https:\/\/ksiegarnia-akademicka.pl\/index.php\/wp-json\/wp\/v2\/product"}],"about":[{"href":"https:\/\/ksiegarnia-akademicka.pl\/index.php\/wp-json\/wp\/v2\/types\/product"}],"wp:featuredmedia":[{"embeddable":true,"href":"https:\/\/ksiegarnia-akademicka.pl\/index.php\/wp-json\/wp\/v2\/media\/18413"}],"wp:attachment":[{"href":"https:\/\/ksiegarnia-akademicka.pl\/index.php\/wp-json\/wp\/v2\/media?parent=18412"}],"wp:term":[{"taxonomy":"product_brand","embeddable":true,"href":"https:\/\/ksiegarnia-akademicka.pl\/index.php\/wp-json\/wp\/v2\/product_brand?post=18412"},{"taxonomy":"product_cat","embeddable":true,"href":"https:\/\/ksiegarnia-akademicka.pl\/index.php\/wp-json\/wp\/v2\/product_cat?post=18412"},{"taxonomy":"product_tag","embeddable":true,"href":"https:\/\/ksiegarnia-akademicka.pl\/index.php\/wp-json\/wp\/v2\/product_tag?post=18412"}],"curies":[{"name":"wp","href":"https:\/\/api.w.org\/{rel}","templated":true}]}}