{"id":18360,"date":"2024-10-15T08:55:57","date_gmt":"2024-10-15T06:55:57","guid":{"rendered":"http:\/\/ksiegarnia-akademicka.pl\/?post_type=product&#038;p=18360"},"modified":"2024-10-15T08:55:57","modified_gmt":"2024-10-15T06:55:57","slug":"zbiorowe-prawo-zatrudnienia-komentarz","status":"publish","type":"product","link":"https:\/\/ksiegarnia-akademicka.pl\/index.php\/product\/zbiorowe-prawo-zatrudnienia-komentarz\/","title":{"rendered":"Zbiorowe prawo zatrudnienia Komentarz"},"content":{"rendered":"<p>Redakcja: Baran Krzystof W.<br \/>\nWydawca: Wolters Kluwer<br \/>\nOprawa: Twarda<br \/>\nLiczba stron: 900<br \/>\nWydanie: 2<br \/>\nRok wydania: 2024<br \/>\nJ\u0119zyk wydania: polski<\/p>\n<p>Zbiorowe prawo zatrudnienia reguluje relacje normatywne zachodz\u0105ce pomi\u0119dzy reprezentuj\u0105cymi zatrudnionych zwi\u0105zkami zawodowymi i organami partycypacyjnymi a pracodawcami i skupiaj\u0105cymi ich organizacjami oraz pomi\u0119dzy tymi podmiotami a organami w\u0142adzy i administracji publicznej.<\/p>\n<p>Komentarz zawiera analiz\u0119 najwa\u017cniejszych zagadnie\u0144 zwi\u0105zanych ze stosowaniem akt\u00f3w prawnych sk\u0142adaj\u0105cych si\u0119 na zbiorowe prawo zatrudnienia, takich jak:<\/p>\n<p>ustawa o zwi\u0105zkach zawodowych,<br \/>\nustawa o organizacjach pracodawc\u00f3w,<br \/>\nustawa o rozwi\u0105zywaniu spor\u00f3w zbiorowych,<br \/>\nKodeks pracy, w zakresie przepis\u00f3w dotycz\u0105cych uk\u0142ad\u00f3w zbiorowych pracy,<br \/>\nustawa o informowaniu pracownik\u00f3w i przeprowadzaniu z nimi konsultacji,<br \/>\nustawa o szczeg\u00f3lnych zasadach rozwi\u0105zywania z pracownikami stosunk\u00f3w pracy z przyczyn niedotycz\u0105cych pracownik\u00f3w,<br \/>\nustawa o zak\u0142adowym funduszu \u015bwiadcze\u0144 socjalnych.<br \/>\nSzczeg\u00f3ln\u0105 uwag\u0119 po\u015bwi\u0119cono uchwalonym w ostatnich latach regulacjom normatywnym. Przewidziane tam mechanizmy wp\u0142ywaj\u0105 bezpo\u015brednio b\u0105d\u017a po\u015brednio na funkcjonowanie stosunk\u00f3w pracy w sferze kolektywnej.<\/p>\n<p>Autorzy, komentuj\u0105c poszczeg\u00f3lne akty prawne, uwzgl\u0119dnili tak\u017ce bogaty dorobek judykatury i nauki prawa pracy w zakresie zbiorowego prawa zatrudnienia.<\/p>\n<p>Publikacja jest przeznaczona dla dzia\u0142aczy zwi\u0105zkowych, mediator\u00f3w, mened\u017cer\u00f3w, pracownik\u00f3w HR i cz\u0142onk\u00f3w organ\u00f3w przedstawicielskich. Zainteresuje r\u00f3wnie\u017c radc\u00f3w prawnych, adwokat\u00f3w oraz s\u0119dzi\u00f3w orzekaj\u0105cych w sprawach z zakresu prawa pracy, a tak\u017ce przedstawicieli nauki prawa pracy.<\/p>\n","protected":false},"excerpt":{"rendered":"<p>Redakcja: Baran Krzystof W. Wydawca: Wolters Kluwer Oprawa: Twarda Liczba [&hellip;]<\/p>\n","protected":false},"featured_media":18361,"template":"","meta":[],"product_brand":[],"product_cat":[18,7550],"product_tag":[1497,793],"class_list":{"0":"post-18360","1":"product","2":"type-product","3":"status-publish","4":"has-post-thumbnail","6":"product_cat-prawo","7":"product_cat-prawo-pracy","8":"product_tag-komentarz","9":"product_tag-prawo-pracy","11":"first","12":"instock","13":"sale","14":"shipping-taxable","15":"purchasable","16":"product-type-simple"},"_links":{"self":[{"href":"https:\/\/ksiegarnia-akademicka.pl\/index.php\/wp-json\/wp\/v2\/product\/18360","targetHints":{"allow":["GET"]}}],"collection":[{"href":"https:\/\/ksiegarnia-akademicka.pl\/index.php\/wp-json\/wp\/v2\/product"}],"about":[{"href":"https:\/\/ksiegarnia-akademicka.pl\/index.php\/wp-json\/wp\/v2\/types\/product"}],"wp:featuredmedia":[{"embeddable":true,"href":"https:\/\/ksiegarnia-akademicka.pl\/index.php\/wp-json\/wp\/v2\/media\/18361"}],"wp:attachment":[{"href":"https:\/\/ksiegarnia-akademicka.pl\/index.php\/wp-json\/wp\/v2\/media?parent=18360"}],"wp:term":[{"taxonomy":"product_brand","embeddable":true,"href":"https:\/\/ksiegarnia-akademicka.pl\/index.php\/wp-json\/wp\/v2\/product_brand?post=18360"},{"taxonomy":"product_cat","embeddable":true,"href":"https:\/\/ksiegarnia-akademicka.pl\/index.php\/wp-json\/wp\/v2\/product_cat?post=18360"},{"taxonomy":"product_tag","embeddable":true,"href":"https:\/\/ksiegarnia-akademicka.pl\/index.php\/wp-json\/wp\/v2\/product_tag?post=18360"}],"curies":[{"name":"wp","href":"https:\/\/api.w.org\/{rel}","templated":true}]}}