{"id":18350,"date":"2024-10-15T08:45:17","date_gmt":"2024-10-15T06:45:17","guid":{"rendered":"http:\/\/ksiegarnia-akademicka.pl\/?post_type=product&#038;p=18350"},"modified":"2024-10-15T08:45:18","modified_gmt":"2024-10-15T06:45:18","slug":"zglaszanie-nieprawidlowosci-i-ochrona-sygnalistow-kompendium-wiedzy","status":"publish","type":"product","link":"https:\/\/ksiegarnia-akademicka.pl\/index.php\/product\/zglaszanie-nieprawidlowosci-i-ochrona-sygnalistow-kompendium-wiedzy\/","title":{"rendered":"Zg\u0142aszanie nieprawid\u0142owo\u015bci i ochrona sygnalist\u00f3w Kompendium wiedzy"},"content":{"rendered":"<p>Autor:<br \/>\nhab.Baran-Weso\u0142owska Beata (red.) dr<br \/>\nRedakcja: Baran-Weso\u0142owska Beata, Grzesk\u00f3w Ma\u0142gorzata, K\u0142osowski Piotr<br \/>\nWydawca: ODDK<br \/>\nOprawa: Mi\u0119kka<br \/>\nFormat: 16.0&#215;23.0cm<br \/>\nLiczba stron: 224<br \/>\nWydanie: 1<br \/>\nRok wydania: 2024<br \/>\nJ\u0119zyk wydania: polski<\/p>\n<p>Kompendium wiedzy na temat zg\u0142aszania nieprawid\u0142owo\u015bci i ochrony sygnalist\u00f3w omawia przepisy ustawy z dnia 14 czerwca 2024 r. o ochronie sygnalist\u00f3w (Dz.U. poz. 928), kt\u00f3ra wdra\u017ca do polskiego porz\u0105dku prawnego przepisy dyrektywy Parlamentu Europejskiego i Rady (UE) 2019\/1937 w sprawie ochrony os\u00f3b zg\u0142aszaj\u0105cych naruszenia prawa Unii.<br \/>\nPrzepisy te wprowadzi\u0142y wiele nowych obowi\u0105zk\u00f3w dla podmiot\u00f3w prywatnych oraz podmiot\u00f3w publicznych, kt\u00f3re musz\u0105 wdro\u017cy\u0107 wewn\u0119trzn\u0105 procedur\u0119 zg\u0142aszania informacji o naruszeniach prawa oraz podejmowa\u0107 dzia\u0142ania nast\u0119pcze \u2013 prowadzi\u0107 wewn\u0119trzne post\u0119powania wyja\u015bniaj\u0105ce.<\/p>\n<p>Tre\u015b\u0107 tych przepis\u00f3w, podobnie jak i ich interpretacja od pocz\u0105tku wzbudza\u0142y wiele w\u0105tpliwo\u015bci, utrudniaj\u0105c ich zastosowanie w praktyce.<\/p>\n<p>Autorzy w spos\u00f3b przejrzysty i praktyczny przedstawili wszystkie najwa\u017cniejsze instytucje prawne obj\u0119te ustaw\u0105 o ochronie sygnalist\u00f3w, dokonuj\u0105c analizy prawnej oraz interpretacji niejasnych i budz\u0105cych w\u0105tpliwo\u015bci przepis\u00f3w. Om\u00f3wiono m.in. takie zagadnienia, jak:<\/p>\n<p>&#8211; katalog os\u00f3b mog\u0105cych dokona\u0107 zg\u0142oszenia nieprawid\u0142owo\u015bci,<br \/>\n&#8211; katalog obszar\u00f3w podlegaj\u0105cych zg\u0142oszeniu,<br \/>\nmo\u017cliwe drogi zg\u0142aszania nieprawid\u0142owo\u015bci (zg\u0142oszenia wewn\u0119trzne, zg\u0142oszenia zewn\u0119trzne, ujawnienie publiczne),<br \/>\n&#8211; wewn\u0119trzny system zg\u0142aszania, spos\u00f3b jego przyj\u0119cia, wdro\u017cenie i kluczowe elementy \u2013 w tym procedura zg\u0142osze\u0144 wewn\u0119trznych,<br \/>\n&#8211; dzia\u0142ania nast\u0119pcze (post\u0119powania wyja\u015bniaj\u0105ce) w przypadku zg\u0142oszenia naruszenia,<br \/>\n&#8211; ochrona danych osobowych w wewn\u0119trznym systemie zg\u0142aszania,<br \/>\n&#8211; ochrona sygnalisty,<br \/>\n&#8211; odpowiedzialno\u015b\u0107 karna za brak wdro\u017cenia przepis\u00f3w ustawy.<\/p>\n<p>Du\u017cym atutem opracowania s\u0105 liczne przyk\u0142ady, kt\u00f3re u\u0142atwiaj\u0105 zrozumienie i zastosowanie przepis\u00f3w, oraz wzory niezb\u0119dnych dokument\u00f3w: wz\u00f3r procedury zg\u0142osze\u0144 wewn\u0119trznych, wz\u00f3r zg\u0142oszenia naruszenia, wz\u00f3r potwierdzenia otrzymania zg\u0142oszenia, wz\u00f3r rejestru zg\u0142osze\u0144, wz\u00f3r formularza zg\u0142oszenia dzia\u0142a\u0144 odwetowych, wz\u00f3r upowa\u017cnienia do przyjmowania i weryfikacji zg\u0142osze\u0144.<\/p>\n<p>Integraln\u0105 cz\u0119\u015bci\u0105 publikacji jest suplement elektroniczny, kt\u00f3ry zawiera zamieszczone w ksi\u0105\u017cce wzory w formacie MS Word umo\u017cliwiaj\u0105cym ich edycj\u0119 i dostosowanie ich tre\u015bci do indywidualnych potrzeb. Plik suplementu mo\u017cna pobra\u0107 przez Internet \u2013 instrukcja post\u0119powania znajduje si\u0119 w ksi\u0105\u017cce. Zainstalowanie suplementu wymaga systemu operacyjnego Windows.<\/p>\n","protected":false},"excerpt":{"rendered":"<p>Autor: hab.Baran-Weso\u0142owska Beata (red.) dr Redakcja: Baran-Weso\u0142owska Beata, Grzesk\u00f3w Ma\u0142gorzata, [&hellip;]<\/p>\n","protected":false},"featured_media":18351,"template":"","meta":[],"product_brand":[],"product_cat":[7491,7490,18],"product_tag":[8315,615,296],"class_list":{"0":"post-18350","1":"product","2":"type-product","3":"status-publish","4":"has-post-thumbnail","6":"product_cat-cywilne","7":"product_cat-karne","8":"product_cat-prawo","9":"product_tag-ochrona-sygnalistow","10":"product_tag-prawo-cywilne","11":"product_tag-prawo-karne","13":"first","14":"instock","15":"sale","16":"shipping-taxable","17":"purchasable","18":"product-type-simple"},"_links":{"self":[{"href":"https:\/\/ksiegarnia-akademicka.pl\/index.php\/wp-json\/wp\/v2\/product\/18350","targetHints":{"allow":["GET"]}}],"collection":[{"href":"https:\/\/ksiegarnia-akademicka.pl\/index.php\/wp-json\/wp\/v2\/product"}],"about":[{"href":"https:\/\/ksiegarnia-akademicka.pl\/index.php\/wp-json\/wp\/v2\/types\/product"}],"wp:featuredmedia":[{"embeddable":true,"href":"https:\/\/ksiegarnia-akademicka.pl\/index.php\/wp-json\/wp\/v2\/media\/18351"}],"wp:attachment":[{"href":"https:\/\/ksiegarnia-akademicka.pl\/index.php\/wp-json\/wp\/v2\/media?parent=18350"}],"wp:term":[{"taxonomy":"product_brand","embeddable":true,"href":"https:\/\/ksiegarnia-akademicka.pl\/index.php\/wp-json\/wp\/v2\/product_brand?post=18350"},{"taxonomy":"product_cat","embeddable":true,"href":"https:\/\/ksiegarnia-akademicka.pl\/index.php\/wp-json\/wp\/v2\/product_cat?post=18350"},{"taxonomy":"product_tag","embeddable":true,"href":"https:\/\/ksiegarnia-akademicka.pl\/index.php\/wp-json\/wp\/v2\/product_tag?post=18350"}],"curies":[{"name":"wp","href":"https:\/\/api.w.org\/{rel}","templated":true}]}}