{"id":18334,"date":"2024-10-09T13:32:34","date_gmt":"2024-10-09T11:32:34","guid":{"rendered":"http:\/\/ksiegarnia-akademicka.pl\/?post_type=product&#038;p=18334"},"modified":"2024-10-09T13:32:36","modified_gmt":"2024-10-09T11:32:36","slug":"genetyka-medyczna-i-molekularna","status":"publish","type":"product","link":"https:\/\/ksiegarnia-akademicka.pl\/index.php\/product\/genetyka-medyczna-i-molekularna\/","title":{"rendered":"Genetyka medyczna i molekularna"},"content":{"rendered":"<p>Autor:<br \/>\nJerzy Bal<br \/>\nWydawca: Wydawnictwo Naukowe PWN<br \/>\nOprawa: Mi\u0119kka<br \/>\nFormat: 21.0&#215;29.7cm<br \/>\nLiczba stron: 700<br \/>\nWydanie: 5<br \/>\nRok wydania: 2023<br \/>\nJ\u0119zyk wydania: polski<\/p>\n<p>Ksi\u0105\u017cka prezentuje szeroki zakres wiedzy z zakresu genetyki cz\u0142owieka i zastosowa\u0144 biologii molekularnej w medycynie. Przedstawione s\u0105 w niej wa\u017cne dzia\u0142y medycyny, w kt\u00f3rych istotn\u0105 rol\u0119 odgrywa analiza genomu, dziedziczno\u015b\u0107 jak te\u017c kwestie genetycznie uwarunkowanej zmienno\u015b\u0107 osobniczej w konfrontacji ze \u015brodowiskiem. Szczeg\u00f3lne miejsce, na wielu stronach, po\u015bwi\u0119cono problematyce leczenia chor\u00f3b genetycznie uwarunkowanych w tym personalizacji leczenia z immunoterapi\u0105 i terapi\u0105 genow\u0105 w\u0142\u0105cznie. Osobne miejsce po\u015bwi\u0119cono biomedycznym dokonaniom in\u017cynierii genetycznej. Obecne wydanie obejmuje podstawygenetyki i genomiki, zasady dziedziczenia i genetyczne uwarunkowanej zmienno\u015bci osobniczej, metody i narz\u0119dzia analizy kwas\u00f3w nukleinowych, zastosowania bioinformatyki w analizie genetycznej z uwzgl\u0119dnieniem wysoko przepustowego sekwencjonowania DNA, podstawy patologii molekularnej chor\u00f3b dziedzicznych, nowotworowych, kompleksowych i mitochondrialnych.<br \/>\nPrzedstawione spektrum zastosowa\u0144 biologii molekularnej obejmuje tak\u017ce medycyn\u0119 s\u0105dow\u0105 i diagnostyk\u0119 chor\u00f3b infekcyjnych i inwazyjnych. Tradycyjnie o warto\u015bci opisywanej problematykistanowi\u0105 poradnictwo genetyczne i podstawy epidemiologii chor\u00f3b genetycznie uwarunkowanych. Uwsp\u00f3\u0142cze\u015bniono kompleks zagadnie\u0144 dotycz\u0105cy wiedzy z zakresu genetycznej r\u00f3\u017cnorodno\u015bci populacji ludzkich, biologii molekularnej w transplantologii i transfuzjologii jak te\u017cepigenetyki, farmakogenetyki i nutrigenetyki. Ponadto pragniemy zwr\u00f3ci\u0107 uwag\u0119 na nowe rozdzia\u0142y po\u015bwi\u0119cone badaniom przesiewowym czy analizie DNA w genealogii. Wa\u017cnym zagadnieniem poruszanym w ksi\u0105\u017cce s\u0105 prawne i spo\u0142eczne dylematy wsp\u00f3\u0142czesnej genetyki.<br \/>\nTematyka poruszana w ksi\u0105\u017cce, mimo widocznych osi\u0105gni\u0119\u0107, pozostaje w dalszym ci\u0105gu wyzwaniem dla nauki i jej laboratoryjnych zastosowa\u0144 w najbli\u017cszych latach.<br \/>\nPublikacja jest kontynuacj\u0105 kolejnych, poczynaj\u0105c od roku 1998, wznowie\u0144 ksi\u0105\u017cki \u201eBiologia molekularna w medycynie. Elementy genetyki klinicznej\u201d jak te\u017c wydanej w 2019 r ksi\u0105\u017cki \u201eGenetyka medyczna i molekularna\u201d. Ksi\u0105\u017cka adresowana jest do szerokiego grona odbiorc\u00f3w: student\u00f3w medycyny, farmacji, biologii, biotechnologii, in\u017cynierii genetycznej, lekarzy wszystkich specjalno\u015bci, diagnost\u00f3w laboratoryjnych, specjalizuj\u0105cych si\u0119 w genetyce klinicznej i laboratoryjnej genetyce medycznej, pracownik\u00f3w firm farmaceutycznych, a tak\u017ce wszystkich, kt\u00f3rzy chcieliby poszerzy\u0107 swoj\u0105 wiedz\u0119 z zakresu genetyki cz\u0142owieka. Autorzy podr\u0119cznika s\u0105 uznanymi autorytetami w zakresie swoich specjalno\u015bci z wybitnym dorobkiem naukowym i edukacyjnym.<\/p>\n","protected":false},"excerpt":{"rendered":"<p>Autor: Jerzy Bal Wydawca: Wydawnictwo Naukowe PWN Oprawa: Mi\u0119kka Format: [&hellip;]<\/p>\n","protected":false},"featured_media":18335,"template":"","meta":[],"product_brand":[],"product_cat":[7964,7493],"product_tag":[4806,6220,5722],"class_list":{"0":"post-18334","1":"product","2":"type-product","3":"status-publish","4":"has-post-thumbnail","6":"product_cat-biochemia","7":"product_cat-medycyna","8":"product_tag-biochemia","9":"product_tag-biologia-molekularna","10":"product_tag-genetyka","12":"first","13":"instock","14":"sale","15":"shipping-taxable","16":"purchasable","17":"product-type-simple"},"_links":{"self":[{"href":"https:\/\/ksiegarnia-akademicka.pl\/index.php\/wp-json\/wp\/v2\/product\/18334","targetHints":{"allow":["GET"]}}],"collection":[{"href":"https:\/\/ksiegarnia-akademicka.pl\/index.php\/wp-json\/wp\/v2\/product"}],"about":[{"href":"https:\/\/ksiegarnia-akademicka.pl\/index.php\/wp-json\/wp\/v2\/types\/product"}],"wp:featuredmedia":[{"embeddable":true,"href":"https:\/\/ksiegarnia-akademicka.pl\/index.php\/wp-json\/wp\/v2\/media\/18335"}],"wp:attachment":[{"href":"https:\/\/ksiegarnia-akademicka.pl\/index.php\/wp-json\/wp\/v2\/media?parent=18334"}],"wp:term":[{"taxonomy":"product_brand","embeddable":true,"href":"https:\/\/ksiegarnia-akademicka.pl\/index.php\/wp-json\/wp\/v2\/product_brand?post=18334"},{"taxonomy":"product_cat","embeddable":true,"href":"https:\/\/ksiegarnia-akademicka.pl\/index.php\/wp-json\/wp\/v2\/product_cat?post=18334"},{"taxonomy":"product_tag","embeddable":true,"href":"https:\/\/ksiegarnia-akademicka.pl\/index.php\/wp-json\/wp\/v2\/product_tag?post=18334"}],"curies":[{"name":"wp","href":"https:\/\/api.w.org\/{rel}","templated":true}]}}