{"id":1833,"date":"2018-05-22T12:44:31","date_gmt":"2018-05-22T10:44:31","guid":{"rendered":"http:\/\/ksiegarnia-akademicka.pl\/index.php\/product\/zbior-zadan-do-podrecznika-samodzielnej-nauki-ksiegowania\/"},"modified":"2021-11-18T10:37:27","modified_gmt":"2021-11-18T09:37:27","slug":"zbior-zadan-do-podrecznika-samodzielnej-nauki-ksiegowania","status":"publish","type":"product","link":"https:\/\/ksiegarnia-akademicka.pl\/index.php\/product\/zbior-zadan-do-podrecznika-samodzielnej-nauki-ksiegowania\/","title":{"rendered":"Zbi\u00f3r zada\u0144 do podr\u0119cznika samodzielnej nauki ksi\u0119gowania."},"content":{"rendered":"<p>Barbara Gierusz<br \/>\nWydawca: ODDK<br \/>\nOprawa: Mi\u0119kka<br \/>\nFormat: 14.5&#215;20.5cm<br \/>\nLiczba stron: 192<br \/>\nRok wydania: 2018<\/p>\n<p>Zbi\u00f3r zada\u0144 jest uzupe\u0142nieniem do Podr\u0119cznika samodzielnej nauki ksi\u0119gowania autorstwa dr hab. Barbary Gierusz, prof. UG. Autorka proponuje tu wykorzystanie umiej\u0119tno\u015bci nabytych w trakcie pracy z podr\u0119cznikiem oraz mo\u017cliwo\u015b\u0107 ich praktycznego zastosowania podczas rozwi\u0105zywania problem\u00f3w z zakresu rachunkowo\u015bci.<\/p>\n","protected":false},"excerpt":{"rendered":"<p>Barbara Gierusz Wydawca: ODDK Oprawa: Mi\u0119kka Format: 14.5&#215;20.5cm Liczba stron: [&hellip;]<\/p>\n","protected":false},"featured_media":8729,"template":"","meta":[],"product_brand":[],"product_cat":[23],"product_tag":[1496,348],"class_list":{"0":"post-1833","1":"product","2":"type-product","3":"status-publish","4":"has-post-thumbnail","6":"product_cat-rachunkowosc","7":"product_tag-rachunkowosc","8":"product_tag-zbior-zadan","10":"first","11":"outofstock","12":"sale","13":"shipping-taxable","14":"purchasable","15":"product-type-simple"},"_links":{"self":[{"href":"https:\/\/ksiegarnia-akademicka.pl\/index.php\/wp-json\/wp\/v2\/product\/1833","targetHints":{"allow":["GET"]}}],"collection":[{"href":"https:\/\/ksiegarnia-akademicka.pl\/index.php\/wp-json\/wp\/v2\/product"}],"about":[{"href":"https:\/\/ksiegarnia-akademicka.pl\/index.php\/wp-json\/wp\/v2\/types\/product"}],"wp:featuredmedia":[{"embeddable":true,"href":"https:\/\/ksiegarnia-akademicka.pl\/index.php\/wp-json\/wp\/v2\/media\/8729"}],"wp:attachment":[{"href":"https:\/\/ksiegarnia-akademicka.pl\/index.php\/wp-json\/wp\/v2\/media?parent=1833"}],"wp:term":[{"taxonomy":"product_brand","embeddable":true,"href":"https:\/\/ksiegarnia-akademicka.pl\/index.php\/wp-json\/wp\/v2\/product_brand?post=1833"},{"taxonomy":"product_cat","embeddable":true,"href":"https:\/\/ksiegarnia-akademicka.pl\/index.php\/wp-json\/wp\/v2\/product_cat?post=1833"},{"taxonomy":"product_tag","embeddable":true,"href":"https:\/\/ksiegarnia-akademicka.pl\/index.php\/wp-json\/wp\/v2\/product_tag?post=1833"}],"curies":[{"name":"wp","href":"https:\/\/api.w.org\/{rel}","templated":true}]}}