{"id":18298,"date":"2024-10-07T09:44:42","date_gmt":"2024-10-07T07:44:42","guid":{"rendered":"http:\/\/ksiegarnia-akademicka.pl\/?post_type=product&#038;p=18298"},"modified":"2024-10-07T09:44:42","modified_gmt":"2024-10-07T07:44:42","slug":"anatomia-czlowieka-repetytorium-cwiczenia","status":"publish","type":"product","link":"https:\/\/ksiegarnia-akademicka.pl\/index.php\/product\/anatomia-czlowieka-repetytorium-cwiczenia\/","title":{"rendered":"Anatomia cz\u0142owieka Repetytorium \u0106wiczenia"},"content":{"rendered":"<p>Autor:<br \/>\nRyszard Aleksandrowicz<br \/>\nWydawca: PZWL<br \/>\nOprawa: Mi\u0119kka<br \/>\nFormat: 20.0&#215;28.0cm<br \/>\nLiczba stron: 256<br \/>\nRok wydania: 2017<br \/>\nJ\u0119zyk wydania: polski<\/p>\n<p>\u201eAnatomia cz\u0142owieka\u201d Bochenka\u2013Reichera w nowej ods\u0142onie. Ucz si\u0119, koloruj\u0105c!<\/p>\n<p>Trzypokoleniowy zesp\u00f3\u0142 anatom\u00f3w oraz artysta plastyk przygotowali \u0106wiczenia do wcze\u015bniej wydanej Anatomii cz\u0142owieka. Repetytorium.<\/p>\n<p>Na 160 tablicach ponad 530 wybranych z Repetytorium rycin opracowanych tak, aby mo\u017cna by\u0142o je kolorowa\u0107 i zarazem uczy\u0107 si\u0119 anatomii<br \/>\nKr\u00f3tkie, zwi\u0119z\u0142e opisy, zawieraj\u0105ce najwa\u017cniejsze wiadomo\u015bci na temat znajduj\u0105cych si\u0119 na rycinach struktur anatomicznych<br \/>\nPrzy opisach najistotniejsze informacje kliniczne<br \/>\nMiana anatomiczne dla wszystkich zaznaczonych na rycinach struktur (oko\u0142o 6 000 struktur)<br \/>\nMiana anatomiczne w trzech wersjach j\u0119zykowych: polskiej, \u0142aci\u0144skiej i angielskiej<br \/>\nSystem kolorowania, \u0142\u0105cz\u0105cy terminologi\u0119 ze strukturami anatomicznymi pokazanymi na poszczeg\u00f3lnych rycinach<br \/>\nTablice z rycinami w kolejno\u015bci zgodnej z uk\u0142adem tre\u015bci w Repetytorium<\/p>\n<p>Doskona\u0142a pomoc do nauki anatomii oraz mianownictwa anatomicznego dla student\u00f3w medycyny i innych kierunk\u00f3w medycznych oraz os\u00f3b r\u00f3\u017cnych specjalno\u015bci medycznych.<\/p>\n","protected":false},"excerpt":{"rendered":"<p>Autor: Ryszard Aleksandrowicz Wydawca: PZWL Oprawa: Mi\u0119kka Format: 20.0&#215;28.0cm Liczba [&hellip;]<\/p>\n","protected":false},"featured_media":18299,"template":"","meta":[],"product_brand":[],"product_cat":[7963,7493],"product_tag":[4852,1053],"class_list":{"0":"post-18298","1":"product","2":"type-product","3":"status-publish","4":"has-post-thumbnail","6":"product_cat-anatomia","7":"product_cat-medycyna","8":"product_tag-anatomia","9":"product_tag-repetytorium","11":"first","12":"instock","13":"sale","14":"shipping-taxable","15":"purchasable","16":"product-type-simple"},"_links":{"self":[{"href":"https:\/\/ksiegarnia-akademicka.pl\/index.php\/wp-json\/wp\/v2\/product\/18298","targetHints":{"allow":["GET"]}}],"collection":[{"href":"https:\/\/ksiegarnia-akademicka.pl\/index.php\/wp-json\/wp\/v2\/product"}],"about":[{"href":"https:\/\/ksiegarnia-akademicka.pl\/index.php\/wp-json\/wp\/v2\/types\/product"}],"wp:featuredmedia":[{"embeddable":true,"href":"https:\/\/ksiegarnia-akademicka.pl\/index.php\/wp-json\/wp\/v2\/media\/18299"}],"wp:attachment":[{"href":"https:\/\/ksiegarnia-akademicka.pl\/index.php\/wp-json\/wp\/v2\/media?parent=18298"}],"wp:term":[{"taxonomy":"product_brand","embeddable":true,"href":"https:\/\/ksiegarnia-akademicka.pl\/index.php\/wp-json\/wp\/v2\/product_brand?post=18298"},{"taxonomy":"product_cat","embeddable":true,"href":"https:\/\/ksiegarnia-akademicka.pl\/index.php\/wp-json\/wp\/v2\/product_cat?post=18298"},{"taxonomy":"product_tag","embeddable":true,"href":"https:\/\/ksiegarnia-akademicka.pl\/index.php\/wp-json\/wp\/v2\/product_tag?post=18298"}],"curies":[{"name":"wp","href":"https:\/\/api.w.org\/{rel}","templated":true}]}}