{"id":18296,"date":"2024-10-07T09:40:42","date_gmt":"2024-10-07T07:40:42","guid":{"rendered":"http:\/\/ksiegarnia-akademicka.pl\/?post_type=product&#038;p=18296"},"modified":"2026-01-30T08:29:32","modified_gmt":"2026-01-30T07:29:32","slug":"anatomia-czlowieka-repetytorium-na-podstawie-anatomii-czlowieka-a-bochenka-m-reichera","status":"publish","type":"product","link":"https:\/\/ksiegarnia-akademicka.pl\/index.php\/product\/anatomia-czlowieka-repetytorium-na-podstawie-anatomii-czlowieka-a-bochenka-m-reichera\/","title":{"rendered":"Anatomia cz\u0142owieka Repetytorium Na podstawie anatomii cz\u0142owieka A. Bochenka, M. Reichera"},"content":{"rendered":"<p>Redakcja: Aleksandrowicz Ryszard, Ciszek Bogdan, Krasucki Krzysztof<br \/>\nWydawca: PZWL<br \/>\nOprawa: Mi\u0119kka<br \/>\nFormat: 16.5&#215;23.5cm<br \/>\nLiczba stron: 739<br \/>\nWydanie: 1<br \/>\nRok wydania: 2023<br \/>\nJ\u0119zyk wydania: polski<\/p>\n<p>Repetytorium z &#8222;Bochenka&#8221; to skt\u00f3cona forma najlepszego i najdok\u0142adniejszego podr\u0119cznika &#8211; pi\u0119ciotomowej ,,Anatomii cz\u0142owieka\u201d Adama Bochenka i Micha\u0142a Reichera. Reprezentuj\u0105cy trzy pokolenia anatom\u00f3w &#8211; autorzy &#8211; usystematyzowali i zebrali w jedn\u0105 ca\u0142o\u015b\u0107 najwa\u017cniejsze zagadnienia z zakresu anatomii. W efekcie powsta\u0142 zaktualizowany podr\u0119cznik, kt\u00f3ry dla student\u00f3w kierunku lekarskiego i lekarsko-dentystycznego b\u0119dzie niezast\u0105piony do powt\u00f3rki materia\u0142u, a dla student\u00f3w innych kierunk\u00f3w medycznych \u2013 podstawowy do nauki anatomii cz\u0142owieka.<\/p>\n","protected":false},"excerpt":{"rendered":"<p>Redakcja: Aleksandrowicz Ryszard, Ciszek Bogdan, Krasucki Krzysztof Wydawca: PZWL Oprawa: [&hellip;]<\/p>\n","protected":false},"featured_media":18297,"template":"","meta":[],"product_brand":[],"product_cat":[7963,7493],"product_tag":[4852,8313,1053],"class_list":{"0":"post-18296","1":"product","2":"type-product","3":"status-publish","4":"has-post-thumbnail","6":"product_cat-anatomia","7":"product_cat-medycyna","8":"product_tag-anatomia","9":"product_tag-bochenek","10":"product_tag-repetytorium","12":"first","13":"instock","14":"sale","15":"shipping-taxable","16":"purchasable","17":"product-type-simple"},"_links":{"self":[{"href":"https:\/\/ksiegarnia-akademicka.pl\/index.php\/wp-json\/wp\/v2\/product\/18296","targetHints":{"allow":["GET"]}}],"collection":[{"href":"https:\/\/ksiegarnia-akademicka.pl\/index.php\/wp-json\/wp\/v2\/product"}],"about":[{"href":"https:\/\/ksiegarnia-akademicka.pl\/index.php\/wp-json\/wp\/v2\/types\/product"}],"wp:featuredmedia":[{"embeddable":true,"href":"https:\/\/ksiegarnia-akademicka.pl\/index.php\/wp-json\/wp\/v2\/media\/18297"}],"wp:attachment":[{"href":"https:\/\/ksiegarnia-akademicka.pl\/index.php\/wp-json\/wp\/v2\/media?parent=18296"}],"wp:term":[{"taxonomy":"product_brand","embeddable":true,"href":"https:\/\/ksiegarnia-akademicka.pl\/index.php\/wp-json\/wp\/v2\/product_brand?post=18296"},{"taxonomy":"product_cat","embeddable":true,"href":"https:\/\/ksiegarnia-akademicka.pl\/index.php\/wp-json\/wp\/v2\/product_cat?post=18296"},{"taxonomy":"product_tag","embeddable":true,"href":"https:\/\/ksiegarnia-akademicka.pl\/index.php\/wp-json\/wp\/v2\/product_tag?post=18296"}],"curies":[{"name":"wp","href":"https:\/\/api.w.org\/{rel}","templated":true}]}}