{"id":18284,"date":"2024-10-03T09:43:40","date_gmt":"2024-10-03T07:43:40","guid":{"rendered":"http:\/\/ksiegarnia-akademicka.pl\/?post_type=product&#038;p=18284"},"modified":"2024-10-03T12:36:21","modified_gmt":"2024-10-03T10:36:21","slug":"makroekonomia-8","status":"publish","type":"product","link":"https:\/\/ksiegarnia-akademicka.pl\/index.php\/product\/makroekonomia-8\/","title":{"rendered":"Makroekonomia"},"content":{"rendered":"<p>Autor:<br \/>\nDavid Begg<br \/>\nRudiger Dornbusch<br \/>\nT\u0142umacze: Rapacki Ryszard<br \/>\nWydawca: PWE<br \/>\nOprawa: Kartonowa Foliowana<br \/>\nFormat: 16.0&#215;23.6<br \/>\nLiczba stron: 588<br \/>\nWydanie: 5<br \/>\nRok wydania: 2014<br \/>\nJ\u0119zyk wydania: polski<\/p>\n<p>Makroekonomia jest najcz\u0119\u015bciej u\u017cywanym podr\u0119cznikiem na pierwszych latach studi\u00f3w ekonomicznych w wi\u0119kszo\u015bci polskich uczelni. W obecnym, pi\u0105tym wydaniu \u2013 dzi\u0119ki rozszerzeniu grona autor\u00f3w \u2013 dokonano kompleksowej aktualizacji ca\u0142ej ksi\u0105\u017cki.<br \/>\nZaprezentowano mi\u0119dzy innymi:<br \/>\n\u2022 podstawow\u0105 wiedz\u0119 z dziedziny ekonomii, szczeg\u00f3\u0142owo opisuj\u0105c przede wszystkim produkcj\u0119 i popyt globalny; polityk\u0119 fiskaln\u0105; pieni\u0105dz i system bankowy; stopy procentowe; polityk\u0119 pieni\u0119\u017cn\u0105; poda\u017c globaln\u0105; inflacj\u0119; bezrobocie; kursy walutowe i bilans p\u0142atniczy; cykle koniunkturalne; handel mi\u0119dzynarodowy;<br \/>\n\u2022 zmiany zachodz\u0105ce we wsp\u00f3\u0142czesnej gospodarce, w tym obszern\u0105 analiz\u0119 kryzysu finansowego \u2013 jego przyczyn i skutk\u00f3w;<br \/>\n\u2022 nowe narz\u0119dzia dydaktyczne, takie jak ponadobowi\u0105zkowe rozszerzenie matematyczne.<\/p>\n<p>Autorami podr\u0119cznika s\u0105 wybitni uczeni i wyk\u0142adowcy ekonomii, maj\u0105cy du\u017ce do\u015bwiadczenie w doradztwie gospodarczym.<\/p>\n<p>Przek\u0142ad na j\u0119zyk polski jest zas\u0142ug\u0105 pracownik\u00f3w naukowych Szko\u0142y G\u0142\u00f3wnej Handlowej w Warszawie.<\/p>\n","protected":false},"excerpt":{"rendered":"<p>Autor: David Begg Rudiger Dornbusch T\u0142umacze: Rapacki Ryszard Wydawca: PWE [&hellip;]<\/p>\n","protected":false},"featured_media":18285,"template":"","meta":[],"product_brand":[],"product_cat":[17,7499],"product_tag":[342],"class_list":{"0":"post-18284","1":"product","2":"type-product","3":"status-publish","4":"has-post-thumbnail","6":"product_cat-ekonomia","7":"product_cat-makro-i-mikroekonomia","8":"product_tag-makroekonomia","10":"first","11":"instock","12":"sale","13":"shipping-taxable","14":"purchasable","15":"product-type-simple"},"_links":{"self":[{"href":"https:\/\/ksiegarnia-akademicka.pl\/index.php\/wp-json\/wp\/v2\/product\/18284","targetHints":{"allow":["GET"]}}],"collection":[{"href":"https:\/\/ksiegarnia-akademicka.pl\/index.php\/wp-json\/wp\/v2\/product"}],"about":[{"href":"https:\/\/ksiegarnia-akademicka.pl\/index.php\/wp-json\/wp\/v2\/types\/product"}],"wp:featuredmedia":[{"embeddable":true,"href":"https:\/\/ksiegarnia-akademicka.pl\/index.php\/wp-json\/wp\/v2\/media\/18285"}],"wp:attachment":[{"href":"https:\/\/ksiegarnia-akademicka.pl\/index.php\/wp-json\/wp\/v2\/media?parent=18284"}],"wp:term":[{"taxonomy":"product_brand","embeddable":true,"href":"https:\/\/ksiegarnia-akademicka.pl\/index.php\/wp-json\/wp\/v2\/product_brand?post=18284"},{"taxonomy":"product_cat","embeddable":true,"href":"https:\/\/ksiegarnia-akademicka.pl\/index.php\/wp-json\/wp\/v2\/product_cat?post=18284"},{"taxonomy":"product_tag","embeddable":true,"href":"https:\/\/ksiegarnia-akademicka.pl\/index.php\/wp-json\/wp\/v2\/product_tag?post=18284"}],"curies":[{"name":"wp","href":"https:\/\/api.w.org\/{rel}","templated":true}]}}