{"id":18279,"date":"2024-10-02T09:57:32","date_gmt":"2024-10-02T07:57:32","guid":{"rendered":"http:\/\/ksiegarnia-akademicka.pl\/?post_type=product&#038;p=18279"},"modified":"2025-10-03T15:34:29","modified_gmt":"2025-10-03T13:34:29","slug":"atlas-anatomii-czlowieka-sobotta-tom-3-angielskie-mianownictwo-glowa-szyja-i-uklad-nerwowy","status":"publish","type":"product","link":"https:\/\/ksiegarnia-akademicka.pl\/index.php\/product\/atlas-anatomii-czlowieka-sobotta-tom-3-angielskie-mianownictwo-glowa-szyja-i-uklad-nerwowy\/","title":{"rendered":"Atlas anatomii cz\u0142owieka Sobotta Tom 3. Angielskie mianownictwo G\u0142owa, szyja i uk\u0142ad nerwowy"},"content":{"rendered":"<p>Autor:<br \/>\nF. Paulsen<br \/>\nT\u0142umacze: EDRA<br \/>\nIlustracje: Urban &amp; Partner sp. z o.o.<br \/>\nWydawca: Edra Urban &amp; Partner<br \/>\nOprawa: Twarda<br \/>\nFormat: 23.0&#215;31.4cm<br \/>\nLiczba stron: 512<br \/>\nWydanie: 25<br \/>\nRok wydania: 2024<br \/>\nJ\u0119zyk wydania: polski<\/p>\n<p>NAUKA ANATOMII MO\u017bE BY\u0106 FASCYNUJ\u0104CA!<\/p>\n<p>\u2022 Ten Atlas to wi\u0119cej ni\u017c ksi\u0105\u017cka \u2013 to klucz do nauki anatomii i jej wykorzystania w praktyce klinicznej!<br \/>\n\u2022 Kolejne wydanie Atlasu z najwy\u017cszej jako\u015bci rycinami wykonanymi na podstawie prawdziwych preparat\u00f3w<br \/>\n\u2022 Uwzgl\u0119dnienie wszystkich struktur zgodnie z obecn\u0105 wiedz\u0105 naukow\u0105<br \/>\n\u2022 Zagadnienia egzaminacyjne oraz przyk\u0142adowe pytania z egzamin\u00f3w, kt\u00f3re pomagaj\u0105 w utrwaleniu materia\u0142u i sprawdzeniu swojej wiedzy<br \/>\n\u2022 Przypadki kliniczne dostarczaj\u0105ce cennych informacji w przysz\u0142ej praktyce klinicznej<br \/>\n\u2022 Ponad 100-letnie do\u015bwiadczenie, 25 wyda\u0144 oraz tysi\u0105ce charakterystycznych rycin anatomicznych \u2013 wszystko to sprawia, \u017ce Sobotta odnosi ci\u0105g\u0142e sukcesy.<\/p>\n<p>Atlas anatomii cz\u0142owieka autorstwa Johannesa Sobotty obchodzi swoje \u201esrebrne gody\u201d, poniewa\u017c jest to kolejne ju\u017c 25. wydanie tego znakomitego podr\u0119cznika. Z tej okazji z wielk\u0105 przyjemno\u015bci\u0105 przyj\u0119li\u015bmy propozycj\u0119 ze strony wydawnictwa Edra Urban &amp; Partner do wzi\u0119cia udzia\u0142u w ponownym przystosowaniu Atlasu Sobotty do u\u017cytku na polskich uczelniach medycznych. Nieomal od stu lat jest to atlas powszechnie doceniany przez studentki i student\u00f3w nauk medycznych i nauk pokrewnych, a tak\u017ce przez lekarki i lekarzy wszystkich specjalno\u015bci. Andreas Vesalius w swoim wiekopomnym dziele De humani corporis Fabrica libri septem, wydanym w roku 1543, napisa\u0142: \u201eanatomia jest podstaw\u0105 wszystkich nauk medycznych \u2013 zar\u00f3wno podstawowych, jak i klinicznych\u201d. Niniejsze 25. Oryginalne wydanie Atlasu anatomii cz\u0142owieka J. Sobotty opracowali \u2013 podobnie jak poprzednie \u2013 profesorowie Friedrich Paulsen i Jens Waschke, renomowani specjali\u015bci w dziedzinie anatomii makroskopowej i mikroskopowej, znakomici dydaktycy akademiccy i klinicy\u015bci. Oddawany u\u017cytkownikom podr\u0119cznik jest udoskonalony i unowocze\u015bniony, uwzgl\u0119dnia wprowadzenie nowoczesnych technik przy\u017cyciowego obrazowania w diagnostyce medycznej (tomogramy TK i MR oraz angiogramy), a tak\u017ce zawiera znaczn\u0105 liczb\u0119 informacji odnosz\u0105cych si\u0119 bezpo\u015brednio do post\u0119powania w praktyce klinicznej.<\/p>\n<p>Atlas obejmuje trzy tomy: tom 1. \u2013 og\u00f3lne poj\u0119cia anatomiczne oraz opisy narz\u0105d\u00f3w ruchu, tom 2. \u2013 budowa narz\u0105d\u00f3w wewn\u0119trznych klatki piersiowej, jamy brzusznej i miednicy, tom 3. \u2013 morfologia g\u0142owy i szyi, narz\u0105d\u00f3w zmys\u0142u wzroku, s\u0142uchu i r\u00f3wnowagi oraz uk\u0142adu nerwowego o\u015brodkowego i obwodowego.<br \/>\nRyciny w Atlasie zosta\u0142y zaopatrzone w kr\u00f3tkie opisy, bardzo istotne w zaj\u0119ciach prosektoryjnych. Wa\u017cne s\u0105 tak\u017ce dane dotycz\u0105ce rozwoju narz\u0105d\u00f3w, wyja\u015bniaj\u0105ce powstawanie wad wrodzonych w poszczeg\u00f3lnych okresach rozwoju p\u0142odu. Atlas anatomii cz\u0142owieka Sobotty w obecnej postaci ma motywowa\u0107 studentki i student\u00f3w do aktywnego uczestnictwa w zaj\u0119ciach prosektoryjnych, zw\u0142aszcza do dedukcji i samodzielnego pog\u0142\u0119biania wiedzy medycznej tzw. przyczynowo-skutkowej, opartej na \u0142\u0105czeniu podstaw anatomiczno-fizjologicznych z dalszym wnioskowaniem klinicznym, a przez to zwr\u00f3cenia wi\u0119kszej uwagi na aspekty praktyczne w trakcie studiowania medycyny. Pragniemy jednocze\u015bnie stwierdzi\u0107, i\u017c mimo zawartych w Atlasie opis\u00f3w morfologii cia\u0142a ludzkiego, nie mo\u017ce on ca\u0142kowicie zast\u0105pi\u0107 podr\u0119cznik\u00f3w anatomii. Atlas anatomii cz\u0142owieka jest niezmiernie przydatny w studiowaniu przedmiotu, poniewa\u017c u\u0142atwia zrozumienie budowy i topografii narz\u0105d\u00f3w oraz przebiegu naczy\u0144 i nerw\u00f3w. Jeste\u015bmy przekonani, i\u017c przygotowane obecnie edycje Atlasu Sobotty, w wersjach nazewniczych polsko-\u0142aci\u0144skiej oraz polsko-angielskiej, stan\u0105 si\u0119 warto\u015bciow\u0105 pomoc\u0105 w studiowaniu anatomii, a tak\u017ce w praktyce klinicznej, szczeg\u00f3lnie w specjalno\u015bciach zabiegowych.<\/p>\n<p>Z Przedmowy<br \/>\nKazimierz S. J\u0119drzejewski<br \/>\nMicha\u0142 Polguj<\/p>\n","protected":false},"excerpt":{"rendered":"<p>Autor: F. Paulsen T\u0142umacze: EDRA Ilustracje: Urban &amp; Partner sp. [&hellip;]<\/p>\n","protected":false},"featured_media":18280,"template":"","meta":[],"product_brand":[],"product_cat":[7963,7493],"product_tag":[4852,7699],"class_list":{"0":"post-18279","1":"product","2":"type-product","3":"status-publish","4":"has-post-thumbnail","6":"product_cat-anatomia","7":"product_cat-medycyna","8":"product_tag-anatomia","9":"product_tag-sobotta","11":"first","12":"instock","13":"sale","14":"shipping-taxable","15":"purchasable","16":"product-type-simple"},"_links":{"self":[{"href":"https:\/\/ksiegarnia-akademicka.pl\/index.php\/wp-json\/wp\/v2\/product\/18279","targetHints":{"allow":["GET"]}}],"collection":[{"href":"https:\/\/ksiegarnia-akademicka.pl\/index.php\/wp-json\/wp\/v2\/product"}],"about":[{"href":"https:\/\/ksiegarnia-akademicka.pl\/index.php\/wp-json\/wp\/v2\/types\/product"}],"wp:featuredmedia":[{"embeddable":true,"href":"https:\/\/ksiegarnia-akademicka.pl\/index.php\/wp-json\/wp\/v2\/media\/18280"}],"wp:attachment":[{"href":"https:\/\/ksiegarnia-akademicka.pl\/index.php\/wp-json\/wp\/v2\/media?parent=18279"}],"wp:term":[{"taxonomy":"product_brand","embeddable":true,"href":"https:\/\/ksiegarnia-akademicka.pl\/index.php\/wp-json\/wp\/v2\/product_brand?post=18279"},{"taxonomy":"product_cat","embeddable":true,"href":"https:\/\/ksiegarnia-akademicka.pl\/index.php\/wp-json\/wp\/v2\/product_cat?post=18279"},{"taxonomy":"product_tag","embeddable":true,"href":"https:\/\/ksiegarnia-akademicka.pl\/index.php\/wp-json\/wp\/v2\/product_tag?post=18279"}],"curies":[{"name":"wp","href":"https:\/\/api.w.org\/{rel}","templated":true}]}}