{"id":18249,"date":"2024-09-09T12:55:09","date_gmt":"2024-09-09T10:55:09","guid":{"rendered":"http:\/\/ksiegarnia-akademicka.pl\/?post_type=product&#038;p=18249"},"modified":"2024-09-09T12:55:11","modified_gmt":"2024-09-09T10:55:11","slug":"integracja-europejska-wybrane-aspekty-ekonomiczne-i-srodowiskowe","status":"publish","type":"product","link":"https:\/\/ksiegarnia-akademicka.pl\/index.php\/product\/integracja-europejska-wybrane-aspekty-ekonomiczne-i-srodowiskowe\/","title":{"rendered":"Integracja europejska Wybrane aspekty ekonomiczne i \u015brodowiskowe"},"content":{"rendered":"<p>Autor:<br \/>\nBerbeka Krzysztof<br \/>\nWydawca: Wydawnictwo Uniwersytetu Jagiello\u0144skiego<br \/>\nOprawa: Mi\u0119kka<br \/>\nFormat: 15.0&#215;22.4cm<br \/>\nLiczba stron: 162<br \/>\nRok wydania: 2024<br \/>\nJ\u0119zyk wydania: polski<\/p>\n<p>Problematyka integracji europejskiej wraz z jej gospodarczymi konsekwencjami jest jednym z bardziej kontrowersyjnych temat\u00f3w. Du\u017cy nacisk Unii Europejskiej na kwestie \u015brodowiskowe skutkuje zaostrzaniem istniej\u0105cych regulacji oraz tworzeniem nowych, co budzi wiele spor\u00f3w. Obecna dotkliwo\u015b\u0107 tych regulacji, niezale\u017cnie od potencjalnych korzy\u015bci dla przysz\u0142ych generacji, utrudnia zrozumienie ich zasadno\u015bci. Autor niniejszej monografii postawi\u0142 sobie za cel om\u00f3wienie wybranych element\u00f3w procesu integracji i ochrony \u015brodowiska oraz wskazanie argumentacji uzasadniaj\u0105cej opisane dzia\u0142ania wraz z przyk\u0142adow\u0105 analiz\u0105 koszt\u00f3w i korzy\u015bci. Problemy przedstawione zosta\u0142y wed\u0142ug pewnego schematu; podbudow\u0119 teoretyczn\u0105 \u2013 tam gdzie jest zasadna \u2013 uzupe\u0142niono praktycznymi przyk\u0142adami wdro\u017cenia poszczeg\u00f3lnych koncepcji. Ksi\u0105\u017cka nie pretenduje do miana podr\u0119cznika, niemniej prezentuje r\u00f3\u017cne aspekty integracji i regulacji \u015brodowiskowych, pog\u0142\u0119bion\u0105 dyskusj\u0119 i studia przypadk\u00f3w.<\/p>\n","protected":false},"excerpt":{"rendered":"<p>Autor: Berbeka Krzysztof Wydawca: Wydawnictwo Uniwersytetu Jagiello\u0144skiego Oprawa: Mi\u0119kka Format: [&hellip;]<\/p>\n","protected":false},"featured_media":18250,"template":"","meta":[],"product_brand":[],"product_cat":[25],"product_tag":[2124,250],"class_list":{"0":"post-18249","1":"product","2":"type-product","3":"status-publish","4":"has-post-thumbnail","6":"product_cat-unia-europejska","7":"product_tag-integracja-europejska","8":"product_tag-unia-europejska","10":"first","11":"instock","12":"shipping-taxable","13":"purchasable","14":"product-type-simple"},"_links":{"self":[{"href":"https:\/\/ksiegarnia-akademicka.pl\/index.php\/wp-json\/wp\/v2\/product\/18249","targetHints":{"allow":["GET"]}}],"collection":[{"href":"https:\/\/ksiegarnia-akademicka.pl\/index.php\/wp-json\/wp\/v2\/product"}],"about":[{"href":"https:\/\/ksiegarnia-akademicka.pl\/index.php\/wp-json\/wp\/v2\/types\/product"}],"wp:featuredmedia":[{"embeddable":true,"href":"https:\/\/ksiegarnia-akademicka.pl\/index.php\/wp-json\/wp\/v2\/media\/18250"}],"wp:attachment":[{"href":"https:\/\/ksiegarnia-akademicka.pl\/index.php\/wp-json\/wp\/v2\/media?parent=18249"}],"wp:term":[{"taxonomy":"product_brand","embeddable":true,"href":"https:\/\/ksiegarnia-akademicka.pl\/index.php\/wp-json\/wp\/v2\/product_brand?post=18249"},{"taxonomy":"product_cat","embeddable":true,"href":"https:\/\/ksiegarnia-akademicka.pl\/index.php\/wp-json\/wp\/v2\/product_cat?post=18249"},{"taxonomy":"product_tag","embeddable":true,"href":"https:\/\/ksiegarnia-akademicka.pl\/index.php\/wp-json\/wp\/v2\/product_tag?post=18249"}],"curies":[{"name":"wp","href":"https:\/\/api.w.org\/{rel}","templated":true}]}}