{"id":18237,"date":"2024-09-05T13:44:07","date_gmt":"2024-09-05T11:44:07","guid":{"rendered":"http:\/\/ksiegarnia-akademicka.pl\/?post_type=product&#038;p=18237"},"modified":"2024-12-05T09:47:20","modified_gmt":"2024-12-05T08:47:20","slug":"sygnalisci-w-firmie-poradnik-dla-pracodawcy","status":"publish","type":"product","link":"https:\/\/ksiegarnia-akademicka.pl\/index.php\/product\/sygnalisci-w-firmie-poradnik-dla-pracodawcy\/","title":{"rendered":"Sygnali\u015bci w firmie Poradnik dla pracodawcy"},"content":{"rendered":"<p>Autor:<br \/>\nJakub Niemoczy\u0144ski<br \/>\nWydawca: Infor<br \/>\nOprawa: Kartonowa Foliowana<br \/>\nFormat: 16.5&#215;23.5cm<br \/>\nLiczba stron: 124<br \/>\nRok wydania: 2024<br \/>\nJ\u0119zyk wydania: polski<\/p>\n<p>Publikacja jest praktycznym kompendium, kt\u00f3re pomo\u017ce wdro\u017cy\u0107 w firmie procedur\u0119 zg\u0142aszania narusze\u0144 prawa. Obowi\u0105zek ten wprowadzi\u0142a nowa ustawa o ochronie sygnalist\u00f3w.<br \/>\nZgodnie z ustaw\u0105 o ochronie sygnalist\u00f3w wszystkie podmioty zatrudniaj\u0105ce co najmniej 50 os\u00f3b (dotyczy to zar\u00f3wno pracownik\u00f3w, jak i os\u00f3b wykonuj\u0105cych prac\u0119 w innej formie, np. na podstawie umowy cywilnoprawnej), a tak\u017ce wszystkie podmioty z sektora finansowego, niezale\u017cnie od ich wielko\u015bci, b\u0119d\u0105 musia\u0142y wdro\u017cy\u0107 system zg\u0142aszania narusze\u0144 prawa oraz obj\u0105\u0107 ochron\u0105 osoby zg\u0142aszaj\u0105ce takie naruszenia \u2013 sygnalist\u00f3w. Dla tych wszystkich podmiot\u00f3w oznacza to:<br \/>\n&#8211; stworzenie i wdro\u017cenie ca\u0142kowicie nowych procedur wewn\u0119trznych okre\u015blaj\u0105cych zasady ochrony sygnalist\u00f3w,<br \/>\n&#8211;     powo\u0142anie nowego stanowiska (Compliance Officera) w organizacji,<br \/>\n&#8211; uruchomienie kana\u0142\u00f3w wewn\u0119trznych niezb\u0119dnych do zg\u0142aszania narusze\u0144 przez sygnalist\u0119, gwarantuj\u0105cych mu bezpiecze\u0144stwo przed negatywnymi konsekwencjami dokonania takiego zg\u0142oszenia (np. zwolnienie, wstrzymanie awansu, degradacja, nieprzed\u0142u\u017cenie umowy o prac\u0119 zawartej na czas okre\u015blony).<\/p>\n<p>\u201eSygnali\u015bci w firmie\u201d \u2013 co wyja\u015bnia publikacja?<br \/>\n\u2022    Kim jest sygnalista i jakie ma uprawnienia?<br \/>\n\u2022    Na czym polega ochrona sygnalisty?<br \/>\n\u2022    Jakie s\u0105 zasady dokonywania zg\u0142osze\u0144 wewn\u0119trznych, zewn\u0119trznych i ujawnienia publicznego?<br \/>\n\u2022    Jak prawid\u0142owo stworzy\u0107 system zg\u0142osze\u0144 narusze\u0144 prawa?<br \/>\n\u2022    Kto powinien zajmowa\u0107 si\u0119 obs\u0142ug\u0105 zg\u0142osze\u0144?<br \/>\n\u2022    Jak prowadzi\u0107 post\u0119powanie wyja\u015bniaj\u0105ce?<\/p>\n<p>Poradnik \u201eSygnali\u015bci w firmie\u201d zawiera wzory niezb\u0119dnych dokument\u00f3w zwi\u0105zanych ze stosowaniem przepis\u00f3w ustawy o ochronie sygnalist\u00f3w \u2013 s\u0105 to m.in.:<br \/>\nprocedura zg\u0142osze\u0144 wewn\u0119trznych,<br \/>\n    potwierdzenie przyj\u0119cia zg\u0142oszenia,<br \/>\nrejestr zg\u0142osze\u0144 wewn\u0119trznych,<br \/>\ninformacja zwrotna dla zatrudnionego,<br \/>\n    pouczenie i zobowi\u0105zanie do zachowania w tajemnicy informacji uzyskanych podczas procedury zg\u0142osze\u0144 wewn\u0119trznych.<br \/>\nAutor \u2013 Jakub Niemoczy\u0144ski<br \/>\nRadca prawny, compliance officer, do\u015bwiadczony specjalista w zakresie stosowania przepis\u00f3w dotycz\u0105cych sygnalist\u00f3w<\/p>\n<p>\u201eSygnali\u015bci w firmie\u201d \u2013 atuty publikacji<br \/>\nProsty i zrozumia\u0142y j\u0119zyk<br \/>\nKompleksowo\u015b\u0107<br \/>\nProcedury i wzory dokument\u00f3w<br \/>\nLiczne przyk\u0142ady<\/p>\n","protected":false},"excerpt":{"rendered":"<p>Autor: Jakub Niemoczy\u0144ski Wydawca: Infor Oprawa: Kartonowa Foliowana Format: 16.5&#215;23.5cm [&hellip;]<\/p>\n","protected":false},"featured_media":18238,"template":"","meta":[],"product_brand":[],"product_cat":[7491,18,7550],"product_tag":[615,793],"class_list":{"0":"post-18237","1":"product","2":"type-product","3":"status-publish","4":"has-post-thumbnail","6":"product_cat-cywilne","7":"product_cat-prawo","8":"product_cat-prawo-pracy","9":"product_tag-prawo-cywilne","10":"product_tag-prawo-pracy","12":"first","13":"instock","14":"sale","15":"shipping-taxable","16":"purchasable","17":"product-type-simple"},"_links":{"self":[{"href":"https:\/\/ksiegarnia-akademicka.pl\/index.php\/wp-json\/wp\/v2\/product\/18237","targetHints":{"allow":["GET"]}}],"collection":[{"href":"https:\/\/ksiegarnia-akademicka.pl\/index.php\/wp-json\/wp\/v2\/product"}],"about":[{"href":"https:\/\/ksiegarnia-akademicka.pl\/index.php\/wp-json\/wp\/v2\/types\/product"}],"wp:featuredmedia":[{"embeddable":true,"href":"https:\/\/ksiegarnia-akademicka.pl\/index.php\/wp-json\/wp\/v2\/media\/18238"}],"wp:attachment":[{"href":"https:\/\/ksiegarnia-akademicka.pl\/index.php\/wp-json\/wp\/v2\/media?parent=18237"}],"wp:term":[{"taxonomy":"product_brand","embeddable":true,"href":"https:\/\/ksiegarnia-akademicka.pl\/index.php\/wp-json\/wp\/v2\/product_brand?post=18237"},{"taxonomy":"product_cat","embeddable":true,"href":"https:\/\/ksiegarnia-akademicka.pl\/index.php\/wp-json\/wp\/v2\/product_cat?post=18237"},{"taxonomy":"product_tag","embeddable":true,"href":"https:\/\/ksiegarnia-akademicka.pl\/index.php\/wp-json\/wp\/v2\/product_tag?post=18237"}],"curies":[{"name":"wp","href":"https:\/\/api.w.org\/{rel}","templated":true}]}}