{"id":18222,"date":"2024-09-03T13:00:45","date_gmt":"2024-09-03T11:00:45","guid":{"rendered":"http:\/\/ksiegarnia-akademicka.pl\/?post_type=product&#038;p=18222"},"modified":"2024-09-03T13:00:59","modified_gmt":"2024-09-03T11:00:59","slug":"praktyka-kliniczna-koty-tom-1-i-2","status":"publish","type":"product","link":"https:\/\/ksiegarnia-akademicka.pl\/index.php\/product\/praktyka-kliniczna-koty-tom-1-i-2\/","title":{"rendered":"Praktyka kliniczna: koty Tom 1 i 2"},"content":{"rendered":"<p>Autor:<br \/>\nLutz Hans<br \/>\nWydawca: Galaktyka<br \/>\nOprawa: Twarda<br \/>\nFormat: 20.3&#215;27.7cm<br \/>\nLiczba stron: 1080<br \/>\nRok wydania: 2022<br \/>\nJ\u0119zyk wydania: polski<\/p>\n<p>Dwutomowy podr\u0119cznik &#8222;Praktyka kliniczna: koty&#8221; jest t\u0142umaczeniem sz\u00f3stego wydania niemieckoj\u0119zycznego.<\/p>\n<p>&#8222;Praktyka kliniczna: koty&#8221; to prawdziwa encyklopedia zdrowia kota. Zesp\u00f3\u0142 autor\u00f3w \u2013 wybitnych specjalist\u00f3w praktyk\u00f3w ze wszystkich dziedzin medycyny kot\u00f3w \u2013 przekaza\u0142 najwa\u017cniejsze, a przede wszystkim rzeczowe informacje o chorobach oraz ich rozpoznawaniu i leczeniu. Przejrzysty uk\u0142ad gwarantuje, \u017ce Czytelnik szybko dotrze do interesuj\u0105cych go zagadnie\u0144.<\/p>\n<p>Pierwsze polskie wydanie tej pozycji ukaza\u0142o si\u0119 w 2004 roku i by\u0142o t\u0142umaczeniem trzeciego wydania niemieckiego z 2003 roku. Od tego czasu wiedza weterynaryjna znacznie si\u0119 poszerzy\u0142a i zmieni\u0142a. Lekarze weterynarii uzyskali te\u017c lepszy dost\u0119p do technologii u\u0142atwiaj\u0105cych diagnostyk\u0119 chor\u00f3b. Kolejne polskie wydanie &#8222;Praktyki klinicznej: koty&#8221; to zupe\u0142nie nowy przek\u0142ad sz\u00f3stego oryginalnego wydania z 2019 roku, autorzy opracowali podr\u0119cznik na nowo i wzbogacili go o najaktualniejsze tre\u015bci i dane naukowe. Zmodyfikowali uk\u0142ad oraz zakres rozdzia\u0142\u00f3w \u2013 wyodr\u0119bnili wa\u017cne tematy, kt\u00f3re wcze\u015bniej opisane by\u0142y do\u015b\u0107 og\u00f3lnikowo (np. powsta\u0142 odr\u0119bny rozdzia\u0142 po\u015bwi\u0119cony neonatologii), szerzej om\u00f3wili wiele zagadnie\u0144, m.in. terapi\u0119 zaburze\u0144 behawioralnych, leczenie zaka\u017ce\u0144 wirusowych, bakteryjnych i parazytologicznych.<\/p>\n<p>Bardzo istotn\u0105 warto\u015bci\u0105 ksi\u0105\u017cki jest jej \u201eeuropejski\u201d charakter. Autorzy w wielu przypadkach podkre\u015blaj\u0105 typow\u0105 dla Europy, a wi\u0119c i dla Polski, specyfik\u0119 wyst\u0119powania poszczeg\u00f3lnych chor\u00f3b.<\/p>\n<p>Nowe wydanie &#8222;Praktyki klinicznej: koty&#8221; powinno znale\u017a\u0107 si\u0119 na p\u00f3\u0142ce ka\u017cdego lekarza weterynarii \u2013 zar\u00f3wno pocz\u0105tkuj\u0105cego, jak i do\u015bwiadczonego specjalisty \u2013 oraz studenta medycyny weterynaryjnej, stanowi bowiem nieocenione \u017ar\u00f3d\u0142o wiedzy i praktycznych wskaz\u00f3wek niezb\u0119dnych w codziennej nowoczesnej dzia\u0142alno\u015bci medycznej.<br \/>\nprof. dr hab. ROMAN LECHOWSKI, specjalista chor\u00f3b ps\u00f3w i kot\u00f3w, kierownik Zak\u0142adu Chor\u00f3b Wewn\u0119trznych Ma\u0142ych Zwierz\u0105t, Instytut Medycyny Weterynaryjnej SGGW w Warszawie<\/p>\n<p>Drugie polskie wydanie &#8222;Praktyki klinicznej: koty&#8221; jest dobr\u0105 okazj\u0105 do uzupe\u0142nienia fachowej wiedzy z zakresu chor\u00f3b kot\u00f3w. Moje szczeg\u00f3lne zainteresowanie wzbudzi\u0142 rozdzia\u0142 Choroby uk\u0142adu ruchu autorstwa Katji Voss, maja?cej bogate dos\u00b4wiadczenie w ortopedii kot\u00f3w. Zawarta tu wiedza moz\u02d9e byc\u00b4 przydatna zar\u00f3wno dla specjalist\u00f3w zajmuja?cych sie? t\u0105 dziedzin\u0105, jak i dla lekarzy weterynarii pierwszego kontaktu, do kt\u00f3rych cze?sto trafiaja? pacjenci z problemem ortopedycznym wymagaja?cym wste?pnej oceny i ewentualnego skierowania do dalszego leczenia w plac\u00f3wce referencyjnej.<\/p>\n<p>W por\u00f3wnaniu z poprzednim wydaniem podre?cznika, w nowej polskiej edycji rozdzia\u0142 ten istotnie zmieniono i wzbogacono o aktualne tres\u00b4ci. Uporza?dkowany i czytelny opis chor\u00f3b oraz badan\u00b4 diagnostycznych, a takz\u02d9e liczne ryciny i tabele u\u0142atwiaja? przyswajanie wiadomos\u00b4ci w zakresie ortopedii kot\u00f3w, be?da?cej dynamicznie rozwijaja?ca? sie? dziedzina? weterynarii.<br \/>\ndr n. wet. GRZEGORZ WA?SIATYCZ, specjalista chor\u00f3b ps\u00f3w i kot\u00f3w, specjalista chirurgii i radiologii weterynaryjnej, Instytut Medycyny Weterynaryjnej, Wydzia\u0142 Nauk Biologicznych i Weterynaryjnych, Uniwersytet Miko\u0142aja Kopernika w Toruniu<\/p>\n","protected":false},"excerpt":{"rendered":"<p>Autor: Lutz Hans Wydawca: Galaktyka Oprawa: Twarda Format: 20.3&#215;27.7cm Liczba [&hellip;]<\/p>\n","protected":false},"featured_media":18223,"template":"","meta":[],"product_brand":[],"product_cat":[7493,8300],"product_tag":[7859],"class_list":{"0":"post-18222","1":"product","2":"type-product","3":"status-publish","4":"has-post-thumbnail","6":"product_cat-medycyna","7":"product_cat-weterynaria","8":"product_tag-weterynaria","10":"first","11":"instock","12":"sale","13":"shipping-taxable","14":"purchasable","15":"product-type-simple"},"_links":{"self":[{"href":"https:\/\/ksiegarnia-akademicka.pl\/index.php\/wp-json\/wp\/v2\/product\/18222","targetHints":{"allow":["GET"]}}],"collection":[{"href":"https:\/\/ksiegarnia-akademicka.pl\/index.php\/wp-json\/wp\/v2\/product"}],"about":[{"href":"https:\/\/ksiegarnia-akademicka.pl\/index.php\/wp-json\/wp\/v2\/types\/product"}],"wp:featuredmedia":[{"embeddable":true,"href":"https:\/\/ksiegarnia-akademicka.pl\/index.php\/wp-json\/wp\/v2\/media\/18223"}],"wp:attachment":[{"href":"https:\/\/ksiegarnia-akademicka.pl\/index.php\/wp-json\/wp\/v2\/media?parent=18222"}],"wp:term":[{"taxonomy":"product_brand","embeddable":true,"href":"https:\/\/ksiegarnia-akademicka.pl\/index.php\/wp-json\/wp\/v2\/product_brand?post=18222"},{"taxonomy":"product_cat","embeddable":true,"href":"https:\/\/ksiegarnia-akademicka.pl\/index.php\/wp-json\/wp\/v2\/product_cat?post=18222"},{"taxonomy":"product_tag","embeddable":true,"href":"https:\/\/ksiegarnia-akademicka.pl\/index.php\/wp-json\/wp\/v2\/product_tag?post=18222"}],"curies":[{"name":"wp","href":"https:\/\/api.w.org\/{rel}","templated":true}]}}