{"id":18214,"date":"2024-09-03T12:43:46","date_gmt":"2024-09-03T10:43:46","guid":{"rendered":"http:\/\/ksiegarnia-akademicka.pl\/?post_type=product&#038;p=18214"},"modified":"2024-09-03T12:43:53","modified_gmt":"2024-09-03T10:43:53","slug":"ultrasonografia-tarczycy-w-praktyce-klinicznej","status":"publish","type":"product","link":"https:\/\/ksiegarnia-akademicka.pl\/index.php\/product\/ultrasonografia-tarczycy-w-praktyce-klinicznej\/","title":{"rendered":"Ultrasonografia tarczycy w praktyce klinicznej"},"content":{"rendered":"<p>Redakcja: Rucha\u0142a Marek, Szczepanek-Parulska Ewelina<br \/>\nWydawca: Medycyna Praktyczna<br \/>\nOprawa: Twarda<br \/>\nFormat: 20.5&#215;30.0cm<br \/>\nLiczba stron: 118<br \/>\nWydanie: 2<br \/>\nRok wydania: 2023<br \/>\nJ\u0119zyk wydania: polski<\/p>\n<p>Oddajemy w r\u0119ce czytelnik\u00f3w praktyczny przewodnik po ultrasonografii tarczycy, zaktualizowany na podstawie Rekomendacji Polskich Towarzystw Naukowych oraz Narodowej Strategii Onkologicznej (aktualizacja na rok 2022), zgodnie z kt\u00f3rymi zaleca si\u0119 stosowanie numerycznej klasyfikacji EU TIRADS PL w opisie zmian ogniskowych tarczycy.<\/p>\n<p>G\u0142\u00f3wnym celem tej monografii jest upowszechnienie wiedzy i pomoc w zdobyciu umiej\u0119tno\u015bci potrzebnych lekarzom r\u00f3\u017cnych specjalno\u015bci, zaanga\u017cowanym zar\u00f3wno w proces diagnostyczny chor\u00f3b tarczycy, jak te\u017c w ich leczenie. Zawarto\u015b\u0107 ksi\u0105\u017cki jest zdecydowanie szersza ni\u017c wskazuje jej tytu\u0142. W monografii znajdziemy zatem nie tylko bogato ilustrowane om\u00f3wienie diagnostyki ultrasonograficznej tarczycy, lecz tak\u017ce rozdzia\u0142y po\u015bwi\u0119cone wskazaniom do biopsji czy kwalifikacji do zabieg\u00f3w chirurgicznych.<\/p>\n<p>Poszczeg\u00f3lne cz\u0119\u015bci wzbogacono o liczne zdj\u0119cia oraz opisy przypadk\u00f3w z przytoczonymi wynikami bada\u0144 laboratoryjnych b\u0105d\u017a z om\u00f3wieniem zastosowanego leczenia. Po\u0142\u0105czenie obraz\u00f3w ultrasonograficznych z danymi klinicznymi zwi\u0119ksza przydatno\u015b\u0107 ksi\u0105\u017cki w codziennej praktyce.<\/p>\n<p>Mamy nadziej\u0119, \u017ce monografia u\u0142atwi lekarzom trudne i odpowiedzialne zadanie, jakim jest ustalenie w\u0142a\u015bciwego rozpoznania, ocena ryzyka i planowanie dalszego leczenia u pacjent\u00f3w w przebiegu r\u00f3\u017cnych chor\u00f3b tarczycy.<\/p>\n","protected":false},"excerpt":{"rendered":"<p>Redakcja: Rucha\u0142a Marek, Szczepanek-Parulska Ewelina Wydawca: Medycyna Praktyczna Oprawa: Twarda [&hellip;]<\/p>\n","protected":false},"featured_media":18215,"template":"","meta":[],"product_brand":[],"product_cat":[8029,7493],"product_tag":[7737],"class_list":{"0":"post-18214","1":"product","2":"type-product","3":"status-publish","4":"has-post-thumbnail","6":"product_cat-endokrynologia-medycyna","7":"product_cat-medycyna","8":"product_tag-endokrynologia","10":"first","11":"instock","12":"sale","13":"shipping-taxable","14":"purchasable","15":"product-type-simple"},"_links":{"self":[{"href":"https:\/\/ksiegarnia-akademicka.pl\/index.php\/wp-json\/wp\/v2\/product\/18214","targetHints":{"allow":["GET"]}}],"collection":[{"href":"https:\/\/ksiegarnia-akademicka.pl\/index.php\/wp-json\/wp\/v2\/product"}],"about":[{"href":"https:\/\/ksiegarnia-akademicka.pl\/index.php\/wp-json\/wp\/v2\/types\/product"}],"wp:featuredmedia":[{"embeddable":true,"href":"https:\/\/ksiegarnia-akademicka.pl\/index.php\/wp-json\/wp\/v2\/media\/18215"}],"wp:attachment":[{"href":"https:\/\/ksiegarnia-akademicka.pl\/index.php\/wp-json\/wp\/v2\/media?parent=18214"}],"wp:term":[{"taxonomy":"product_brand","embeddable":true,"href":"https:\/\/ksiegarnia-akademicka.pl\/index.php\/wp-json\/wp\/v2\/product_brand?post=18214"},{"taxonomy":"product_cat","embeddable":true,"href":"https:\/\/ksiegarnia-akademicka.pl\/index.php\/wp-json\/wp\/v2\/product_cat?post=18214"},{"taxonomy":"product_tag","embeddable":true,"href":"https:\/\/ksiegarnia-akademicka.pl\/index.php\/wp-json\/wp\/v2\/product_tag?post=18214"}],"curies":[{"name":"wp","href":"https:\/\/api.w.org\/{rel}","templated":true}]}}