{"id":18198,"date":"2024-09-03T12:14:58","date_gmt":"2024-09-03T10:14:58","guid":{"rendered":"http:\/\/ksiegarnia-akademicka.pl\/?post_type=product&#038;p=18198"},"modified":"2024-09-03T12:15:08","modified_gmt":"2024-09-03T10:15:08","slug":"sztuka-i-emancypacja-kobiet-w-socjalistycznej-polsce-przypadek-marii-pininskiej-beres","status":"publish","type":"product","link":"https:\/\/ksiegarnia-akademicka.pl\/index.php\/product\/sztuka-i-emancypacja-kobiet-w-socjalistycznej-polsce-przypadek-marii-pininskiej-beres\/","title":{"rendered":"Sztuka i emancypacja kobiet w socjalistycznej Polsce Przypadek Marii Pini\u0144skiej-Bere\u015b"},"content":{"rendered":"<p>Autor:<br \/>\nAgata Jakubowska<br \/>\nWydawca: Wydawnictwa Uniwersytetu Warszawskiego<br \/>\nOprawa: Mi\u0119kka ze skrzyde\u0142kami<br \/>\nFormat: 17.0&#215;24.0cm<br \/>\nLiczba stron: 350<br \/>\nWydanie: 1<br \/>\nRok wydania: 2023<br \/>\nJ\u0119zyk wydania: polski<\/p>\n<p>Autorka przedstawia zawart\u0105 w tw\u00f3rczo\u015bci Marii Pini\u0144skiej-Bere\u015b analiz\u0119 kobiecego do\u015bwiadczenia jako powi\u0105zan\u0105 z procesami zachodz\u0105cymi w socjalistycznej Polsce, m.in. z rozwojem wiedzy seksuologicznej i poradnictwa, silnym wp\u0142ywem nauk Ko\u015bcio\u0142a, obecno\u015bci\u0105 \u015brodowisk kontrkulturowych, rozwojem socjalistycznego konsumpcjonizmu, ze zmieniaj\u0105c\u0105 si\u0119 ikonosfer\u0105 erotyczn\u0105, z docieraj\u0105cymi zza \u017celaznej kurtyny ideami drugiej fali feminizmu. Analiza sprz\u0119\u017cenia mi\u0119dzy nimi a sztuk\u0105 artystki pozwala dostrzec i zrozumie\u0107 lokalny kontekst tej tw\u00f3rczo\u015bci zawieraj\u0105cej tre\u015bci feministyczne, zar\u00f3wno te jego elementy, kt\u00f3re sprzyja\u0142y jej rozwojowi, jak i te, kt\u00f3re j\u0105 hamowa\u0142y.<\/p>\n<p>The Art and Emancipation of Women in Socialist Poland. The Case of Maria Pini\u0144ska-Bere\u015b<\/p>\n<p>The author analyses female experience, present in Maria Pini\u0144ska-Bere\u015b\u2019 works, as connected with the processes taking place in socialist Poland: the development of sex knowledge and counselling, the strong influence of Catholic Church, counter-culture groups, socialist consumerism, the changing erotic iconosphere and the ideas of the second wave of feminism coming from the other side of the Iron Curtain. The analysis of the relationship between them and the works of the artist allows us to perceive and understand the local context of her feminist works and the elements which favoured and hindered their development.<\/p>\n","protected":false},"excerpt":{"rendered":"<p>Autor: Agata Jakubowska Wydawca: Wydawnictwa Uniwersytetu Warszawskiego Oprawa: Mi\u0119kka ze [&hellip;]<\/p>\n","protected":false},"featured_media":18199,"template":"","meta":[],"product_brand":[],"product_cat":[38,7823],"product_tag":[5108,4292],"class_list":{"0":"post-18198","1":"product","2":"type-product","3":"status-publish","4":"has-post-thumbnail","6":"product_cat-historia","7":"product_cat-sztuka","8":"product_tag-historia-sztuki","9":"product_tag-sztuka","11":"first","12":"instock","13":"sale","14":"shipping-taxable","15":"purchasable","16":"product-type-simple"},"_links":{"self":[{"href":"https:\/\/ksiegarnia-akademicka.pl\/index.php\/wp-json\/wp\/v2\/product\/18198","targetHints":{"allow":["GET"]}}],"collection":[{"href":"https:\/\/ksiegarnia-akademicka.pl\/index.php\/wp-json\/wp\/v2\/product"}],"about":[{"href":"https:\/\/ksiegarnia-akademicka.pl\/index.php\/wp-json\/wp\/v2\/types\/product"}],"wp:featuredmedia":[{"embeddable":true,"href":"https:\/\/ksiegarnia-akademicka.pl\/index.php\/wp-json\/wp\/v2\/media\/18199"}],"wp:attachment":[{"href":"https:\/\/ksiegarnia-akademicka.pl\/index.php\/wp-json\/wp\/v2\/media?parent=18198"}],"wp:term":[{"taxonomy":"product_brand","embeddable":true,"href":"https:\/\/ksiegarnia-akademicka.pl\/index.php\/wp-json\/wp\/v2\/product_brand?post=18198"},{"taxonomy":"product_cat","embeddable":true,"href":"https:\/\/ksiegarnia-akademicka.pl\/index.php\/wp-json\/wp\/v2\/product_cat?post=18198"},{"taxonomy":"product_tag","embeddable":true,"href":"https:\/\/ksiegarnia-akademicka.pl\/index.php\/wp-json\/wp\/v2\/product_tag?post=18198"}],"curies":[{"name":"wp","href":"https:\/\/api.w.org\/{rel}","templated":true}]}}