{"id":18129,"date":"2024-05-09T10:53:14","date_gmt":"2024-05-09T08:53:14","guid":{"rendered":"http:\/\/ksiegarnia-akademicka.pl\/?post_type=product&#038;p=18129"},"modified":"2024-12-05T09:45:19","modified_gmt":"2024-12-05T08:45:19","slug":"praca-w-niedziele-i-swieta","status":"publish","type":"product","link":"https:\/\/ksiegarnia-akademicka.pl\/index.php\/product\/praca-w-niedziele-i-swieta\/","title":{"rendered":"Praca w niedziele i \u015bwi\u0119ta"},"content":{"rendered":"<p>Autor:<br \/>\nJakub Rumian<br \/>\nWydawca: Wolters Kluwer<br \/>\nOprawa: Twarda<br \/>\nLiczba stron: 432<br \/>\nWydanie: 1<br \/>\nRok wydania: 2024<br \/>\nJ\u0119zyk wydania: polski<\/p>\n<p>Publikacja jest jedynym kompleksowym opracowaniem problematyki pracy niedzielnej i \u015bwi\u0105tecznej w polskim systemie prawnym. Zawiera analiz\u0119 i wyk\u0142adni\u0119 norm reguluj\u0105cych zatrudnienie w niedziele i \u015bwi\u0119ta w wymiarze prawnopracowniczym, cywilnoprawnym i s\u0142u\u017cbowym, jak r\u00f3wnie\u017c obowi\u0105zuj\u0105cy wtedy zakaz handlu.<\/p>\n<p>Podstawowym celem opracowania jest pr\u00f3ba odpowiedzi na pytanie, czy przepisy ustawodawstwa powszechnego w zakresie pracy niedzielno-\u015bwi\u0105tecznej s\u0105 zgodne ze standardami mi\u0119dzynarodowymi oraz Konstytucj\u0105 RP. Kluczowe znaczenie maj\u0105 tu rozwa\u017cania po\u015bwi\u0119cone definicji niedzieli i \u015bwi\u0105t, a tak\u017ce zasadzie dopuszczalno\u015bci pracy w tych dniach oraz wyj\u0105tkach od niej. Om\u00f3wione zosta\u0142y r\u00f3wnie\u017c prawa i obowi\u0105zki stron stosunk\u00f3w zatrudnienia z tym zwi\u0105zane (w tym zasady rekompensaty pracy niedzielno-\u015bwi\u0105tecznej) oraz zasady odpowiedzialno\u015bci za naruszenie norm reguluj\u0105cych prac\u0119 w niedziele i \u015bwi\u0119ta. Na tej podstawie autor formu\u0142uje wnioski dotycz\u0105ce oceny poszczeg\u00f3lnych rozwi\u0105za\u0144 oraz postulaty de lege ferenda.<\/p>\n<p>Czytelnik\u00f3w szczeg\u00f3lnie zainteresuj\u0105:<br \/>\n\u2022 dog\u0142\u0119bna wyk\u0142adnia i analiza stosowania omawianych przepis\u00f3w z punktu widzenia zar\u00f3wno zatrudniaj\u0105cego, jak i zatrudnianego;<br \/>\n\u2022 rozwa\u017cania dotycz\u0105ce praktycznego kszta\u0142towania rozk\u0142adu czasu pracy;<br \/>\n\u2022 odpowiedzi na ewentualne pytania, kt\u00f3re mog\u0105 si\u0119 pojawi\u0107 w codziennej pracy;<br \/>\n\u2022 praktyczne przyk\u0142ady zastosowania przepis\u00f3w w sytuacjach hipotetycznych.<\/p>\n<p>Ksi\u0105\u017cka jest przeznaczona dla s\u0119dzi\u00f3w, radc\u00f3w prawnych, adwokat\u00f3w, pracownik\u00f3w Pa\u0144stwowej Inspekcji Pracy, przedstawicieli zwi\u0105zk\u00f3w zawodowych, pracownik\u00f3w dzia\u0142\u00f3w HR, pracodawc\u00f3w oraz przedstawicieli nauki prawa zajmuj\u0105cych si\u0119 omawian\u0105 tematyk\u0105.<\/p>\n","protected":false},"excerpt":{"rendered":"<p>Autor: Jakub Rumian Wydawca: Wolters Kluwer Oprawa: Twarda Liczba stron: [&hellip;]<\/p>\n","protected":false},"featured_media":18130,"template":"","meta":[],"product_brand":[],"product_cat":[18,7550],"product_tag":[793],"class_list":{"0":"post-18129","1":"product","2":"type-product","3":"status-publish","4":"has-post-thumbnail","6":"product_cat-prawo","7":"product_cat-prawo-pracy","8":"product_tag-prawo-pracy","10":"first","11":"instock","12":"sale","13":"shipping-taxable","14":"purchasable","15":"product-type-simple"},"_links":{"self":[{"href":"https:\/\/ksiegarnia-akademicka.pl\/index.php\/wp-json\/wp\/v2\/product\/18129","targetHints":{"allow":["GET"]}}],"collection":[{"href":"https:\/\/ksiegarnia-akademicka.pl\/index.php\/wp-json\/wp\/v2\/product"}],"about":[{"href":"https:\/\/ksiegarnia-akademicka.pl\/index.php\/wp-json\/wp\/v2\/types\/product"}],"wp:featuredmedia":[{"embeddable":true,"href":"https:\/\/ksiegarnia-akademicka.pl\/index.php\/wp-json\/wp\/v2\/media\/18130"}],"wp:attachment":[{"href":"https:\/\/ksiegarnia-akademicka.pl\/index.php\/wp-json\/wp\/v2\/media?parent=18129"}],"wp:term":[{"taxonomy":"product_brand","embeddable":true,"href":"https:\/\/ksiegarnia-akademicka.pl\/index.php\/wp-json\/wp\/v2\/product_brand?post=18129"},{"taxonomy":"product_cat","embeddable":true,"href":"https:\/\/ksiegarnia-akademicka.pl\/index.php\/wp-json\/wp\/v2\/product_cat?post=18129"},{"taxonomy":"product_tag","embeddable":true,"href":"https:\/\/ksiegarnia-akademicka.pl\/index.php\/wp-json\/wp\/v2\/product_tag?post=18129"}],"curies":[{"name":"wp","href":"https:\/\/api.w.org\/{rel}","templated":true}]}}