{"id":18116,"date":"2024-05-06T10:22:10","date_gmt":"2024-05-06T08:22:10","guid":{"rendered":"http:\/\/ksiegarnia-akademicka.pl\/?post_type=product&#038;p=18116"},"modified":"2024-05-06T10:22:10","modified_gmt":"2024-05-06T08:22:10","slug":"wlasnosc-intelektualna-w-ksztaltowaniu-strategii-przedsiebiorstwa","status":"publish","type":"product","link":"https:\/\/ksiegarnia-akademicka.pl\/index.php\/product\/wlasnosc-intelektualna-w-ksztaltowaniu-strategii-przedsiebiorstwa\/","title":{"rendered":"W\u0142asno\u015b\u0107 intelektualna w kszta\u0142towaniu strategii przedsi\u0119biorstwa"},"content":{"rendered":"<p>Autor:<br \/>\nAldona Ma\u0142gorzata Dere\u0144<br \/>\nWydawca: Difin<br \/>\nOprawa: Mi\u0119kka<br \/>\nFormat: 16.0&#215;23.0cm<br \/>\nLiczba stron: 276<br \/>\nRok wydania: 2024<br \/>\nJ\u0119zyk wydania: polski<\/p>\n<p>Strategiczne zarz\u0105dzanie w\u0142asno\u015bci\u0105 intelektualn\u0105 mo\u017ce by\u0107 dla wielu przedsi\u0119biorstw \u017ar\u00f3d\u0142em trwa\u0142ej przewagi konkurencyjnej. Monografia skupia si\u0119 na problematyce wyboru skutecznych strategii, taktyk oraz dzia\u0142a\u0144 i proces\u00f3w zmierzaj\u0105cych do powstania nowatorskiego rozwi\u0105zania lub nowego produktu, czy pozyskiwania ich na zewn\u0105trz, np. w drodze nabycia licencji b\u0105d\u017a praw wy\u0142\u0105cznych na produkt lub technologi\u0119 ju\u017c istniej\u0105ce na rynku. Autorzy analizuj\u0105 strategi\u0119 w\u0142asno\u015bci intelektualnej jako og\u00f3ln\u0105 strategi\u0119 przedsi\u0119biorstwa, strategi\u0119 biznesu, a tak\u017ce strategi\u0119 funkcjonaln\u0105 sp\u00f3jn\u0105 z innymi strategiami funkcjonalnymi w przedsi\u0119biorstwie.<\/p>\n<p>Ksi\u0105\u017cka jest adresowana do wszystkich zainteresowanych zarz\u0105dzaniem w\u0142asno\u015bci\u0105 intelektualn\u0105 w r\u00f3\u017cnych przedsi\u0119biorstwach. B\u0119dzie to warto\u015bciowa publikacja dla mened\u017cer\u00f3w, zw\u0142aszcza tych, kt\u00f3rzy s\u0105 odpowiedzialni za formu\u0142owanie i wdra\u017canie strategii innowacji opartych na zasobach w\u0142asno\u015bci intelektualnej, oraz dla akademik\u00f3w zajmuj\u0105cych si\u0119 teoretycznymi i praktycznymi zagadnieniami efektywnego wykorzystania zasob\u00f3w intelektualnych w organizacjach.<\/p>\n","protected":false},"excerpt":{"rendered":"<p>Autor: Aldona Ma\u0142gorzata Dere\u0144 Wydawca: Difin Oprawa: Mi\u0119kka Format: 16.0&#215;23.0cm [&hellip;]<\/p>\n","protected":false},"featured_media":18117,"template":"","meta":[],"product_brand":[],"product_cat":[7511,31,30,7515,7513],"product_tag":[4594],"class_list":{"0":"post-18116","1":"product","2":"type-product","3":"status-publish","4":"has-post-thumbnail","6":"product_cat-kierowanie-i-zarzadzanie","7":"product_cat-przedsiebiorstwo","8":"product_cat-zarzadzanie","9":"product_cat-zarzadzanie-przedsiebiorstwem","10":"product_cat-zarzadzanie-zasobami-ludzkimi","11":"product_tag-organizacja-i-zarzadzanie-przedsiebiorstwem","13":"first","14":"instock","15":"sale","16":"shipping-taxable","17":"purchasable","18":"product-type-simple"},"_links":{"self":[{"href":"https:\/\/ksiegarnia-akademicka.pl\/index.php\/wp-json\/wp\/v2\/product\/18116","targetHints":{"allow":["GET"]}}],"collection":[{"href":"https:\/\/ksiegarnia-akademicka.pl\/index.php\/wp-json\/wp\/v2\/product"}],"about":[{"href":"https:\/\/ksiegarnia-akademicka.pl\/index.php\/wp-json\/wp\/v2\/types\/product"}],"wp:featuredmedia":[{"embeddable":true,"href":"https:\/\/ksiegarnia-akademicka.pl\/index.php\/wp-json\/wp\/v2\/media\/18117"}],"wp:attachment":[{"href":"https:\/\/ksiegarnia-akademicka.pl\/index.php\/wp-json\/wp\/v2\/media?parent=18116"}],"wp:term":[{"taxonomy":"product_brand","embeddable":true,"href":"https:\/\/ksiegarnia-akademicka.pl\/index.php\/wp-json\/wp\/v2\/product_brand?post=18116"},{"taxonomy":"product_cat","embeddable":true,"href":"https:\/\/ksiegarnia-akademicka.pl\/index.php\/wp-json\/wp\/v2\/product_cat?post=18116"},{"taxonomy":"product_tag","embeddable":true,"href":"https:\/\/ksiegarnia-akademicka.pl\/index.php\/wp-json\/wp\/v2\/product_tag?post=18116"}],"curies":[{"name":"wp","href":"https:\/\/api.w.org\/{rel}","templated":true}]}}